{"id":102,"date":"2025-07-09T14:21:05","date_gmt":"2025-07-09T12:21:05","guid":{"rendered":"https:\/\/cus.slupno.eu\/web\/?page_id=102"},"modified":"2025-07-09T14:21:51","modified_gmt":"2025-07-09T12:21:51","slug":"epuap","status":"publish","type":"page","link":"https:\/\/cus.slupno.eu\/www\/epuap\/","title":{"rendered":"ePUAP"},"content":{"rendered":"\n<p>ePUAP to skr\u00f3t nazwy&nbsp;<strong>E<\/strong>lektroniczna <strong>P<\/strong>latforma <strong>U<\/strong>s\u0142ug <strong>A<\/strong>dministracji <strong>P<\/strong>ublicznej. Dzi\u0119ki ePUAP za\u0142atwisz wiele spraw w r\u00f3\u017cnych urz\u0119dach bez wychodzenia z domu \u2014&nbsp;przez internet, w wybranym przez siebie czasie i w dowolnym miejscu.<\/p>\n\n\n\n<p><strong>Aby skorzysta\u0107 z Elektronicznej Skrzynki Podawczej, trzeba dokona\u0107 rejestracji i logowania na platformie <\/strong><a href=\"http:\/\/www.epuap.gov.pl\">www.epuap.gov.pl<\/a><\/p>\n\n\n\n<p><a href=\"https:\/\/epuap.gov.pl\/wps\/portal\/strefa-klienta\/pomoc\/!ut\/p\/a1\/pZDLboMwEEV_hSxYIo8NJmbpojYKqpo-1DR4gww4qQMYJ3Wqql9fo6rL9KHObkZnZu69SKANEka-6p10ejSyn3qRVsDYcsFzKCC_IsATuOA36wzDinqgnIAzxeGn_SckkGiMs-4ZlcqepCUh2D6EF3dUWxl0vVbGycqOw9iEoI2fn7pmrwId2LE9qubd6E5PV2yjW1QShXENCqKE0CxKasqimmzbCKsE1zKd0zpWn1-_EQbpF3DeWOmdzyuSkeUiY3AN9DIBflfwHN-uPBCjhz-KKn6Rtd4fDoL7xEbj1JtDm39EZofHgcXpPYOY9rvZ7ANKFz_v\/?1dmy&amp;current=true&amp;urile=wcm%3apath%3a%2Fepuap2%2FPL%2FStrefa%2BKlienta_Pomoc%2FInstrukcje%2Bi%2Bpodreczniki%2F\">Instrukcje i podr\u0119czniki<\/a><\/p>\n\n\n\n<p><strong>Adres skrzynki ePUAP dla Centrum Us\u0142ug Spo\u0142ecznych w S\u0142upnie:<\/strong><\/p>\n\n\n\n<p>\/GOPSSlupno\/skrytka<\/p>\n\n\n\n<p><br>Poni\u017cej przedstawiamy najwa\u017cniejsze <strong>funkcje skrzynki podawczej<\/strong> oferowanej na ePUAP:<\/p>\n\n\n\n<ul class=\"wp-block-list\">\n<li>generowanie Urz\u0119dowego Po\u015bwiadczenie Odbioru (zgodnego z przepisami prawa),<\/li>\n\n\n\n<li>archiwizowanie Urz\u0119dowego Po\u015bwiadczenia Odbioru,<\/li>\n\n\n\n<li>udost\u0119pnianie us\u0142ugobiorcy (osoby sk\u0142adaj\u0105cej dokument w skrzynce)wgl\u0105du przez Internet (przegl\u0105darka internetowa),<\/li>\n\n\n\n<li>przyjmowanie dokument\u00f3w zgodnie z okre\u015blonym, przez instytucj\u0119 publiczn\u0105, b\u0119d\u0105c\u0105 w\u0142a\u015bcicielem skrzynki, wzorem dokumentu,<\/li>\n\n\n\n<li>formularz do wype\u0142nienia standardowego wzoru dokumentu,<\/li>\n\n\n\n<li>skonfigurowanie przez instytucj\u0119 publiczn\u0105 w\u0142asnego, dedykowanego formularza do wype\u0142niania w\u0142asnego dokumentu,<\/li>\n\n\n\n<li>przekazanie gotowego dokumentu w postaci XML,<\/li>\n\n\n\n<li>obs\u0142uga przez instytucj\u0119 publiczn\u0105 skrzynki podawczej przy u\u017cyciu przegl\u0105darki WWW (przegl\u0105danie i pobieranie dokument\u00f3w),<\/li>\n\n\n\n<li>automatyczne przekazywanie dokument\u00f3w z ePUAP do system\u00f3w instytucji publicznej za po\u015brednictwem Web Services (dzia\u0142anie w trybie synchronicznym wymaga od instytucji publicznej zapewnienia wysokiej dost\u0119pno\u015bci w\u0142asnych system\u00f3w),<\/li>\n\n\n\n<li>bezpieczne po\u0142\u0105czenie z u\u017cytkownikiem (HTTPS).<\/li>\n<\/ul>\n\n\n\n<p>Wi\u0119cej inormacji:<\/p>\n\n\n\n<p><a href=\"https:\/\/obywatel.gov.pl\/czym-jest-epuap\">https:\/\/obywatel.gov.pl\/czym-jest-epuap<\/a><\/p>\n\n\n\n<p><a href=\"https:\/\/epuap.gov.pl\/wps\/portal\/strefa-klienta\/pomoc\">https:\/\/epuap.gov.pl\/wps\/portal\/strefa-klienta\/pomoc<\/a><\/p>\n","protected":false},"excerpt":{"rendered":"<p>ePUAP to skr\u00f3t nazwy&nbsp;Elektroniczna Platforma Us\u0142ug Administracji Publicznej. Dzi\u0119ki ePUAP za\u0142atwisz wiele spraw w r\u00f3\u017cnych urz\u0119dach bez wychodzenia z domu \u2014&nbsp;przez internet, w wybranym przez siebie czasie i w dowolnym miejscu. Aby skorzysta\u0107 z Elektronicznej Skrzynki Podawczej, trzeba dokona\u0107 rejestracji i logowania na platformie www.epuap.gov.pl Instrukcje i podr\u0119czniki Adres skrzynki ePUAP dla Centrum Us\u0142ug Spo\u0142ecznych [&hellip;]<\/p>\n","protected":false},"author":2,"featured_media":0,"parent":0,"menu_order":0,"comment_status":"closed","ping_status":"closed","template":"","meta":{"footnotes":""},"class_list":["post-102","page","type-page","status-publish","hentry"],"_links":{"self":[{"href":"https:\/\/cus.slupno.eu\/www\/wp-json\/wp\/v2\/pages\/102","targetHints":{"allow":["GET"]}}],"collection":[{"href":"https:\/\/cus.slupno.eu\/www\/wp-json\/wp\/v2\/pages"}],"about":[{"href":"https:\/\/cus.slupno.eu\/www\/wp-json\/wp\/v2\/types\/page"}],"author":[{"embeddable":true,"href":"https:\/\/cus.slupno.eu\/www\/wp-json\/wp\/v2\/users\/2"}],"replies":[{"embeddable":true,"href":"https:\/\/cus.slupno.eu\/www\/wp-json\/wp\/v2\/comments?post=102"}],"version-history":[{"count":2,"href":"https:\/\/cus.slupno.eu\/www\/wp-json\/wp\/v2\/pages\/102\/revisions"}],"predecessor-version":[{"id":104,"href":"https:\/\/cus.slupno.eu\/www\/wp-json\/wp\/v2\/pages\/102\/revisions\/104"}],"wp:attachment":[{"href":"https:\/\/cus.slupno.eu\/www\/wp-json\/wp\/v2\/media?parent=102"}],"curies":[{"name":"wp","href":"https:\/\/api.w.org\/{rel}","templated":true}]}}