{"id":256,"date":"2025-07-28T13:26:50","date_gmt":"2025-07-28T11:26:50","guid":{"rendered":"https:\/\/cus.slupno.eu\/www\/?page_id=256"},"modified":"2025-07-28T13:26:50","modified_gmt":"2025-07-28T11:26:50","slug":"swiadczenia-rodzicielskie","status":"publish","type":"page","link":"https:\/\/cus.slupno.eu\/www\/swiadczenia-rodzicielskie\/","title":{"rendered":"\u015awiadczenia rodzicielskie"},"content":{"rendered":"\n<p><strong>\u015awiadczenie rodzicielskie przys\u0142uguje w wysoko\u015bci 1000 z\u0142:<\/strong><\/p>\n\n\n\n<ol class=\"wp-block-list\">\n<li>matce albo ojcu dziecka*<\/li>\n\n\n\n<li>opiekunowi faktycznemu dziecka (tj. osobie faktycznie opiekuj\u0105cej si\u0119 dzieckiem, je\u017celi wyst\u0105pi\u0142a z wnioskiem do s\u0105du rodzinnego o przysposobienie dziecka) w przypadku obj\u0119cia opiek\u0105 dziecka w wieku do uko\u0144czenia 7. roku \u017cycia,\u00a0 a w przypadku dziecka, wobec kt\u00f3rego podj\u0119to decyzj\u0119 o odroczeniu obowi\u0105zku szkolnego &#8211; do uko\u0144czenia 10. roku \u017cycia;<\/li>\n\n\n\n<li>rodzinie zast\u0119pczej, z wyj\u0105tkiem rodziny zast\u0119pczej zawodowej, w przypadku obj\u0119cia opiek\u0105 dziecka w wieku do uko\u0144czenia 7. roku \u017cycia, a w przypadku dziecka, wobec kt\u00f3rego podj\u0119to decyzj\u0119 o odroczeniu obowi\u0105zku szkolnego &#8211; \u00a0do uko\u0144czenia 10. roku \u017cycia;<\/li>\n\n\n\n<li>osobie, kt\u00f3ra przysposobi\u0142a dziecko, w przypadku obj\u0119cia opiek\u0105 dziecka w wieku do uko\u0144czenia 7. roku \u017cycia, a w przypadku dziecka, wobec kt\u00f3rego podj\u0119to decyzj\u0119 o odroczeniu obowi\u0105zku szkolnego &#8211; do uko\u0144czenia 10. roku \u017cycia.<\/li>\n<\/ol>\n\n\n\n<p>* \u015awiadczenie rodzicielskie przys\u0142uguje ojcu dziecka w przypadku:<\/p>\n\n\n\n<ol class=\"wp-block-list\">\n<li>skr\u00f3cenia na wniosek matki dziecka okresu pobierania \u015bwiadczenia rodzicielskiego, zasi\u0142ku macierzy\u0144skiego lub uposa\u017cenia za okres ustalony przepisami Kodeksu pracy jako okres urlopu macierzy\u0144skiego , okres urlopu na warunkach urlopu macierzy\u0144skiego lub okres urlopu rodzicielskiego, po wykorzystaniu przez ni\u0105 tego \u015bwiadczenia, zasi\u0142ku lub uposa\u017cenia za okres co najmniej 14 tygodni od dnia urodzenia dziecka;<\/li>\n\n\n\n<li>\u015bmierci matki dziecka;<\/li>\n\n\n\n<li>porzucenia dziecka przez matk\u0119.<\/li>\n<\/ol>\n\n\n\n<p>\u015awiadczenie rodzicielskie przys\u0142uguje od dnia:<\/p>\n\n\n\n<ul class=\"wp-block-list\">\n<li>porodu<\/li>\n<\/ul>\n\n\n\n<p>\u015awiadczenie rodzicielskie przys\u0142uguje przez okres:<\/p>\n\n\n\n<ul class=\"wp-block-list\">\n<li>52 tygodni &#8211; w przypadku urodzenia jednego dziecka przy jednym porodzie,\u00a0 przysposobienia jednego dziecka lub obj\u0119cia opiek\u0105 jednego dziecka;<\/li>\n\n\n\n<li>65 tygodni &#8211; w przypadku urodzenia dwojga dzieci przy jednym porodzie,\u00a0 przysposobienia dwojga dzieci lub obj\u0119cia opiek\u0105 dwojga dzieci;<\/li>\n\n\n\n<li>67 tygodni &#8211; w przypadku urodzenia trojga dzieci przy jednym porodzie, przysposobienia trojga dzieci lub obj\u0119cia opiek\u0105 trojga dzieci;<\/li>\n\n\n\n<li>69 tygodni &#8211; w przypadku urodzenia czworga dzieci przy jednym porodzie,\u00a0 przysposobienia czworga dzieci lub obj\u0119cia opiek\u0105 czworga dzieci;<\/li>\n\n\n\n<li>71 tygodni &#8211; w przypadku urodzenia pi\u0119ciorga i wi\u0119cej dzieci przy jednym porodzie,\u00a0 przysposobienia pi\u0119ciorga i wi\u0119cej dzieci lub obj\u0119cia opiek\u0105 pi\u0119ciorga i wi\u0119cej dzieci.<\/li>\n<\/ul>\n\n\n\n<p>\u015awiadczenie rodzicielskie w wysoko\u015bci 1000 z\u0142 miesi\u0119cznie nie jest uzale\u017cnione&nbsp; od kryterium dochodowego (jest to kwota netto, gdy\u017c \u015bwiadczenie rodzicielskie nie podlega opodatkowaniu, ani innym obci\u0105\u017ceniom).<\/p>\n\n\n\n<p>Kwot\u0119 \u015bwiadczenia rodzicielskiego przys\u0142uguj\u0105c\u0105 za niepe\u0142ny miesi\u0105c ustala si\u0119, dziel\u0105c kwot\u0119 \u015bwiadczenia przez liczb\u0119 wszystkich dni kalendarzowych w tym miesi\u0105cu, a otrzyman\u0105 kwot\u0119 mno\u017cy si\u0119 przez liczb\u0119 dni kalendarzowych, za kt\u00f3re \u015bwiadczenie przys\u0142uguje. Kwot\u0119 \u015bwiadczenia przys\u0142uguj\u0105c\u0105 za niepe\u0142ny miesi\u0105c zaokr\u0105gla si\u0119 do 10 groszy w g\u00f3r\u0119.<\/p>\n\n\n\n<p>Osobie uprawnionej do \u015bwiadczenia rodzicielskiego przys\u0142uguje:<\/p>\n\n\n\n<ul class=\"wp-block-list\">\n<li>w tym samym czasie jedno \u015bwiadczenie rodzicielskie bez wzgl\u0119du na liczb\u0119 wychowywanych dzieci;<\/li>\n\n\n\n<li>jedno \u015bwiadczenie rodzicielskie w zwi\u0105zku z wychowywaniem tego samego dziecka.<\/li>\n<\/ul>\n\n\n\n<p>\u015awiadczenie rodzicielskie nie przys\u0142uguje, je\u017celi:<\/p>\n\n\n\n<ul class=\"wp-block-list\">\n<li>co najmniej jeden z rodzic\u00f3w dziecka lub opiekun faktyczny dziecka (tj. osoba faktycznie opiekuj\u0105ca si\u0119 dzieckiem, je\u017celi wyst\u0105pi\u0142a z wnioskiem do s\u0105du rodzinnego o przysposobienie dziecka), lub rodzina zast\u0119pcza, z wyj\u0105tkiem rodziny zast\u0119pczej zawodowej, otrzymuj\u0105 zasi\u0142ek macierzy\u0144ski lub uposa\u017cenie za okres ustalony przepisami Kodeksu pracy jako okres urlopu macierzy\u0144skiego, okres urlopu na warunkach urlopu macierzy\u0144skiego lub okres urlopu rodzicielskiego;<\/li>\n\n\n\n<li>dziecko zosta\u0142o umieszczone w pieczy zast\u0119pczej &#8211; w przypadku matki lub ojca lub osoby, kt\u00f3ra przysposobi\u0142a dziecko;<\/li>\n\n\n\n<li>jeden z rodzic\u00f3w dziecka lub opiekun faktyczny dziecka (tj. osoba faktycznie opiekuj\u0105ca si\u0119 dzieckiem, je\u017celi wyst\u0105pi\u0142a z wnioskiem do s\u0105du rodzinnego o przysposobienie dziecka), lub rodzina zast\u0119pcza, z wyj\u0105tkiem rodziny zast\u0119pczej zawodowej, nie sprawuj\u0105 lub zaprzestali sprawowania osobistej opieki nad dzieckiem, w tym w zwi\u0105zku z zatrudnieniem lub wykonywaniem innej pracy zarobkowej, kt\u00f3re uniemo\u017cliwiaj\u0105 sprawowanie tej opieki;<\/li>\n\n\n\n<li>w zwi\u0105zku z wychowywaniem tego samego dziecka lub w zwi\u0105zku z opiek\u0105 nad tym samym dzieckiem jest ju\u017c ustalone prawo do \u015bwiadczenia rodzicielskiego, dodatku do zasi\u0142ku rodzinnego, o kt\u00f3rym mowa w art. 10, \u015bwiadczenia piel\u0119gnacyjnego, specjalnego zasi\u0142ku opieku\u0144czego lub zasi\u0142ku dla opiekuna, o kt\u00f3rym mowa w ustawie z dnia 4 kwietnia 2014 r. o ustaleniu i wyp\u0142acie zasi\u0142k\u00f3w dla opiekun\u00f3w;<\/li>\n\n\n\n<li>osobom uprawnionym do \u015bwiadczenia rodzicielskiego przys\u0142uguje za granic\u0105 \u015bwiadczenie o podobnym charakterze do \u015bwiadczenia rodzicielskiego, chyba \u017ce przepisy o koordynacji system\u00f3w zabezpieczenia spo\u0142ecznego lub dwustronne umowy o zabezpieczeniu spo\u0142ecznym stanowi\u0105 inaczej.<\/li>\n<\/ul>\n\n\n\n<p>W przypadku zbiegu uprawnie\u0144 do nast\u0119puj\u0105cych \u015bwiadcze\u0144:<\/p>\n\n\n\n<ol class=\"wp-block-list\">\n<li>\u015bwiadczenia rodzicielskiego lub<\/li>\n\n\n\n<li>\u015bwiadczenia piel\u0119gnacyjnego, lub<\/li>\n\n\n\n<li>specjalnego zasi\u0142ku opieku\u0144czego, lub<\/li>\n\n\n\n<li>dodatku do zasi\u0142ku rodzinnego z tytu\u0142u opieki nad dzieckiem w okresie korzystania z urlopu wychowawczego, lub<\/li>\n\n\n\n<li>zasi\u0142ku dla opiekuna, o kt\u00f3rym mowa w ustawie z dnia 4 kwietnia 2014 r. o ustaleniu i wyp\u0142acie zasi\u0142k\u00f3w dla opiekun\u00f3w<\/li>\n<\/ol>\n\n\n\n<p>&#8211;&nbsp; przys\u0142uguje jedno z tych \u015bwiadcze\u0144 wybrane przez osob\u0119 uprawnion\u0105.<\/p>\n\n\n\n<p>Prawo do \u015bwiadczenia rodzicielskiego ustala si\u0119, pocz\u0105wszy od miesi\u0105ca urodzenia lub przysposobienia dziecka, a w przypadku opiekuna faktycznego dziecka i rodziny zast\u0119pczej, z wyj\u0105tkiem rodziny zast\u0119pczej zawodowej, os\u00f3b, od miesi\u0105ca obj\u0119cia dziecka opiek\u0105, je\u017celi wniosek o ustalenie prawa do \u015bwiadczenia rodzicielskiego zosta\u0142 z\u0142o\u017cony w terminie 3 miesi\u0119cy, licz\u0105c od dnia urodzenia lub przysposobienia dziecka, a w przypadku os\u00f3b opiekuna faktycznego dziecka i rodziny zast\u0119pczej, z wyj\u0105tkiem rodziny zast\u0119pczej zawodowej, od dnia obj\u0119cia dziecka opiek\u0105.<\/p>\n\n\n\n<p>W przypadku z\u0142o\u017cenia wniosku po terminie, nie p\u00f3\u017aniej jednak ni\u017c w okresie 52 tygodni, w przypadku urodzenia &nbsp;(przysposobienia, obj\u0119cia opiek\u0105) jednego dziecka&nbsp; i odpowiednio d\u0142u\u017cej w przypadku urodzenia (przysposobienia, obj\u0119cia opiek\u0105) wi\u0119cej dzieci, prawo do \u015bwiadczenia rodzicielskiego ustala si\u0119, pocz\u0105wszy od miesi\u0105ca,&nbsp; w kt\u00f3rym wp\u0142yn\u0105\u0142 wniosek.<\/p>\n\n\n\n<p>W przypadku gdy \u015bwiadczenie rodzicielskie przys\u0142uguje ojcu dziecka, termin 3 miesi\u0119cy, jest liczony od dnia skr\u00f3cenia okresu pobierania \u015bwiadczenia rodzicielskiego, \u015bmierci matki dziecka lub porzucenia dziecka przez matk\u0119.<\/p>\n\n\n\n<p>Wz\u00f3r wniosku o ustalenie prawa do \u015bwiadczenia rodzicielskiego jest dost\u0119pny na stronie <a href=\"https:\/\/www.gov.pl\/web\/rodzina\/viii-wiadczenie-rodzicielskie111\">Biuletynu Informacji Publicznej<\/a> Ministerstwa Rodziny, Pracy i Polityki Spo\u0142ecznej.<\/p>\n","protected":false},"excerpt":{"rendered":"<p>\u015awiadczenie rodzicielskie przys\u0142uguje w wysoko\u015bci 1000 z\u0142: * \u015awiadczenie rodzicielskie przys\u0142uguje ojcu dziecka w przypadku: \u015awiadczenie rodzicielskie przys\u0142uguje od dnia: \u015awiadczenie rodzicielskie przys\u0142uguje przez okres: \u015awiadczenie rodzicielskie w wysoko\u015bci 1000 z\u0142 miesi\u0119cznie nie jest uzale\u017cnione&nbsp; od kryterium dochodowego (jest to kwota netto, gdy\u017c \u015bwiadczenie rodzicielskie nie podlega opodatkowaniu, ani innym obci\u0105\u017ceniom). Kwot\u0119 \u015bwiadczenia rodzicielskiego przys\u0142uguj\u0105c\u0105 [&hellip;]<\/p>\n","protected":false},"author":1,"featured_media":0,"parent":0,"menu_order":0,"comment_status":"closed","ping_status":"closed","template":"","meta":{"footnotes":""},"class_list":["post-256","page","type-page","status-publish","hentry"],"_links":{"self":[{"href":"https:\/\/cus.slupno.eu\/www\/wp-json\/wp\/v2\/pages\/256","targetHints":{"allow":["GET"]}}],"collection":[{"href":"https:\/\/cus.slupno.eu\/www\/wp-json\/wp\/v2\/pages"}],"about":[{"href":"https:\/\/cus.slupno.eu\/www\/wp-json\/wp\/v2\/types\/page"}],"author":[{"embeddable":true,"href":"https:\/\/cus.slupno.eu\/www\/wp-json\/wp\/v2\/users\/1"}],"replies":[{"embeddable":true,"href":"https:\/\/cus.slupno.eu\/www\/wp-json\/wp\/v2\/comments?post=256"}],"version-history":[{"count":1,"href":"https:\/\/cus.slupno.eu\/www\/wp-json\/wp\/v2\/pages\/256\/revisions"}],"predecessor-version":[{"id":257,"href":"https:\/\/cus.slupno.eu\/www\/wp-json\/wp\/v2\/pages\/256\/revisions\/257"}],"wp:attachment":[{"href":"https:\/\/cus.slupno.eu\/www\/wp-json\/wp\/v2\/media?parent=256"}],"curies":[{"name":"wp","href":"https:\/\/api.w.org\/{rel}","templated":true}]}}