{"id":262,"date":"2025-07-28T13:28:33","date_gmt":"2025-07-28T11:28:33","guid":{"rendered":"https:\/\/cus.slupno.eu\/www\/?page_id=262"},"modified":"2025-07-28T13:28:33","modified_gmt":"2025-07-28T11:28:33","slug":"zasilek-pielegnacyjny","status":"publish","type":"page","link":"https:\/\/cus.slupno.eu\/www\/zasilek-pielegnacyjny\/","title":{"rendered":"Zasi\u0142ek piel\u0119gnacyjny"},"content":{"rendered":"\n<p><strong>Zasi\u0142ek piel\u0119gnacyjny<\/strong><\/p>\n\n\n\n<p>Wysoko\u015b\u0107 zasi\u0142ku piel\u0119gnacyjnego od 1 listopada 2019 r. wynosi <strong>215,84<\/strong> z\u0142 miesi\u0119cznie.<\/p>\n\n\n\n<p>Zasi\u0142ek piel\u0119gnacyjny przyznaje si\u0119 w celu cz\u0119\u015bciowego pokrycia wydatk\u00f3w wynikaj\u0105cych z konieczno\u015bci zapewnienia opieki i pomocy innej osoby w zwi\u0105zku z niezdolno\u015bci\u0105 do samodzielnej egzystencji.<\/p>\n\n\n\n<p><strong>Zasi\u0142ek piel\u0119gnacyjny przys\u0142uguje:<\/strong><\/p>\n\n\n\n<p>&#8211; niepe\u0142nosprawnemu dziecku;<\/p>\n\n\n\n<p>&#8211; osobie niepe\u0142nosprawnej w wieku powy\u017cej 16 roku \u017cycia, je\u017celi legitymuje si\u0119 orzeczeniem o znacznym stopniu niepe\u0142nosprawno\u015bci;<\/p>\n\n\n\n<p>&#8211; osobie niepe\u0142nosprawnej w wieku powy\u017cej 16 roku \u017cycia legitymuj\u0105cej si\u0119 orzeczeniem o umiarkowanym stopniu niepe\u0142nosprawno\u015bci, je\u017celi niepe\u0142nosprawno\u015b\u0107 powsta\u0142a w wieku do uko\u0144czenia 21 roku \u017cycia;<\/p>\n\n\n\n<p>&#8211; osobie, kt\u00f3ra uko\u0144czy\u0142a 75 lat.<\/p>\n\n\n\n<p><strong>Zasi\u0142ek piel\u0119gnacyjny nie przys\u0142uguje:<\/strong><br>&#8211; osobie uprawnionej do dodatku piel\u0119gnacyjnego;<br>&#8211; osobie umieszczonej w instytucji zapewniaj\u0105cej nieodp\u0142atnie ca\u0142odobowe utrzymanie;<br>&#8211; je\u017celi cz\u0142onkowi rodziny przys\u0142uguje za granic\u0105 \u015bwiadczenie na pokrycie wydatk\u00f3w zwi\u0105zanych z piel\u0119gnacj\u0105 tej osoby, chyba \u017ce przepisy o koordynacji system\u00f3w zabezpieczenia spo\u0142ecznego lub dwustronne umowy o zabezpieczeniu spo\u0142ecznym stanowi\u0105 inaczej.<\/p>\n\n\n\n<p>&nbsp;Prawo do zasi\u0142ku piel\u0119gnacyjnego ustala si\u0119 na czas nieokre\u015blony, chyba \u017ce orzeczenie o niepe\u0142nosprawno\u015bci lub orzeczenie o stopniu niepe\u0142nosprawno\u015bci zosta\u0142o wydane na czas okre\u015blony. W przypadku wydania orzeczenia o niepe\u0142nosprawno\u015bci lub orzeczenia o stopniu niepe\u0142nosprawno\u015bci na czas okre\u015blony, prawo do zasi\u0142ku piel\u0119gnacyjnego ustala si\u0119 do ostatniego dnia miesi\u0105ca, w kt\u00f3rym up\u0142ywa termin wa\u017cno\u015bci orzeczenia.<\/p>\n","protected":false},"excerpt":{"rendered":"<p>Zasi\u0142ek piel\u0119gnacyjny Wysoko\u015b\u0107 zasi\u0142ku piel\u0119gnacyjnego od 1 listopada 2019 r. wynosi 215,84 z\u0142 miesi\u0119cznie. Zasi\u0142ek piel\u0119gnacyjny przyznaje si\u0119 w celu cz\u0119\u015bciowego pokrycia wydatk\u00f3w wynikaj\u0105cych z konieczno\u015bci zapewnienia opieki i pomocy innej osoby w zwi\u0105zku z niezdolno\u015bci\u0105 do samodzielnej egzystencji. Zasi\u0142ek piel\u0119gnacyjny przys\u0142uguje: &#8211; niepe\u0142nosprawnemu dziecku; &#8211; osobie niepe\u0142nosprawnej w wieku powy\u017cej 16 roku \u017cycia, je\u017celi [&hellip;]<\/p>\n","protected":false},"author":1,"featured_media":0,"parent":0,"menu_order":0,"comment_status":"closed","ping_status":"closed","template":"","meta":{"footnotes":""},"class_list":["post-262","page","type-page","status-publish","hentry"],"_links":{"self":[{"href":"https:\/\/cus.slupno.eu\/www\/wp-json\/wp\/v2\/pages\/262","targetHints":{"allow":["GET"]}}],"collection":[{"href":"https:\/\/cus.slupno.eu\/www\/wp-json\/wp\/v2\/pages"}],"about":[{"href":"https:\/\/cus.slupno.eu\/www\/wp-json\/wp\/v2\/types\/page"}],"author":[{"embeddable":true,"href":"https:\/\/cus.slupno.eu\/www\/wp-json\/wp\/v2\/users\/1"}],"replies":[{"embeddable":true,"href":"https:\/\/cus.slupno.eu\/www\/wp-json\/wp\/v2\/comments?post=262"}],"version-history":[{"count":1,"href":"https:\/\/cus.slupno.eu\/www\/wp-json\/wp\/v2\/pages\/262\/revisions"}],"predecessor-version":[{"id":263,"href":"https:\/\/cus.slupno.eu\/www\/wp-json\/wp\/v2\/pages\/262\/revisions\/263"}],"wp:attachment":[{"href":"https:\/\/cus.slupno.eu\/www\/wp-json\/wp\/v2\/media?parent=262"}],"curies":[{"name":"wp","href":"https:\/\/api.w.org\/{rel}","templated":true}]}}