{"id":264,"date":"2025-07-28T13:29:10","date_gmt":"2025-07-28T11:29:10","guid":{"rendered":"https:\/\/cus.slupno.eu\/www\/?page_id=264"},"modified":"2025-07-28T13:29:10","modified_gmt":"2025-07-28T11:29:10","slug":"swiadczenie-pielegnacyjne","status":"publish","type":"page","link":"https:\/\/cus.slupno.eu\/www\/swiadczenie-pielegnacyjne\/","title":{"rendered":"\u015awiadczenie piel\u0119gnacyjne"},"content":{"rendered":"\n<p><strong>\u015awiadczenie piel\u0119gnacyjne<\/strong><\/p>\n\n\n\n<p>\u015awiadczenie piel\u0119gnacyjne od 1 stycznia 2021 r. wynosi <strong>1971 z\u0142<\/strong> miesi\u0119cznie.<\/p>\n\n\n\n<p>\u015awiadczenie piel\u0119gnacyjne z tytu\u0142u rezygnacji z zatrudnienia lub innej pracy zarobkowej, przys\u0142uguje:<br>1) matce albo ojcu,<br>2) opiekunowi faktycznemu dziecka,<br>3) osobie b\u0119d\u0105cej rodzin\u0105 zast\u0119pcz\u0105 spokrewnion\u0105, w rozumieniu ustawy z dnia 9 czerwca 2011 r. o wspieraniu rodziny i systemie pieczy zast\u0119pczej,<br>4) innym osobom, na kt\u00f3rych zgodnie z przepisami ustawy z dnia 25 lutego 1964 r. \u2013 Kodeks rodzinny i opieku\u0144czy ci\u0105\u017cy obowi\u0105zek alimentacyjny, z wyj\u0105tkiem os\u00f3b o znacznym stopniu niepe\u0142nosprawno\u015bci<br>\u2013 je\u017celi nie podejmuj\u0105 lub rezygnuj\u0105 z zatrudnienia lub innej pracy zarobkowej w celu sprawowania opieki nad osob\u0105 legitymuj\u0105c\u0105 si\u0119 orzeczeniem o niepe\u0142nosprawno\u015bci \u0142\u0105cznie ze wskazaniami: konieczno\u015bci sta\u0142ej lub d\u0142ugotrwa\u0142ej opieki lub pomocy innej osoby w zwi\u0105zku ze&nbsp; znacznie ograniczon\u0105 mo\u017cliwo\u015bci\u0105 samodzielnej egzystencji oraz konieczno\u015bci sta\u0142ego wsp\u00f3\u0142udzia\u0142u na co dzie\u0144 opiekuna dziecka w procesie jego leczenia, rehabilitacji i edukacji, albo osob\u0105 legitymuj\u0105c\u0105 si\u0119 orzeczeniem o znacznym stopniu niepe\u0142nosprawno\u015bci.<\/p>\n\n\n\n<p>Zarejestrowanie w powiatowym urz\u0119dzie pracy jako osoba poszukuj\u0105ca pracy lub posiadanie statusu bezrobotnego nie ma wp\u0142ywu na uprawnienie do \u015bwiadczenia piel\u0119gnacyjnego.<\/p>\n\n\n\n<p>Osobom, o kt\u00f3rych mowa w pkt 4, innym ni\u017c spokrewnione w pierwszym stopniu z osob\u0105 wymagaj\u0105c\u0105 opieki, \u015bwiadczenie piel\u0119gnacyjne przys\u0142uguje, w przypadku gdy spe\u0142nione s\u0105 \u0142\u0105cznie nast\u0119puj\u0105ce warunki:<\/p>\n\n\n\n<p>1) rodzice osoby wymagaj\u0105cej opieki nie \u017cyj\u0105, zostali pozbawieni praw rodzicielskich, s\u0105 ma\u0142oletni lub legitymuj\u0105 si\u0119 orzeczeniem o znacznym&nbsp; stopniu niepe\u0142nosprawno\u015bci;<br>2) nie ma innych os\u00f3b spokrewnionych w pierwszym stopniu, s\u0105 ma\u0142oletnie lub legitymuj\u0105 si\u0119 orzeczeniem o znacznym stopniu niepe\u0142nosprawno\u015bci;<\/p>\n\n\n\n<p>3) nie ma os\u00f3b, o kt\u00f3rych mowa w pkt 2 i 3, lub legitymuj\u0105 si\u0119 orzeczeniem o znacznym stopniu niepe\u0142nosprawno\u015bci.<br><br>\u015awiadczenie piel\u0119gnacyjne przys\u0142uguje, je\u017celi niepe\u0142nosprawno\u015b\u0107 osoby wymagaj\u0105cej opieki powsta\u0142a:<br>1)&nbsp;&nbsp; nie p\u00f3\u017aniej ni\u017c do uko\u0144czenia 18. roku \u017cycia lub<br>2)&nbsp;&nbsp; w trakcie nauki w szkole lub w szkole wy\u017cszej, jednak nie p\u00f3\u017aniej ni\u017c do uko\u0144czenia 25. roku \u017cycia.<\/p>\n\n\n\n<p><br><strong>\u015awiadczenie piel\u0119gnacyjne nie przys\u0142uguje, je\u017celi:<\/strong><\/p>\n\n\n\n<p>1)&nbsp;&nbsp; osoba sprawuj\u0105ca opiek\u0119:<br>a)&nbsp; ma ustalone prawo do emerytury, renty, renty rodzinnej z tytu\u0142u \u015bmierci ma\u0142\u017conka przyznanej w przypadku zbiegu prawa do renty rodzinnej i innego \u015bwiadczenia emerytalno-rentowego, renty socjalnej, zasi\u0142ku sta\u0142ego, nauczycielskiego \u015bwiadczenia kompensacyjnego, zasi\u0142ku przedemerytalnego lub \u015bwiadczenia przedemerytalnego lub rodzicielskiego \u015bwiadczenia uzupe\u0142niaj\u0105cego, o kt\u00f3rym mowa w ustawie z dnia 31 stycznia 2019 r. o rodzicielskim \u015bwiadczeniu uzupe\u0142niaj\u0105cym,<br>b)&nbsp; ma ustalone prawo do specjalnego zasi\u0142ku opieku\u0144czego, \u015bwiadczenia piel\u0119gnacyjnego lub zasi\u0142ku dla opiekuna, o kt\u00f3rym mowa w ustawie z dnia 4 kwietnia 2014 r. o ustaleniu i wyp\u0142acie zasi\u0142k\u00f3w dla opiekun\u00f3w;<br>2)&nbsp;&nbsp; osoba wymagaj\u0105ca opieki:<br>a)&nbsp; pozostaje w zwi\u0105zku ma\u0142\u017ce\u0144skim, chyba \u017ce wsp\u00f3\u0142ma\u0142\u017conek legitymuje si\u0119 orzeczeniem o znacznym stopniu niepe\u0142nosprawno\u015bci,<br>b)&nbsp; zosta\u0142a umieszczona w rodzinie zast\u0119pczej, z wyj\u0105tkiem rodziny zast\u0119pczej spokrewnionej, rodzinnym domu dziecka albo, w zwi\u0105zku z konieczno\u015bci\u0105 kszta\u0142cenia, rewalidacji lub rehabilitacji, w plac\u00f3wce zapewniaj\u0105cej ca\u0142odobow\u0105 opiek\u0119, w tym w specjalnym o\u015brodku szkolno-wychowawczym, z wyj\u0105tkiem podmiotu wykonuj\u0105cego dzia\u0142alno\u015b\u0107 lecznicz\u0105, i korzysta w niej z ca\u0142odobowej opieki przez wi\u0119cej ni\u017c 5 dni w tygodniu;<br>3)&nbsp;&nbsp; na osob\u0119 wymagaj\u0105c\u0105 opieki inna osoba ma ustalone prawo do wcze\u015bniejszej emerytury;<br>4)&nbsp;&nbsp; na osob\u0119 wymagaj\u0105c\u0105 opieki jest ustalone prawo do dodatku do zasi\u0142ku rodzinnego, o kt\u00f3rym mowa w art. 10, prawo do specjalnego zasi\u0142ku opieku\u0144czego, prawo do \u015bwiadczenia piel\u0119gnacyjnego lub prawo do zasi\u0142ku dla opiekuna, o kt\u00f3rym mowa w ustawie z dnia 4 kwietnia 2014 r. o ustaleniu i wyp\u0142acie zasi\u0142k\u00f3w dla opiekun\u00f3w;<br>6)&nbsp;&nbsp; na osob\u0119 wymagaj\u0105c\u0105 opieki inna osoba jest uprawniona za granic\u0105 do \u015bwiadczenia na pokrycie wydatk\u00f3w zwi\u0105zanych z opiek\u0105, chyba \u017ce przepisy o koordynacji system\u00f3w zabezpieczenia spo\u0142ecznego lub dwustronne umowy o zabezpieczeniu spo\u0142ecznym stanowi\u0105 inaczej.<\/p>\n\n\n\n<p><strong>W przypadku zbiegu uprawnie\u0144 do nast\u0119puj\u0105cych \u015bwiadcze\u0144<\/strong>:<\/p>\n\n\n\n<p>1) \u015bwiadczenia rodzicielskiego, lub<\/p>\n\n\n\n<p>2) \u015bwiadczenia piel\u0119gnacyjnego, lub<\/p>\n\n\n\n<p>3) specjalnego zasi\u0142ku opieku\u0144czego, lub<\/p>\n\n\n\n<p>4) dodatku do zasi\u0142ku rodzinnego z tytu\u0142u opieki nad dzieckiem w okresie korzystania z urlopu wychowawczego, lub<\/p>\n\n\n\n<p>5) zasi\u0142ku dla opiekuna, o kt\u00f3rym mowa w ustawie&nbsp;z dnia 4 kwietnia 2014 r. o ustaleniu i wyp\u0142acie zasi\u0142k\u00f3w dla opiekun\u00f3w<\/p>\n\n\n\n<p>&#8211;&nbsp; <strong>przys\u0142uguje jedno z tych \u015bwiadcze\u0144 wybrane przez osob\u0119 uprawnion\u0105<\/strong>.<\/p>\n\n\n\n<p>Przyznanie prawa do \u015bwiadczenia piel\u0119gnacyjnego nie jest uzale\u017cnione od spe\u0142nienia kryterium dochodowego.<\/p>\n\n\n\n<p>&nbsp;Prawo do \u015bwiadczenia piel\u0119gnacyjnego ustala si\u0119 na czas nieokre\u015blony, chyba \u017ce orzeczenie o niepe\u0142nosprawno\u015bci lub orzeczenie o stopniu niepe\u0142nosprawno\u015bci zosta\u0142o wydane na czas okre\u015blony. W przypadku wydania orzeczenia o niepe\u0142nosprawno\u015bci lub orzeczenia o stopniu niepe\u0142nosprawno\u015bci na czas okre\u015blony, prawo do \u015bwiadczenia piel\u0119gnacyjnego ustala si\u0119 do ostatniego dnia miesi\u0105ca, w kt\u00f3rym up\u0142ywa termin wa\u017cno\u015bci orzeczenia.<\/p>\n\n\n\n<p><br>W przypadku, gdy o \u015bwiadczenie piel\u0119gnacyjne ubiegaj\u0105 si\u0119 rolnicy, ma\u0142\u017conkowie rolnik\u00f3w b\u0105d\u017a domownicy, \u015bwiadczenia te przys\u0142uguj\u0105 odpowiednio:<\/p>\n\n\n\n<p>1)&nbsp;&nbsp; rolnikom w przypadku zaprzestania prowadzenia przez nich gospodarstwa rolnego;<br>2)&nbsp;&nbsp; ma\u0142\u017conkom rolnik\u00f3w lub domownikom w przypadku zaprzestania prowadzenia przez nich gospodarstwa rolnego albo wykonywania przez nich pracy w gospodarstwie rolnym.<br><br>Zaprzestanie prowadzenia gospodarstwa rolnego lub zaprzestanie wykonywania pracy w gospodarstwie rolnym, potwierdza si\u0119 stosownym o\u015bwiadczeniem z\u0142o\u017conym pod rygorem odpowiedzialno\u015bci karnej za sk\u0142adanie fa\u0142szywych zezna\u0144. Sk\u0142adaj\u0105cy o\u015bwiadczenie jest obowi\u0105zany do zawarcia w nim klauzuli nast\u0119puj\u0105cej tre\u015bci: &#8222;Jestem \u015bwiadomy odpowiedzialno\u015bci karnej za z\u0142o\u017cenie fa\u0142szywego o\u015bwiadczenia.&#8221;. Klauzula ta zast\u0119puje pouczenie organu o odpowiedzialno\u015bci karnej za sk\u0142adanie fa\u0142szywych zezna\u0144.<\/p>\n\n\n\n<p>Je\u017celi w stosunku do osoby ubiegaj\u0105cej si\u0119 lub pobieraj\u0105cej \u015bwiadczenie piel\u0119gnacyjne wyst\u0105pi\u0105 w\u0105tpliwo\u015bci dotycz\u0105ce sprawowania opieki, organ w\u0142a\u015bciwy wyp\u0142acaj\u0105cy \u015bwiadczenie piel\u0119gnacyjne mo\u017ce zwr\u00f3ci\u0107 si\u0119 do o\u015brodka pomocy spo\u0142ecznej o przeprowadzenie rodzinnego wywiadu \u015brodowiskowego, w celu weryfikacji tych w\u0105tpliwo\u015bci.<\/p>\n","protected":false},"excerpt":{"rendered":"<p>\u015awiadczenie piel\u0119gnacyjne \u015awiadczenie piel\u0119gnacyjne od 1 stycznia 2021 r. wynosi 1971 z\u0142 miesi\u0119cznie. \u015awiadczenie piel\u0119gnacyjne z tytu\u0142u rezygnacji z zatrudnienia lub innej pracy zarobkowej, przys\u0142uguje:1) matce albo ojcu,2) opiekunowi faktycznemu dziecka,3) osobie b\u0119d\u0105cej rodzin\u0105 zast\u0119pcz\u0105 spokrewnion\u0105, w rozumieniu ustawy z dnia 9 czerwca 2011 r. o wspieraniu rodziny i systemie pieczy zast\u0119pczej,4) innym osobom, na [&hellip;]<\/p>\n","protected":false},"author":1,"featured_media":0,"parent":0,"menu_order":0,"comment_status":"closed","ping_status":"closed","template":"","meta":{"footnotes":""},"class_list":["post-264","page","type-page","status-publish","hentry"],"_links":{"self":[{"href":"https:\/\/cus.slupno.eu\/www\/wp-json\/wp\/v2\/pages\/264","targetHints":{"allow":["GET"]}}],"collection":[{"href":"https:\/\/cus.slupno.eu\/www\/wp-json\/wp\/v2\/pages"}],"about":[{"href":"https:\/\/cus.slupno.eu\/www\/wp-json\/wp\/v2\/types\/page"}],"author":[{"embeddable":true,"href":"https:\/\/cus.slupno.eu\/www\/wp-json\/wp\/v2\/users\/1"}],"replies":[{"embeddable":true,"href":"https:\/\/cus.slupno.eu\/www\/wp-json\/wp\/v2\/comments?post=264"}],"version-history":[{"count":1,"href":"https:\/\/cus.slupno.eu\/www\/wp-json\/wp\/v2\/pages\/264\/revisions"}],"predecessor-version":[{"id":265,"href":"https:\/\/cus.slupno.eu\/www\/wp-json\/wp\/v2\/pages\/264\/revisions\/265"}],"wp:attachment":[{"href":"https:\/\/cus.slupno.eu\/www\/wp-json\/wp\/v2\/media?parent=264"}],"curies":[{"name":"wp","href":"https:\/\/api.w.org\/{rel}","templated":true}]}}