{"id":268,"date":"2025-07-28T13:30:19","date_gmt":"2025-07-28T11:30:19","guid":{"rendered":"https:\/\/cus.slupno.eu\/www\/?page_id=268"},"modified":"2025-07-28T13:30:19","modified_gmt":"2025-07-28T11:30:19","slug":"jednorazowa-zapomoga-z-tytulu-urodzenia-dziecka","status":"publish","type":"page","link":"https:\/\/cus.slupno.eu\/www\/jednorazowa-zapomoga-z-tytulu-urodzenia-dziecka\/","title":{"rendered":"Jednorazowa zapomoga z tytu\u0142u urodzenia dziecka"},"content":{"rendered":"\n<p><strong>Jednorazowa zapomoga z tytu\u0142u urodzenia si\u0119 dziecka<\/strong><\/p>\n\n\n\n<p>&nbsp;Z tytu\u0142u urodzenia si\u0119 \u017cywego dziecka przys\u0142uguje jednorazowa zapomoga z tytu\u0142u urodzenia si\u0119 dziecka w wysoko\u015bci <strong>1000 z\u0142<\/strong> na jedno dziecko.<\/p>\n\n\n\n<p>Jednorazowa zapomoga z tytu\u0142u urodzenia si\u0119 dziecka przys\u0142uguje, je\u017celi <strong>doch\u00f3d rodziny w przeliczeniu na osob\u0119 nie przekracza kwoty 1922,00 z\u0142 netto.<\/strong><\/p>\n\n\n\n<p>Przy ustalaniu kryterium dochodowego, warunkuj\u0105cego nabycie prawa do jednorazowej zapomogi z tytu\u0142u urodzenia si\u0119 dziecka, maj\u0105 zastosowanie przepisy dotycz\u0105ce ustalania dochodu okre\u015blone w ustawie o \u015bwiadczeniach rodzinnych.&nbsp; Kwota kryterium dochodowego uprawniaj\u0105cego do ww. zapomogi oraz jej wysoko\u015b\u0107 podlega weryfikacji co 3 lata. \u015awiadczenie to, podobnie jak wszystkie \u015bwiadczenia rodzinne jest &nbsp;wolne od podatku dochodowego.<br>Zapomoga przys\u0142uguje:<\/p>\n\n\n\n<ul class=\"wp-block-list\">\n<li>matce lub ojcu dziecka;<\/li>\n\n\n\n<li>opiekunowi prawnemu dziecka;<\/li>\n\n\n\n<li>opiekunowi faktycznemu dziecka (oznacza to osob\u0119 faktycznie opiekuj\u0105c\u0105 si\u0119 dzieckiem, je\u017celi wyst\u0105pi\u0142a z wnioskiem do s\u0105du rodzinnego o przysposobienie dziecka)<\/li>\n<\/ul>\n\n\n\n<p>Jednorazowa zapomoga z tytu\u0142u urodzenia si\u0119 dziecka przys\u0142uguje, je\u017celi matka dziecka pozostawa\u0142a pod opiek\u0105 medyczn\u0105 nie p\u00f3\u017aniej ni\u017c od 10 tygodnia ci\u0105\u017cy do dnia porodu. Do wniosku o ustalenie prawa do jednorazowej zapomogi z tytu\u0142u urodzenia si\u0119 dziecka nale\u017cy do\u0142\u0105czy\u0107 za\u015bwiadczenie <strong>o pozostawaniu matki dziecka pod opiek\u0105 medyczn\u0105 nie p\u00f3\u017aniej ni\u017c od 10 tygodnia<\/strong> ci\u0105\u017cy do dnia porodu.<\/p>\n\n\n\n<p><strong>Za\u015bwiadczenie o pozostawaniu matki dziecka pod opiek\u0105 medyczn\u0105 nie p\u00f3\u017aniej ni\u017c od 10 tygodnia<\/strong> ci\u0105\u017cy do dnia porodu mo\u017ce wystawi\u0107 lekarz lub po\u0142o\u017cna. Warunek udokumentowania pozostawania matki dziecka pod opiek\u0105 medyczn\u0105 nie dotyczy os\u00f3b b\u0119d\u0105cych prawnymi albo faktycznymi opiekunami dziecka, a tak\u017ce os\u00f3b, kt\u00f3re przysposobi\u0142y dziecko.<\/p>\n\n\n\n<p>Jednorazowa zapomoga nie przys\u0142uguje, je\u017celi:<\/p>\n\n\n\n<p>1) cz\u0142onkowi rodziny przys\u0142uguje za granic\u0105 \u015bwiadczenie z tytu\u0142u urodzenia dziecka, chyba \u017ce przepisy o koordynacji system\u00f3w zabezpieczenia spo\u0142ecznego lub dwustronne umowy o zabezpieczeniu spo\u0142ecznym stanowi\u0105 inaczej;<\/p>\n\n\n\n<p>2) osobie samotnie wychowuj\u0105cej dziecko nie zosta\u0142o ustalone, na rzecz danego dziecka od jego rodzica, \u015bwiadczenie alimentacyjne na podstawi tytu\u0142u wykonawczego pochodz\u0105cego lub zatwierdzonego przez s\u0105d, chyba \u017ce:<\/p>\n\n\n\n<ol class=\"wp-block-list\">\n<li>a) rodzice lub jedno z rodzic\u00f3w dziecka nie \u017cyje,<\/li>\n\n\n\n<li>b) ojciec dziecka jest nieznany,<\/li>\n\n\n\n<li>c) pow\u00f3dztwo o ustalenie \u015bwiadczenia alimentacyjnego od drugiego z rodzic\u00f3w zosta\u0142o oddalone,<\/li>\n\n\n\n<li>d) s\u0105d zobowi\u0105za\u0142 jedno z rodzic\u00f3w do ponoszenia ca\u0142kowitych koszt\u00f3w utrzymania dziecka i nie zobowi\u0105za\u0142 drugiego z rodzic\u00f3w do \u015bwiadczenia alimentacyjnego na rzecz tego dziecka,<\/li>\n\n\n\n<li>e) dziecko, zgodnie z orzeczeniem s\u0105du, jest pod opiek\u0105 naprzemienn\u0105 obojga rodzic\u00f3w sprawowan\u0105 w por\u00f3wnywalnych i powtarzaj\u0105cych si\u0119 okresach.<\/li>\n<\/ol>\n\n\n\n<p>Wniosek o wyp\u0142at\u0119 jednorazowej zapomogi nale\u017cy z\u0142o\u017cy\u0107 <strong>w terminie 12 miesi\u0119cy od dnia narodzin dziecka<\/strong>. W przypadku gdy wniosek dotyczy dziecka obj\u0119tego opiek\u0105 prawn\u0105, opiek\u0105 faktyczn\u0105 albo dziecka przysposobionego wniosek sk\u0142ada si\u0119 w terminie 12 miesi\u0119cy od dnia obj\u0119cia dziecka opiek\u0105 albo przysposobienia, nie p\u00f3\u017aniej ni\u017c do uko\u0144czenia przez dziecko 18-go roku \u017cycia. \u00a0\u00a0\u00a0\u00a0\u00a0\u00a0\u00a0\u00a0\u00a0\u00a0\u00a0\u00a0\u00a0\u00a0\u00a0\u00a0\u00a0\u00a0\u00a0\u00a0\u00a0\u00a0\u00a0\u00a0\u00a0\u00a0\u00a0\u00a0\u00a0\u00a0\u00a0\u00a0\u00a0\u00a0<\/p>\n\n\n\n<p class=\"has-text-align-center\"><strong>Wniosek z\u0142o\u017cony po terminie organ w\u0142a\u015bciwy pozostawia bez rozpoznania.<\/strong><\/p>\n\n\n\n<p><\/p>\n","protected":false},"excerpt":{"rendered":"<p>Jednorazowa zapomoga z tytu\u0142u urodzenia si\u0119 dziecka &nbsp;Z tytu\u0142u urodzenia si\u0119 \u017cywego dziecka przys\u0142uguje jednorazowa zapomoga z tytu\u0142u urodzenia si\u0119 dziecka w wysoko\u015bci 1000 z\u0142 na jedno dziecko. Jednorazowa zapomoga z tytu\u0142u urodzenia si\u0119 dziecka przys\u0142uguje, je\u017celi doch\u00f3d rodziny w przeliczeniu na osob\u0119 nie przekracza kwoty 1922,00 z\u0142 netto. Przy ustalaniu kryterium dochodowego, warunkuj\u0105cego nabycie [&hellip;]<\/p>\n","protected":false},"author":1,"featured_media":0,"parent":0,"menu_order":0,"comment_status":"closed","ping_status":"closed","template":"","meta":{"footnotes":""},"class_list":["post-268","page","type-page","status-publish","hentry"],"_links":{"self":[{"href":"https:\/\/cus.slupno.eu\/www\/wp-json\/wp\/v2\/pages\/268","targetHints":{"allow":["GET"]}}],"collection":[{"href":"https:\/\/cus.slupno.eu\/www\/wp-json\/wp\/v2\/pages"}],"about":[{"href":"https:\/\/cus.slupno.eu\/www\/wp-json\/wp\/v2\/types\/page"}],"author":[{"embeddable":true,"href":"https:\/\/cus.slupno.eu\/www\/wp-json\/wp\/v2\/users\/1"}],"replies":[{"embeddable":true,"href":"https:\/\/cus.slupno.eu\/www\/wp-json\/wp\/v2\/comments?post=268"}],"version-history":[{"count":1,"href":"https:\/\/cus.slupno.eu\/www\/wp-json\/wp\/v2\/pages\/268\/revisions"}],"predecessor-version":[{"id":269,"href":"https:\/\/cus.slupno.eu\/www\/wp-json\/wp\/v2\/pages\/268\/revisions\/269"}],"wp:attachment":[{"href":"https:\/\/cus.slupno.eu\/www\/wp-json\/wp\/v2\/media?parent=268"}],"curies":[{"name":"wp","href":"https:\/\/api.w.org\/{rel}","templated":true}]}}