{"id":299,"date":"2025-07-28T13:50:14","date_gmt":"2025-07-28T11:50:14","guid":{"rendered":"https:\/\/cus.slupno.eu\/www\/?page_id=299"},"modified":"2025-07-28T13:50:14","modified_gmt":"2025-07-28T11:50:14","slug":"dodatek-mieszkaniowy","status":"publish","type":"page","link":"https:\/\/cus.slupno.eu\/www\/dodatek-mieszkaniowy\/","title":{"rendered":"Dodatek mieszkaniowy"},"content":{"rendered":"\n<p>Dodatek mieszkaniowy przys\u0142uguje:<\/p>\n\n\n\n<p>1) najemcom oraz podnajemcom lokali mieszkalnych,<\/p>\n\n\n\n<p>2) osobom mieszkaj\u0105cym w lokalach mieszkalnych, do kt\u00f3rych przys\u0142uguje im sp\u00f3\u0142dzielcze prawo do lokalu mieszkalnego,<\/p>\n\n\n\n<p>3) osobom mieszkaj\u0105cym w lokalach mieszkalnych znajduj\u0105cych si\u0119 w budynkach stanowi\u0105cych ich w\u0142asno\u015b\u0107 i w\u0142a\u015bcicielom samodzielnych lokali mieszkalnych,<\/p>\n\n\n\n<p>4) innym osobom maj\u0105cym tytu\u0142 prawny do zajmowanego lokalu mieszkaniowego i &nbsp;&nbsp;ponosz\u0105cym wydatki zwi\u0105zane z jego zajmowaniem,<\/p>\n\n\n\n<p>5) osobom zajmuj\u0105cym lokal mieszkalny bez tytu\u0142u prawnego, oczekuj\u0105cym na przys\u0142uguj\u0105cy im lokal zamienny albo najem socjalny lokalu.<\/p>\n\n\n\n<p>Ustawowe kryterium powierzchni:<\/p>\n\n\n\n<p>a) 35 m<sup>2<\/sup> dla 1 osoby,<\/p>\n\n\n\n<p>b) 40 m<sup>2<\/sup> dla 2 os\u00f3b,<\/p>\n\n\n\n<p>c) 45 m<sup>2<\/sup> dla 3 os\u00f3b,<\/p>\n\n\n\n<p>d) 55 m<sup>2<\/sup> dla 4 os\u00f3b,<\/p>\n\n\n\n<p>e) 65 m<sup>2 <\/sup>dla 5 os\u00f3b,<\/p>\n\n\n\n<p>f) 70 m<sup>2<\/sup> dla 6 os\u00f3b, a w razie zamieszkiwania w lokalu mieszkalnym wi\u0119kszej liczby os\u00f3b dla ka\u017cdej kolejnej osoby zwi\u0119ksza si\u0119 normatywn\u0105 powierzchni\u0119 tego lokalu o 5 m<sup>2.<\/sup><\/p>\n\n\n\n<p>Normatywn\u0105 powierzchni\u0119 powi\u0119ksza si\u0119 o 15 m<sup>2<\/sup>, je\u017celi w lokalu mieszkalnym zamieszkuje osoba niepe\u0142nosprawna poruszaj\u0105ca si\u0119 na w\u00f3zku lub osoba niepe\u0142nosprawna, je\u017celi niepe\u0142nosprawno\u015b\u0107 wymaga zamieszkiwania w oddzielnym pokoju.<\/p>\n\n\n\n<p>Dodatek mieszkaniowy przys\u0142uguje, gdy powierzchnia mieszkaniowa nie przekracza powierzchni normatywnej o wi\u0119cej ni\u017c 30% albo 50% pod warunkiem, \u017ce udzia\u0142 powierzchni u\u017cytkowej tego lokalu nie przekracza 60 %.<\/p>\n\n\n\n<p>Ustawowe kryterium dochodowe:<\/p>\n\n\n\n<p>Dodatek mieszkaniowy przys\u0142uguje osobom je\u017celi \u015bredni miesi\u0119czny doch\u00f3d na jednego cz\u0142onka gospodarstwa domowego w okresie 3 miesi\u0119cy poprzedzaj\u0105cych dat\u0119 z\u0142o\u017cenia wniosku o przyznanie dodatku mieszkaniowego nie przekracza 175% kwoty najni\u017cszej emerytury w gospodarstwie jednoosobowym i 125% tej kwoty w gospodarstwie wieloosobowym.<\/p>\n\n\n\n<p><strong>Uwaga:<\/strong> Aby otrzyma\u0107 dodatek mieszkaniowy nale\u017cy spe\u0142ni\u0107 jednocze\u015bnie kryteria dotycz\u0105ce tytu\u0142u prawnego, wysoko\u015bci dochodu i powierzchni mieszkania.<\/p>\n\n\n\n<p><strong>NIEZB\u0118DNY FORMULARZ:<\/strong><\/p>\n\n\n\n<ol class=\"wp-block-list\">\n<li>Wnioseko przyznanie dodatku mieszkaniowego<\/li>\n\n\n\n<li>Deklaracja o wysoko\u015bci dochod\u00f3w<\/li>\n<\/ol>\n\n\n\n<p><strong>WYMAGANE DOKUMENTY:<\/strong><\/p>\n\n\n\n<p>\u2212&nbsp;&nbsp; wydatki mieszkaniowe (wydruk czynszu, odcinek op\u0142at za wyw\u00f3z nieczysto\u015bci \u2013sta\u0142ych lub p\u0142ynnych) za miesi\u0105c, w kt\u00f3rym sk\u0142adany jest wniosek<\/p>\n\n\n\n<p>\u2212&nbsp;&nbsp; rachunek za wod\u0119, centralne ogrzewanie za bie\u017c\u0105cy miesi\u0105c lub z terminem p\u0142atno\u015bci w miesi\u0105cu sk\u0142adania dokument\u00f3w,<\/p>\n\n\n\n<p>\u2212&nbsp;&nbsp; w przypadku braku ciep\u0142ej wody, centralnego ogrzewania lub gazu przewodowego rachunek za energi\u0119 elektryczn\u0105 za ostatni okres rozliczeniowy od wybranego przez wnioskodawc\u0119 sprzedawcy energii elektrycznej,<\/p>\n\n\n\n<p>\u2212&nbsp;&nbsp; w\u0142a\u015bciciele dom\u00f3w jednorodzinnych\u2013za\u015bwiadczenie o powierzchni domu i jego wyposa\u017ceniu technicznym,<\/p>\n\n\n\n<p>\u2212&nbsp;&nbsp; dokumenty potwierdzaj\u0105ce dochody uzyskane w okresie trzech miesi\u0119cy poprzedzaj\u0105cych miesi\u0105c, w kt\u00f3rym sk\u0142adany jest wniosek przez wszystkie osoby prowadz\u0105ce wsp\u00f3lne gospodarstwo domowe, tj.:<\/p>\n\n\n\n<p>a) za\u015bwiadczenie z zak\u0142adu pracy o wysoko\u015bci przychod\u00f3w brutto uzyskanych w okresie poprzednich 3 miesi\u0119cy (po odliczeniu koszt\u00f3w uzyskania przychod\u00f3w i sk\u0142adek na ubezpieczenie rentowe, emerytalne i chorobowe)<\/p>\n\n\n\n<p>b) decyzje, za\u015bwiadczenia lub odcinki potwierdzaj\u0105ce wysoko\u015b\u0107 renty, emerytury, \u015bwiadczenia przedemerytalnego, zasi\u0142ki chorobowe, rehabilitacyjnych, stypendia i innych informuj\u0105cych o wysoko\u015bci uzyskanych \u015bwiadcze\u0144 za okres trzech miesi\u0119cy poprzedzaj\u0105cych miesi\u0105c, w kt\u00f3rym sk\u0142adany jest wniosek,<\/p>\n\n\n\n<p>c) w przypadku os\u00f3b prowadz\u0105cych dzia\u0142alno\u015b\u0107 gospodarcz\u0105: decyzja o wpisie do ewidencji dzia\u0142alno\u015bci gospodarczej, dokumenty \u015bwiadcz\u0105ce o wysoko\u015bci sk\u0142adki ZUS, dokumenty pozwalaj\u0105ce okre\u015bli\u0107 doch\u00f3d -doch\u00f3d ten osoba deklaruje osobi\u015bcie prowadz\u0105ca dzia\u0142alno\u015b\u0107 gospodarcz\u0105 lub za\u015bwiadczenie wystawione przez biuro rachunkowe, ksi\u0105\u017cka przychod\u00f3w i rozchod\u00f3w<\/p>\n\n\n\n<p>d) osoby pe\u0142noletnie ucz\u0105ce si\u0119 w szko\u0142ach dziennych -za\u015bwiadczenie o trybie nauki,<\/p>\n\n\n\n<p>e) w przypadku os\u00f3b pe\u0142noletnich, niezarejestrowanych i zarejestrowanych w Powiatowym Urz\u0119dzie Pracy lub Miejskim Urz\u0119dzie Pracy -osobiste stawiennictwo z dowodem osobistym oraz dowodem ubezpieczenia zdrowotnego<\/p>\n\n\n\n<p>f) w przypadku os\u00f3b niepe\u0142nosprawnych chc\u0105cych skorzysta\u0107 z uprawnienia do dodatkowej powierzchni nale\u017cy przedstawi\u0107 o niepe\u0142nosprawno\u015bci lub stopniu niepe\u0142nosprawno\u015bci<\/p>\n\n\n\n<p>g) osoby poruszaj\u0105ce si\u0119 na w\u00f3zku chc\u0105ce skorzysta\u0107 z uprawnienia do dodatkowej powierzchni winny przedstawi\u0107 za\u015bwiadczenia od lekarza potwierdzaj\u0105ce poruszanie si\u0119 na w\u00f3zku<\/p>\n\n\n\n<p>h) osoby wynajmuj\u0105ce mieszkanie lub jego cz\u0119\u015b\u0107 winny przed\u0142o\u017cy\u0107 umow\u0119 najmu lub u\u017cyczenia mieszkania lub jego cz\u0119\u015bci.<\/p>\n\n\n\n<p>Wniosek i deklaracj\u0119 wraz z za\u0142\u0105czonymi dokumentami nale\u017cy z\u0142o\u017cy\u0107 w Dziale \u015awiadcze\u0144 Rodzinnych.<\/p>\n\n\n\n<p><strong>Dodatek energetyczny<\/strong><\/p>\n\n\n\n<p>Zgodnie z aktualnym obwieszczeniem Ministra Klimatu wysoko\u015b\u0107 zrycza\u0142towanego dodatku energetycznego obowi\u0105zuj\u0105ca od dnia 1 maja 2020 roku do dnia 30 kwietnia 2021 roku wynosi:<\/p>\n\n\n\n<ol class=\"wp-block-list\">\n<li>dla gospodarstw prowadzonych przez osob\u0119 samotn\u0105 -10,94 z\u0142 miesi\u0119cznie<\/li>\n\n\n\n<li>dla gospodarstw sk\u0142adaj\u0105cych si\u0119 z 2 do 4 os\u00f3b -15,19 z\u0142 miesi\u0119cznie<\/li>\n\n\n\n<li>dla gospodarstw sk\u0142adaj\u0105cych si\u0119 z co najmniej 5 os\u00f3b -18,23 z\u0142 miesi\u0119cznie.<\/li>\n<\/ol>\n\n\n\n<p>NIEZB\u0118DNY FORMULARZ:<\/p>\n\n\n\n<p>Wniosek o przyznanie zrycza\u0142towanego dodatku energetycznego.<\/p>\n\n\n\n<p>Zrycza\u0142towany dodatek energetyczny przys\u0142uguje osobie, kt\u00f3ra spe\u0142nia \u0142\u0105cznie nast\u0119puj\u0105ce warunki:<\/p>\n\n\n\n<p>a) posiada ustalone prawo do dodatku mieszkaniowego;<\/p>\n\n\n\n<p>b) jest stron\u0105 umowy kompleksowej lub umowy sprzeda\u017cy energii elektrycznej;<\/p>\n\n\n\n<p>c) zamieszkuje w miejscu dostarczania energii elektrycznej.<\/p>\n\n\n\n<p>WYMAGANE DOKUMENTY:<\/p>\n\n\n\n<p>\u2212umowa kompleksowa (umowa na przesy\u0142anie i sprzeda\u017c energii elektrycznej) lub umowa sprzeda\u017cy energii elektrycznej (umowa na sprzeda\u017c energii elektrycznej)<\/p>\n\n\n\n<h3 class=\"wp-block-heading\">Pliki do pobrania<\/h3>\n\n\n\n<ul class=\"wp-block-list\">\n<li><a href=\"https:\/\/cus.slupno.eu\/web\/index.php?c=getfile&amp;id=229\" target=\"_blank\" rel=\"noreferrer noopener\">Wniosek o dodatek mieszkaniowy<\/a> (45.50 KB)<\/li>\n\n\n\n<li><a href=\"https:\/\/cus.slupno.eu\/web\/index.php?c=getfile&amp;id=239\" target=\"_blank\" rel=\"noreferrer noopener\">Wniosek o wyp\u0142at\u0119 dodatku energetycznego<\/a> (397.09 KB)<\/li>\n<\/ul>\n","protected":false},"excerpt":{"rendered":"<p>Dodatek mieszkaniowy przys\u0142uguje: 1) najemcom oraz podnajemcom lokali mieszkalnych, 2) osobom mieszkaj\u0105cym w lokalach mieszkalnych, do kt\u00f3rych przys\u0142uguje im sp\u00f3\u0142dzielcze prawo do lokalu mieszkalnego, 3) osobom mieszkaj\u0105cym w lokalach mieszkalnych znajduj\u0105cych si\u0119 w budynkach stanowi\u0105cych ich w\u0142asno\u015b\u0107 i w\u0142a\u015bcicielom samodzielnych lokali mieszkalnych, 4) innym osobom maj\u0105cym tytu\u0142 prawny do zajmowanego lokalu mieszkaniowego i &nbsp;&nbsp;ponosz\u0105cym wydatki [&hellip;]<\/p>\n","protected":false},"author":1,"featured_media":0,"parent":0,"menu_order":0,"comment_status":"closed","ping_status":"closed","template":"","meta":{"footnotes":""},"class_list":["post-299","page","type-page","status-publish","hentry"],"_links":{"self":[{"href":"https:\/\/cus.slupno.eu\/www\/wp-json\/wp\/v2\/pages\/299","targetHints":{"allow":["GET"]}}],"collection":[{"href":"https:\/\/cus.slupno.eu\/www\/wp-json\/wp\/v2\/pages"}],"about":[{"href":"https:\/\/cus.slupno.eu\/www\/wp-json\/wp\/v2\/types\/page"}],"author":[{"embeddable":true,"href":"https:\/\/cus.slupno.eu\/www\/wp-json\/wp\/v2\/users\/1"}],"replies":[{"embeddable":true,"href":"https:\/\/cus.slupno.eu\/www\/wp-json\/wp\/v2\/comments?post=299"}],"version-history":[{"count":1,"href":"https:\/\/cus.slupno.eu\/www\/wp-json\/wp\/v2\/pages\/299\/revisions"}],"predecessor-version":[{"id":300,"href":"https:\/\/cus.slupno.eu\/www\/wp-json\/wp\/v2\/pages\/299\/revisions\/300"}],"wp:attachment":[{"href":"https:\/\/cus.slupno.eu\/www\/wp-json\/wp\/v2\/media?parent=299"}],"curies":[{"name":"wp","href":"https:\/\/api.w.org\/{rel}","templated":true}]}}