{"id":301,"date":"2025-07-28T13:50:41","date_gmt":"2025-07-28T11:50:41","guid":{"rendered":"https:\/\/cus.slupno.eu\/www\/?page_id=301"},"modified":"2025-07-28T13:50:41","modified_gmt":"2025-07-28T11:50:41","slug":"lokalny-program-oslonowy-wsparcie-dla-mieszkancow-gminy-slupno-ponoszacych-koszty-oplat-za-wode-lub-scieki","status":"publish","type":"page","link":"https:\/\/cus.slupno.eu\/www\/lokalny-program-oslonowy-wsparcie-dla-mieszkancow-gminy-slupno-ponoszacych-koszty-oplat-za-wode-lub-scieki\/","title":{"rendered":"Lokalny Program Os\u0142onowy &#8211; wsparcie dla mieszka\u0144c\u00f3w Gminy S\u0142upno ponosz\u0105cych koszty op\u0142at za wod\u0119 lub \u015bcieki."},"content":{"rendered":"\n<p><strong>WSPARCIE GMINY DLA MIESZKA\u0143C\u00d3W&nbsp;&nbsp; W OP\u0141ATACH ZA WOD\u0118<\/strong><\/p>\n\n\n\n<p><strong>KTO MO\u017bE UZYSKA\u0106 WSPARCIE<\/strong><\/p>\n\n\n\n<p>Celem Programu jest wsparcie mieszka\u0144c\u00f3w Gminy S\u0142upno ponosz\u0105cych koszty op\u0142at za wod\u0119 lub \u015bcieki.<\/p>\n\n\n\n<p>W ramach Lokalnego Programu Os\u0142onowego pomoc przeznaczona jest dla os\u00f3b lub rodzin z terenu gminy S\u0142upno, kt\u00f3rzy potrzebuj\u0105 tego wsparcia i jednocze\u015bnie na dzie\u0144 z\u0142o\u017cenia wniosku nie maj\u0105 zad\u0142u\u017cenia wobec Gminy S\u0142upno z tytu\u0142u zu\u017cycia wody lub \u015bciek\u00f3w. Warunkiem wsparcia jest spe\u0142nienie tylko kryterium dochodowego (w rozumieniu art. 8 ust. 1 ustawy z dnia 12 marca 2004 r., o pomocy spo\u0142ecznej). Rada Gminy ustali\u0142a, \u017ce wysoko\u015b\u0107 dochodu dla os\u00f3b samotnie gospodaruj\u0105cych nie mo\u017ce przekroczy\u0107 kwoty 1 402,00 z\u0142 netto natomiast dla rodzin nie mo\u017ce przekroczy\u0107 1 056,00 z\u0142 netto na osob\u0119 w rodzinie. Powy\u017csze kwoty stanowi\u0105 a\u017c 200% ustawowego kryterium dochodowego, dzi\u0119ki temu pomoc mo\u017ce zosta\u0107 udzielona znacznie wi\u0119kszej ilo\u015bci mieszka\u0144c\u00f3w Gminy S\u0142upno.<\/p>\n\n\n\n<p><strong>W JAKI SPOS\u00d3B B\u0118DZIE PRZYZNAWANA POMOC<\/strong><\/p>\n\n\n\n<p>Zgodnie z zapisami programowymi pomoc b\u0119dzie realizowana raz na trzy miesi\u0105ce (kwartalnie). Wnioski w ramach Programu nale\u017cy sk\u0142ada\u0107 w miesi\u0105cu nast\u0119puj\u0105cym po zako\u0144czeniu ka\u017cdego trzymiesi\u0119cznego okresu rozliczeniowego. W przypadku, gdy trzymiesi\u0119czny okres rozliczeniowy przypada za ostatni kwarta\u0142 roku kalendarzowego o pomoc mo\u017cna ubiega\u0107 si\u0119 do ko\u0144ca stycznia 2022 roku. Dodatkowo Program zapewnia, i\u017c w przypadku zmiany miejsca zamieszkania osoby samotnie gospodaruj\u0105cej lub rodziny z poza terenu Gminy S\u0142upno mo\u017ce by\u0107 stosowany skr\u00f3cony okres rozliczeniowy.<\/p>\n\n\n\n<p>W ramach Lokalnego Programu Os\u0142onowego mieszka\u0144cy Gminy S\u0142upno mog\u0105 uzyska\u0107 pomoc w formie dop\u0142aty do 3m<sup>3 <\/sup>wody lub \u015bciek\u00f3w na osob\u0119 samotnie gospodaruj\u0105c\u0105 lub na ka\u017cd\u0105 osob\u0119 w rodzinie raz na kwarta\u0142, bez wzgl\u0119du na faktyczne zu\u017cycie wody lub \u015bciek\u00f3w. W takim wypadku przy obliczeniu kryterium przyj\u0119ta zostanie rycza\u0142towa stawka pomocy w wysoko\u015bci 8 z\u0142 za 1m<sup>3<\/sup> wody lub \u015bciek\u00f3w na osob\u0119 samotnie gospodaruj\u0105c\u0105 lub na ka\u017cd\u0105 osob\u0119 w rodzinie, bez wzgl\u0119du na faktyczn\u0105 obowi\u0105zuj\u0105c\u0105 zgodnie z Taryf\u0105 stawk\u0119 1m<sup>3 <\/sup>wody lub \u015bciek\u00f3w. Co wa\u017cne, dop\u0142ata przekazywana jest bezpo\u015brednio na rachunek bankowy gminy S\u0142upno i pomniejsza zobowi\u0105zanie wnioskodawc\u00f3w z tytu\u0142u zu\u017cycia op\u0142at za wod\u0119 lub \u015bcieki w kolejnym kwartale rozliczeniowym.<\/p>\n\n\n\n<p>Pomoc przyznawana jest na podstawie decyzji administracyjnej, okre\u015blaj\u0105cej wysoko\u015b\u0107 pomocy i spos\u00f3b jej realizacji. W ramach post\u0119powania o przyznanie pomocy z Programu nie jest przeprowadzany rodzinny wywiad \u015brodowiskowy, o kt\u00f3rym mowa w art. 107 ustawy z dnia 12 marca 2004 r., o pomocy spo\u0142ecznej.<\/p>\n\n\n\n<p><strong>GDZIE MO\u017bNA UZYSKA\u0106 WSPARCIE<\/strong><\/p>\n\n\n\n<p>Warunkiem wszcz\u0119cia i prowadzenia post\u0119powania o udzielenie pomocy w ramach tego Programu jest z\u0142o\u017cenie wniosku wraz z wymaganymi dokumentami. Dokumenty niezb\u0119dne do wniosku musz\u0105 potwierdza\u0107 wysoko\u015b\u0107 dochodu osoby samotnie gospodaruj\u0105cej lub rodziny. Za doch\u00f3d uwa\u017ca si\u0119 sum\u0119 miesi\u0119cznych przychod\u00f3w z miesi\u0105ca poprzedzaj\u0105cego z\u0142o\u017cenie wniosku. Wa\u017cne jest aby wniosek zosta\u0142 z\u0142o\u017cony w miesi\u0105cu nast\u0119puj\u0105cym po zako\u0144czeniu ka\u017cdego trzymiesi\u0119cznego okresu rozliczeniowego, za kt\u00f3ry ma zosta\u0107 przyznana pomoc. Wype\u0142niony wniosek wraz z za\u0142\u0105cznikami sk\u0142ada si\u0119 do Gminnego O\u015brodku Pomocy Spo\u0142ecznej w S\u0142upnie ul Warszawska 26 a, 09-472 S\u0142upno. Wz\u00f3r wniosku dost\u0119pny jest na stronie internetowej o\u015brodka: <a href=\"http:\/\/www.gops.slupno.eu\/\">www.gops.slupno.eu<\/a>.<\/p>\n\n\n\n<h3 class=\"wp-block-heading\">Pliki do pobrania<\/h3>\n\n\n\n<ul class=\"wp-block-list\">\n<li><a href=\"https:\/\/cus.slupno.eu\/web\/index.php?c=getfile&amp;id=234\" target=\"_blank\" rel=\"noreferrer noopener\">Deklaracja o wysoko\u015bci dochod\u00f3w 2021<\/a> (817.67 KB)<\/li>\n\n\n\n<li><a href=\"https:\/\/cus.slupno.eu\/web\/index.php?c=getfile&amp;id=236\" target=\"_blank\" rel=\"noreferrer noopener\">O\u015bwiadczenie do wniosku o przyznanie dofinansowania w ramach \u201eLokalnego Programu Os\u0142onowego \u2013 wsparcie dla mieszka\u0144c\u00f3w Gminy S\u0142upno ponosz\u0105cych koszty op\u0142aty za wod\u0119 lub \u015bcieki na rok 2021\u201d<\/a> (546.82 KB)<\/li>\n\n\n\n<li><a href=\"https:\/\/cus.slupno.eu\/web\/index.php?c=getfile&amp;id=237\" target=\"_blank\" rel=\"noreferrer noopener\">Wniosek do programu os\u0142onowego 2021r.<\/a> (733.34 KB)<\/li>\n<\/ul>\n","protected":false},"excerpt":{"rendered":"<p>WSPARCIE GMINY DLA MIESZKA\u0143C\u00d3W&nbsp;&nbsp; W OP\u0141ATACH ZA WOD\u0118 KTO MO\u017bE UZYSKA\u0106 WSPARCIE Celem Programu jest wsparcie mieszka\u0144c\u00f3w Gminy S\u0142upno ponosz\u0105cych koszty op\u0142at za wod\u0119 lub \u015bcieki. W ramach Lokalnego Programu Os\u0142onowego pomoc przeznaczona jest dla os\u00f3b lub rodzin z terenu gminy S\u0142upno, kt\u00f3rzy potrzebuj\u0105 tego wsparcia i jednocze\u015bnie na dzie\u0144 z\u0142o\u017cenia wniosku nie maj\u0105 zad\u0142u\u017cenia [&hellip;]<\/p>\n","protected":false},"author":1,"featured_media":0,"parent":0,"menu_order":0,"comment_status":"closed","ping_status":"closed","template":"","meta":{"footnotes":""},"class_list":["post-301","page","type-page","status-publish","hentry"],"_links":{"self":[{"href":"https:\/\/cus.slupno.eu\/www\/wp-json\/wp\/v2\/pages\/301","targetHints":{"allow":["GET"]}}],"collection":[{"href":"https:\/\/cus.slupno.eu\/www\/wp-json\/wp\/v2\/pages"}],"about":[{"href":"https:\/\/cus.slupno.eu\/www\/wp-json\/wp\/v2\/types\/page"}],"author":[{"embeddable":true,"href":"https:\/\/cus.slupno.eu\/www\/wp-json\/wp\/v2\/users\/1"}],"replies":[{"embeddable":true,"href":"https:\/\/cus.slupno.eu\/www\/wp-json\/wp\/v2\/comments?post=301"}],"version-history":[{"count":1,"href":"https:\/\/cus.slupno.eu\/www\/wp-json\/wp\/v2\/pages\/301\/revisions"}],"predecessor-version":[{"id":302,"href":"https:\/\/cus.slupno.eu\/www\/wp-json\/wp\/v2\/pages\/301\/revisions\/302"}],"wp:attachment":[{"href":"https:\/\/cus.slupno.eu\/www\/wp-json\/wp\/v2\/media?parent=301"}],"curies":[{"name":"wp","href":"https:\/\/api.w.org\/{rel}","templated":true}]}}