{"id":320,"date":"2025-07-28T13:58:02","date_gmt":"2025-07-28T11:58:02","guid":{"rendered":"https:\/\/cus.slupno.eu\/www\/?page_id=320"},"modified":"2025-07-28T13:58:02","modified_gmt":"2025-07-28T11:58:02","slug":"doradztwo-zawodowe","status":"publish","type":"page","link":"https:\/\/cus.slupno.eu\/www\/doradztwo-zawodowe\/","title":{"rendered":"Doradztwo zawodowe"},"content":{"rendered":"\n<p>Gmina S\u0142upno\/Gminny O\u015brodek Pomocy Spo\u0142ecznej w S\u0142upnie w zwi\u0105zku z zako\u0144czeniem projektu pn.: <strong>\u201eKlub Integracji Spo\u0142ecznej w Gminie S\u0142upno\u201d<\/strong> realizowanego w okresie 01.05.2018 r.\u201330.07.2020 r., wsp\u00f3\u0142finansowanego ze \u015brodk\u00f3w Unii Europejskiej w ramach Europejskiego Funduszu Spo\u0142ecznego, Regionalny Program Operacyjny Wojew\u00f3dztwa Mazowieckiego na lata 2014-2020, O\u015b Priorytetowa IX: Wspieranie w\u0142\u0105czenia spo\u0142ecznego i walka z ub\u00f3stwem, Dzia\u0142anie 9.1 Aktywizacja Spo\u0142eczno &#8211; zawodowa os\u00f3b wykluczonych i przeciwdzia\u0142anie wykluczeniu spo\u0142ecznemu. Umowa nr RPMA.09.01.00-14-9597\/17-00 og\u0142asza gotowo\u015b\u0107 \u015bwiadczenia us\u0142ug s\u0142u\u017c\u0105cych reintegracji spo\u0142ecznej i zawodowej w postaci dzia\u0142ania Klubu Integracji Spo\u0142ecznej co najmniej przez okres odpowiadaj\u0105cy okresowi realizacji projektu tj. 24 miesi\u0119cy od dnia 01.01.2021r.<\/p>\n\n\n\n<p>Celem <strong>Klubu Integracji Spo\u0142ecznej<\/strong> jest: wzmocnienie aktywno\u015bci i samodzielno\u015bci \u017cyciowej os\u00f3b korzystaj\u0105cych z pomocy spo\u0142ecznej zamieszkuj\u0105cych na terenie gminy S\u0142upno.<\/p>\n\n\n\n<p>Szczeg\u00f3\u0142owy zakres wsparcia b\u0119dzie zgodny ze zg\u0142oszonym zapotrzebowaniem.<\/p>\n\n\n\n<p>Dodatkowych informacji mo\u017cna zasi\u0119gn\u0105\u0107 w Gminnym O\u015brodku Pomocy Spo\u0142ecznej w S\u0142upnie&nbsp; pod nr tel. 24&nbsp;261-95-54<\/p>\n\n\n\n<p><strong>W ramach pracy Gminnego O\u015brodka Pomocy Spo\u0142ecznej w S\u0142upnie mo\u017cesz skorzysta\u0107 z bezp\u0142atnych konsultacji z doradc\u0105 zawodowym.<\/strong><\/p>\n\n\n\n<ol class=\"wp-block-list\">\n<li><strong>Okre\u015blisz zainteresowania<\/strong><\/li>\n<\/ol>\n\n\n\n<p>Praca zgodna z Twoimi zainteresowaniami zwi\u0119kszy Twoj\u0105 motywacj\u0119 do dzia\u0142ania, da Ci satysfakcj\u0119 i b\u0119dzie chroni\u0142a Ci\u0119 przed wypaleniem zawodowym. Nie masz pomys\u0142u na to, jak ma wygl\u0105da\u0107 Twoja \u015bcie\u017cka kariery? Zacznij od okre\u015blenia swoich zainteresowa\u0144 \u2013 w tym celu mo\u017cesz skorzysta\u0107 z test\u00f3w, dost\u0119pnych w&nbsp;Gminnym O\u015brodku Pomocy Spo\u0142ecznej w S\u0142upnie.<\/p>\n\n\n\n<ol start=\"2\" class=\"wp-block-list\">\n<li><strong>Poznasz swoje mocne strony<\/strong><\/li>\n<\/ol>\n\n\n\n<p>Bazuj\u0105c wy\u0142\u0105cznie na zainteresowaniach, trudno liczy\u0107 na satysfakcjonuj\u0105c\u0105 prac\u0119.Dla pracodawcy istotne b\u0119d\u0105 Twoje umiej\u0119tno\u015bci i osobowo\u015b\u0107. Wsp\u00f3\u0142pracuj\u0105c z doradc\u0105 zawodowym zyskasz \u015bwiadomo\u015b\u0107 swoich mocnych stron i okre\u015blisz obszary do dalszego rozwoju.&nbsp;&nbsp;&nbsp;<\/p>\n\n\n\n<p>&nbsp;&nbsp;&nbsp;&nbsp; 3. <strong>Zweryfikujesz wyobra\u017cenia o rynku pracy<\/strong><\/p>\n\n\n\n<p>Zaczynaj\u0105c w\u0119dr\u00f3wk\u0119 po rynku pracy, mo\u017cesz mie\u0107 w\u0105tpliwo\u015bci. To normalne. Warto sprawdzi\u0107, czy Twoje oczekiwania odno\u015bnie miejsca pracy s\u0105 realistyczne. Dzi\u0119ki rozmowie z doradc\u0105 dowiesz si\u0119 m.in. w jakich bran\u017cach jest najwi\u0119ksze zapotrzebowanie na pracownik\u00f3w oraz jakich kompetencji oczekuj\u0105 pracodawcy.&nbsp;<\/p>\n\n\n\n<p>&nbsp;&nbsp;&nbsp; 4. <strong>Przygotujesz profesjonalne dokumenty aplikacyjne<\/strong><\/p>\n\n\n\n<p>CV to Twoja wizyt\u00f3wka. Od tego, jak przygotujesz swoje dokumenty aplikacyjne, mo\u017ce zale\u017ce\u0107, czy pracodawca zaprosi Ci\u0119 na rozmow\u0119 kwalifikacyjn\u0105. Mo\u017cesz skonsultowa\u0107 dokumenty. Doradca poka\u017ce Ci, jak dostosowa\u0107 CV do konkretnej oferty i jakich b\u0142\u0119d\u00f3w unika\u0107.<\/p>\n\n\n\n<p>&nbsp;&nbsp;&nbsp; 5. <strong>Przygotujesz si\u0119 do rozmowy kwalifikacyjnej<\/strong><\/p>\n\n\n\n<p>Je\u015bli starasz si\u0119 o pierwsz\u0105 prac\u0119, do\u015bwiadczenia wyniesione z symulacji rozmowy kwalifikacyjnej mog\u0105 by\u0107 bezcenne. Doradca podpowie Ci, jakich pyta\u0144 mo\u017cesz si\u0119 spodziewa\u0107 i jakie jest ich \u201edrugie dno\u201d. Dzi\u0119ki temu unikniesz stresu i zaprezentujesz si\u0119 korzystniej podczas rozmowy z rekruterem.<\/p>\n\n\n\n<p>Zapraszamy do udzia\u0142u w poradach prowadzonych przez doradc\u0119 zawodowego.Osoby zainteresowane wzi\u0119ciem udzia\u0142u w zaj\u0119ciach proszone s\u0105 o kontakt z doradc\u0105 zawodowym w siedzibie Gminnego O\u015brodka Pomocy Spo\u0142ecznej pok\u00f3j nr 2 (parter)<br>lub telefonicznie 24&nbsp;261 95 54.<\/p>\n","protected":false},"excerpt":{"rendered":"<p>Gmina S\u0142upno\/Gminny O\u015brodek Pomocy Spo\u0142ecznej w S\u0142upnie w zwi\u0105zku z zako\u0144czeniem projektu pn.: \u201eKlub Integracji Spo\u0142ecznej w Gminie S\u0142upno\u201d realizowanego w okresie 01.05.2018 r.\u201330.07.2020 r., wsp\u00f3\u0142finansowanego ze \u015brodk\u00f3w Unii Europejskiej w ramach Europejskiego Funduszu Spo\u0142ecznego, Regionalny Program Operacyjny Wojew\u00f3dztwa Mazowieckiego na lata 2014-2020, O\u015b Priorytetowa IX: Wspieranie w\u0142\u0105czenia spo\u0142ecznego i walka z ub\u00f3stwem, Dzia\u0142anie 9.1 [&hellip;]<\/p>\n","protected":false},"author":1,"featured_media":0,"parent":0,"menu_order":0,"comment_status":"closed","ping_status":"closed","template":"","meta":{"footnotes":""},"class_list":["post-320","page","type-page","status-publish","hentry"],"_links":{"self":[{"href":"https:\/\/cus.slupno.eu\/www\/wp-json\/wp\/v2\/pages\/320","targetHints":{"allow":["GET"]}}],"collection":[{"href":"https:\/\/cus.slupno.eu\/www\/wp-json\/wp\/v2\/pages"}],"about":[{"href":"https:\/\/cus.slupno.eu\/www\/wp-json\/wp\/v2\/types\/page"}],"author":[{"embeddable":true,"href":"https:\/\/cus.slupno.eu\/www\/wp-json\/wp\/v2\/users\/1"}],"replies":[{"embeddable":true,"href":"https:\/\/cus.slupno.eu\/www\/wp-json\/wp\/v2\/comments?post=320"}],"version-history":[{"count":1,"href":"https:\/\/cus.slupno.eu\/www\/wp-json\/wp\/v2\/pages\/320\/revisions"}],"predecessor-version":[{"id":321,"href":"https:\/\/cus.slupno.eu\/www\/wp-json\/wp\/v2\/pages\/320\/revisions\/321"}],"wp:attachment":[{"href":"https:\/\/cus.slupno.eu\/www\/wp-json\/wp\/v2\/media?parent=320"}],"curies":[{"name":"wp","href":"https:\/\/api.w.org\/{rel}","templated":true}]}}