{"id":322,"date":"2025-07-28T14:00:42","date_gmt":"2025-07-28T12:00:42","guid":{"rendered":"https:\/\/cus.slupno.eu\/www\/?page_id=322"},"modified":"2025-07-28T14:05:27","modified_gmt":"2025-07-28T12:05:27","slug":"wypozyczalnia-sprzetu-rehabilitacyjnego","status":"publish","type":"page","link":"https:\/\/cus.slupno.eu\/www\/wypozyczalnia-sprzetu-rehabilitacyjnego\/","title":{"rendered":"Wypo\u017cyczalnia sprz\u0119tu rehabilitacyjnego"},"content":{"rendered":"\n<p>Gmina S\u0142upno\/Gminny O\u015brodek Pomocy Spo\u0142ecznej w S\u0142upnie w zwi\u0105zku z zako\u0144czeniem projektu pn.: <strong>\u201eCentrum Aktywizacji Senior\u00f3w\u201d<\/strong> &nbsp;realizowanego&nbsp; w okresie 01.10.2017 r. \u2013 30.09.2019 r. w ramach Regionalnego Programu Operacyjnego Wojew\u00f3dztwa Mazowieckiego na lata 2014 \u2013 2020, Priorytet IX Wspieranie w\u0142\u0105czenia spo\u0142ecznego i walka z ub\u00f3stwem, Dzia\u0142anie 9.2 Us\u0142ugi spo\u0142eczne i us\u0142ugi opieki zdrowotnej, Umowa nr RPMA.09.02.01-14-8101\/17-00 og\u0142asza gotowo\u015b\u0107 \u015bwiadczenia us\u0142ug spo\u0142ecznych pod postaci\u0105<strong> wypo\u017cyczalni sprz\u0119tu piel\u0119gnacyjnego i wspomagaj\u0105cego<\/strong> co najmniej przez okres odpowiadaj\u0105cy okresowi realizacji projektu tj. 24 miesi\u0119cy.<\/p>\n\n\n\n<p>Celem wypo\u017cyczalni sprz\u0119tu jest: wspomaganie os\u00f3b wymagaj\u0105cych specjalistycznego sprz\u0119tu piel\u0119gnacyjnego i wspomagaj\u0105cego.<\/p>\n\n\n\n<p>Szczeg\u00f3\u0142owy zakres wsparcia b\u0119dzie zgodny ze zg\u0142oszonym zapotrzebowaniem.<\/p>\n\n\n\n<p>Dodatkowych informacji mo\u017cna zasi\u0119gn\u0105\u0107 w Gminnym O\u015brodku Pomocy Spo\u0142ecznej w S\u0142upnie &nbsp;pod nr tel. 24&nbsp;261-95-54<\/p>\n\n\n\n<h3 class=\"wp-block-heading\">Wykaz sprz\u0119tu rehabilitacyjnego<\/h3>\n\n\n\n<ul class=\"wp-block-list\">\n<li><a href=\"https:\/\/cus.slupno.eu\/www\/wp-content\/uploads\/2025\/07\/Sprzet-rehabilitacyjny-1.jpg\">Wykaz sprz\u0119tu rehabilitacyjnego<\/a><\/li>\n<\/ul>\n\n\n\n<h3 class=\"wp-block-heading\">Pliki do pobrania<\/h3>\n\n\n\n<ul class=\"wp-block-list\">\n<li><a href=\"https:\/\/cus.slupno.eu\/web\/index.php?c=getfile&amp;id=281\" target=\"_blank\" rel=\"noreferrer noopener\">Regulamin<\/a> (582.26 KB)<\/li>\n\n\n\n<li><a href=\"https:\/\/cus.slupno.eu\/web\/index.php?c=getfile&amp;id=283\" target=\"_blank\" rel=\"noreferrer noopener\">Wniosek<\/a> (361.96 KB)<\/li>\n\n\n\n<li><a href=\"https:\/\/cus.slupno.eu\/web\/index.php?c=getfile&amp;id=282\" target=\"_blank\" rel=\"noreferrer noopener\">O\u015bwiadczenie dotycz\u0105ce wypo\u017cyczalni sprz\u0119tu rehabilitacyjnego<\/a> (172.90 KB)<\/li>\n\n\n\n<li><\/li>\n<\/ul>\n\n\n\n<p><\/p>\n","protected":false},"excerpt":{"rendered":"<p>Gmina S\u0142upno\/Gminny O\u015brodek Pomocy Spo\u0142ecznej w S\u0142upnie w zwi\u0105zku z zako\u0144czeniem projektu pn.: \u201eCentrum Aktywizacji Senior\u00f3w\u201d &nbsp;realizowanego&nbsp; w okresie 01.10.2017 r. \u2013 30.09.2019 r. w ramach Regionalnego Programu Operacyjnego Wojew\u00f3dztwa Mazowieckiego na lata 2014 \u2013 2020, Priorytet IX Wspieranie w\u0142\u0105czenia spo\u0142ecznego i walka z ub\u00f3stwem, Dzia\u0142anie 9.2 Us\u0142ugi spo\u0142eczne i us\u0142ugi opieki zdrowotnej, Umowa nr [&hellip;]<\/p>\n","protected":false},"author":1,"featured_media":0,"parent":0,"menu_order":0,"comment_status":"closed","ping_status":"closed","template":"","meta":{"footnotes":""},"class_list":["post-322","page","type-page","status-publish","hentry"],"_links":{"self":[{"href":"https:\/\/cus.slupno.eu\/www\/wp-json\/wp\/v2\/pages\/322","targetHints":{"allow":["GET"]}}],"collection":[{"href":"https:\/\/cus.slupno.eu\/www\/wp-json\/wp\/v2\/pages"}],"about":[{"href":"https:\/\/cus.slupno.eu\/www\/wp-json\/wp\/v2\/types\/page"}],"author":[{"embeddable":true,"href":"https:\/\/cus.slupno.eu\/www\/wp-json\/wp\/v2\/users\/1"}],"replies":[{"embeddable":true,"href":"https:\/\/cus.slupno.eu\/www\/wp-json\/wp\/v2\/comments?post=322"}],"version-history":[{"count":4,"href":"https:\/\/cus.slupno.eu\/www\/wp-json\/wp\/v2\/pages\/322\/revisions"}],"predecessor-version":[{"id":327,"href":"https:\/\/cus.slupno.eu\/www\/wp-json\/wp\/v2\/pages\/322\/revisions\/327"}],"wp:attachment":[{"href":"https:\/\/cus.slupno.eu\/www\/wp-json\/wp\/v2\/media?parent=322"}],"curies":[{"name":"wp","href":"https:\/\/api.w.org\/{rel}","templated":true}]}}