{"id":338,"date":"2025-07-28T14:17:39","date_gmt":"2025-07-28T12:17:39","guid":{"rendered":"https:\/\/cus.slupno.eu\/www\/?page_id=338"},"modified":"2025-07-28T14:17:39","modified_gmt":"2025-07-28T12:17:39","slug":"korpus-wsparcia-seniorow-na-rok-2022","status":"publish","type":"page","link":"https:\/\/cus.slupno.eu\/www\/korpus-wsparcia-seniorow-na-rok-2022\/","title":{"rendered":"KORPUS WSPARCIA SENIOR\u00d3W na rok 2022"},"content":{"rendered":"\n<p><strong>Program Ministerstwa Rodziny i Polityki Spo\u0142ecznej&nbsp; \u201eKorpus Wsparcia Senior\u00f3w\u201d<br>&nbsp;na rok 2022<\/strong><\/p>\n\n\n\n<p>Centrum Us\u0142ug Spo\u0142ecznych w S\u0142upnie informuje, i\u017c otrzyma\u0142 dotacje na realizacj\u0119 Programu \u201eKorpus Wsparcia Senior\u00f3w\u201d na rok&nbsp; 2022 \u2013 Modu\u0142 I, dzi\u0119ki czemu mo\u017cliwe b\u0119dzie obj\u0119cie senior\u00f3w&nbsp; zamieszkuj\u0105cych na terenie gminy S\u0142upno. Pomoc b\u0119dzie polega\u0142a na:<\/p>\n\n\n\n<p>&#8211; u\u0142atwieniu dost\u0119pno\u015bci do podstawowej oraz specjalistycznej opieki zdrowotnej<\/p>\n\n\n\n<p>&#8211; wsparcie psychologiczne<\/p>\n\n\n\n<p>&#8211; wsparcie w czynno\u015bciach dnia codziennego<\/p>\n\n\n\n<p>Adresatami s\u0105 seniorzy w wieku 65 lat i wi\u0119cej z terenu gminy S\u0142upno, kt\u00f3rzy maj\u0105 problemy z samodzielnym funkcjonowaniem ze wzgl\u0119du na stan zdrowia, prowadz\u0105cy samodzielne gospodarstwa domowe lub mieszkaj\u0105cy z osobami bliskimi, kt\u00f3re nie s\u0105 w stanie zapewni\u0107 im wystarczaj\u0105cego wsparcia.<\/p>\n\n\n\n<p>Dodatkowych informacji na temat realizacji Programu udzielaj\u0105 pracownicy socjalni pod numerem tel. 24&nbsp;261 91 78<\/p>\n\n\n\n<p><strong>Program&nbsp; \u201eKorpus Wsparcia Senior\u00f3w <\/strong>\u201d<strong>na rok 2022<\/strong><\/p>\n\n\n\n<p><strong>finansowany z Funduszu Przeciwdzia\u0142ania COVID &#8211; 19<\/strong><\/p>\n\n\n\n<p><strong>Dofinansowanie 13&nbsp;416,00 z\u0142<\/strong><\/p>\n\n\n\n<p><strong>Ca\u0142kowita warto\u015b\u0107 zadania 13 416,00 z\u0142<\/strong>&nbsp;<\/p>\n\n\n\n<img loading=\"lazy\" decoding=\"async\" src=\"http:\/\/cus.slupno.eu\/www\/container\/projekty\/Clip.jpg\" alt=\"\" width=\"292\" height=\"97\" \/><img loading=\"lazy\" decoding=\"async\" src=\"http:\/\/cus.slupno.eu\/www\/container\/projekty\/mrpips1460x616.jpg\" alt=\"\" width=\"237\" height=\"100\" \/>\n\n\n\n<p><strong>Program Ministerstwa Rodziny i Polityki Spo\u0142ecznej&nbsp; \u201eKorpus Wsparcia Senior\u00f3w\u201d<br>&nbsp;na rok 2023<\/strong><\/p>\n\n\n\n<p>Centrum Us\u0142ug Spo\u0142ecznych w S\u0142upnie informuje, i\u017c otrzyma\u0142 dotacje na realizacj\u0119 Programu \u201eKorpus Wsparcia Senior\u00f3w\u201d na rok&nbsp; 2023 \u2013 Modu\u0142 I, dzi\u0119ki czemu mo\u017cliwe b\u0119dzie obj\u0119cie senior\u00f3w&nbsp; zamieszkuj\u0105cych na terenie gminy S\u0142upno. Pomoc b\u0119dzie polega\u0142a na:<\/p>\n\n\n\n<p>&#8211; u\u0142atwieniu dost\u0119pno\u015bci do podstawowej oraz specjalistycznej opieki zdrowotnej<\/p>\n\n\n\n<p>&#8211; wsparcie psychologiczne<\/p>\n\n\n\n<p>&#8211; wsparcie w czynno\u015bciach dnia codziennego<\/p>\n\n\n\n<p>Adresatami s\u0105 seniorzy w wieku 65 lat i wi\u0119cej z terenu gminy S\u0142upno, kt\u00f3rzy maj\u0105 problemy z samodzielnym funkcjonowaniem ze wzgl\u0119du na stan zdrowia, prowadz\u0105cy samodzielne gospodarstwa domowe lub mieszkaj\u0105cy z osobami bliskimi, kt\u00f3re nie s\u0105 w stanie zapewni\u0107 im wystarczaj\u0105cego wsparcia.<\/p>\n\n\n\n<p>Dodatkowych informacji na temat realizacji Programu udzielaj\u0105 pracownicy socjalni pod numerem tel. 24&nbsp;261 91 78<\/p>\n\n\n\n<p><strong>Program&nbsp; \u201eKorpus Wsparcia Senior\u00f3w <\/strong>\u201d<strong>na rok 2023<\/strong><\/p>\n\n\n\n<p><strong>finansowany <\/strong><strong>z dotacji bud\u017cetu pa\u0144stwa na realizacj\u0119 programu<\/strong><\/p>\n\n\n\n<p><strong>Dofinansowanie 8 717,00 z\u0142<\/strong><\/p>\n\n\n\n<p><strong>Ca\u0142kowita warto\u015b\u0107 zadania 10 896,00 z\u0142<\/strong>&nbsp;<\/p>\n\n\n\n<img loading=\"lazy\" decoding=\"async\" src=\"http:\/\/cus.slupno.eu\/www\/container\/projekty\/Clip.jpg\" alt=\"\" width=\"292\" height=\"97\" \/><img loading=\"lazy\" decoding=\"async\" src=\"http:\/\/cus.slupno.eu\/www\/container\/projekty\/mrpips1460x616.jpg\" alt=\"\" width=\"237\" height=\"100\" \/>\u00a0\n\n\n\n<p><\/p>\n","protected":false},"excerpt":{"rendered":"<p>Program Ministerstwa Rodziny i Polityki Spo\u0142ecznej&nbsp; \u201eKorpus Wsparcia Senior\u00f3w\u201d&nbsp;na rok 2022 Centrum Us\u0142ug Spo\u0142ecznych w S\u0142upnie informuje, i\u017c otrzyma\u0142 dotacje na realizacj\u0119 Programu \u201eKorpus Wsparcia Senior\u00f3w\u201d na rok&nbsp; 2022 \u2013 Modu\u0142 I, dzi\u0119ki czemu mo\u017cliwe b\u0119dzie obj\u0119cie senior\u00f3w&nbsp; zamieszkuj\u0105cych na terenie gminy S\u0142upno. Pomoc b\u0119dzie polega\u0142a na: &#8211; u\u0142atwieniu dost\u0119pno\u015bci do podstawowej oraz specjalistycznej opieki [&hellip;]<\/p>\n","protected":false},"author":1,"featured_media":0,"parent":0,"menu_order":0,"comment_status":"closed","ping_status":"closed","template":"","meta":{"footnotes":""},"class_list":["post-338","page","type-page","status-publish","hentry"],"_links":{"self":[{"href":"https:\/\/cus.slupno.eu\/www\/wp-json\/wp\/v2\/pages\/338","targetHints":{"allow":["GET"]}}],"collection":[{"href":"https:\/\/cus.slupno.eu\/www\/wp-json\/wp\/v2\/pages"}],"about":[{"href":"https:\/\/cus.slupno.eu\/www\/wp-json\/wp\/v2\/types\/page"}],"author":[{"embeddable":true,"href":"https:\/\/cus.slupno.eu\/www\/wp-json\/wp\/v2\/users\/1"}],"replies":[{"embeddable":true,"href":"https:\/\/cus.slupno.eu\/www\/wp-json\/wp\/v2\/comments?post=338"}],"version-history":[{"count":1,"href":"https:\/\/cus.slupno.eu\/www\/wp-json\/wp\/v2\/pages\/338\/revisions"}],"predecessor-version":[{"id":339,"href":"https:\/\/cus.slupno.eu\/www\/wp-json\/wp\/v2\/pages\/338\/revisions\/339"}],"wp:attachment":[{"href":"https:\/\/cus.slupno.eu\/www\/wp-json\/wp\/v2\/media?parent=338"}],"curies":[{"name":"wp","href":"https:\/\/api.w.org\/{rel}","templated":true}]}}