{"id":342,"date":"2025-07-28T18:24:13","date_gmt":"2025-07-28T16:24:13","guid":{"rendered":"https:\/\/cus.slupno.eu\/www\/?page_id=342"},"modified":"2025-07-28T18:28:08","modified_gmt":"2025-07-28T16:28:08","slug":"korpus-wsparcia-seniorow-na-rok-2024","status":"publish","type":"page","link":"https:\/\/cus.slupno.eu\/www\/korpus-wsparcia-seniorow-na-rok-2024\/","title":{"rendered":"KORPUS WSPARCIA SENIOR\u00d3W na rok 2024"},"content":{"rendered":"\n<p><strong>Program \u201eKorpus Wsparcia Senior\u00f3w\u201d Modu\u0142 I &nbsp;2024<\/strong><\/p>\n\n\n\n<p><strong>Adresatami programu to:<\/strong><\/p>\n\n\n\n<p>Osoby w wieku 60 lat i wi\u0119cej, kt\u00f3rzy maj\u0105 problemy z samodzielnym funkcjonowaniem ze wzgl\u0119du na stan zdrowia, prowadz\u0105cy samodzielne gospodarstwa domowe lub mieszkaj\u0105cy &nbsp;&nbsp;&nbsp;&nbsp;&nbsp;&nbsp;&nbsp;&nbsp;&nbsp;&nbsp;&nbsp;&nbsp;&nbsp;&nbsp;z osobami bliskimi, kt\u00f3re nie s\u0105 w stanie zapewni\u0107 im wystarczaj\u0105cego wsparcia.<\/p>\n\n\n\n<p><strong>Cele programu to:<\/strong><\/p>\n\n\n\n<ol class=\"wp-block-list\">\n<li>Wsparcie finansowe gmin w zakresie organizowania us\u0142ug opieku\u0144czych \u015bwiadczonych w formie us\u0142ug s\u0105siedzkich.<\/li>\n\n\n\n<li>Wsparcie finansowe gmin w realizacji us\u0142ug opieku\u0144czych poprzez dost\u0119p do tzw. \u201eopieki na odleg\u0142o\u015b\u0107\u201d maj\u0105cej na celu popraw\u0119 bezpiecze\u0144stwa oraz mo\u017cliwo\u015bci samodzielnego funkcjonowania w miejscu zamieszkania os\u00f3b starszych.<\/li>\n<\/ol>\n\n\n\n<p><strong>Organizacja us\u0142ug opieku\u0144czych<\/strong>:<\/p>\n\n\n\n<p>O pomoc w formie us\u0142ug opieku\u0144czych (\u015bwiadczonych w formie us\u0142ug s\u0105siedzkich) nale\u017cy zwr\u00f3ci\u0107 si\u0119 do Centrum Us\u0142ug Spo\u0142ecznych w S\u0142upnie. Nie zawsze konieczna jest osobista wizyta w Centrum. Mo\u017cna skontaktowa\u0107 si\u0119 telefonicznie lub wys\u0142a\u0107 list. Wymagane jest za\u015bwiadczenie lekarskie o stanie zdrowia, uzasadniaj\u0105ce korzystanie z us\u0142ug opieku\u0144czych i zalecon\u0105 przez lekarza piel\u0119gnacj\u0119. Po zg\u0142oszeniu, &nbsp;w przeci\u0105gu dw\u00f3ch tygodni, pracownik socjalny z CUS odwiedza osob\u0119 oczekuj\u0105c\u0105 pomocy w jej mieszkaniu i przeprowadza tzw. rodzinny wywiad \u015brodowiskowy, kt\u00f3rego celem jest ocena sytuacji \u017cyciowej podopiecznego. Od wynik\u00f3w wywiadu zale\u017cy m.in. ustalenie wysoko\u015bci ewentualnej odp\u0142atno\u015bci za us\u0142ugi. Centrum us\u0142ug Spo\u0142ecznych musi w ci\u0105gu 30 dni od otrzymania zg\u0142oszenia zapotrzebowania na us\u0142ugi wyda\u0107 decyzj\u0119 administracyjn\u0105&nbsp; o przyznaniu &#8211; b\u0105d\u017a nie &#8211; tej formy pomocy.<br>&nbsp;<\/p>\n\n\n\n<p><strong>Ile p\u0142acimy za us\u0142ugi<\/strong><\/p>\n\n\n\n<p>Od czego zale\u017cy wysoko\u015b\u0107 op\u0142at\/ zwolnienie z op\u0142at:<br><br><strong>Od miejsca zamieszkania<\/strong> \u2013 szczeg\u00f3\u0142owe zasady odp\u0142atno\u015bci, uchwalaj\u0105 w\u0142adze gminy&nbsp;&nbsp; dlatego mo\u017ce zdarzy\u0107 si\u0119, \u017ce dwie osoby mieszkaj\u0105ce w r\u00f3\u017cnych gminach mog\u0105 zap\u0142aci\u0107 r\u00f3\u017cne sumy za tak\u0105 sam\u0105 us\u0142ug\u0119. W celu uregulowania zasad udzielania i odp\u0142atno\u015bci za us\u0142ugi Gmina podejmuje uchwa\u0142\u0119.<br><br><strong>Od dochodu netto \u2013 &nbsp;<\/strong>Op\u0142aty za us\u0142ugi opieku\u0144cze s\u0105 naliczane przez Centrum Us\u0142ug Spo\u0142ecznych w S\u0142upnie i uzale\u017cnione s\u0105 od dochodu zgodnie z art. 8 ustawy o pomocy spo\u0142ecznej i Uchwa\u0142y Rady Gminy S\u0142upno.<br>Je\u015bli wi\u0119c nie przekraczamy kryterium dochodowego, kt\u00f3re wynosi 600 z\u0142 na osob\u0119&nbsp; w rodzinie, nie ponosimy odp\u0142atno\u015bci. Dla osoby samotnie gospodaruj\u0105cej kryterium to wynosi 776 z\u0142. W przypadku przekroczenia ponosimy cz\u0119\u015bciow\u0105 odp\u0142atno\u015b\u0107, tym wi\u0119ksz\u0105 im wi\u0119ksze przekroczenie (a\u017c do 100% ceny danej us\u0142ugi).<br><br><strong>Od sytuacji os\u00f3b ubiegaj\u0105cych si\u0119 o wsparcie<\/strong> \u2013 szczeg\u00f3lna sytuacja \u017cyciowa osoby korzystaj\u0105cej z pomocy, mo\u017ce by\u0107 powodem cz\u0119\u015bciowego lub ca\u0142kowitego zwolnienia z op\u0142at za us\u0142ugi. Powodem zwolnienia w uzasadnionych sytuacjach, gdy ponoszenie op\u0142at za \u015bwiadczone us\u0142ugi stanowi\u0142oby nadmierne obci\u0105\u017cenie, b\u0119d\u0105 np.: udokumentowane wydatki na zakup lekarstw, artyku\u0142\u00f3w sanitarnych, op\u0142aty za leczenie, stosowanie specjalistycznej diety, zakup sprz\u0119tu rehabilitacyjnego, inne uzasadnione sytuacje \u017cyciowe i losowe.<br>Centrum Us\u0142ug Spo\u0142ecznych&nbsp; w S\u0142upnie mo\u017ce przeprowadzi\u0107 rodzinny wywiad \u015brodowiskowy u najbli\u017cszej rodziny osoby ubiegaj\u0105cej si\u0119 o us\u0142ugi. Wywiad ten ma na celu ustalenie czy rodzina ta udziela pomocy. CUS mo\u017ce ustali\u0107 z rodzin\u0105 wysoko\u015b\u0107 wsparcia finansowego jak\u0105 b\u0119dzie ona \u015bwiadczy\u0107. Pami\u0119tajmy, \u017ce CUS cz\u0119sto b\u0119dzie kierowa\u0142 si\u0119 zasad\u0105, \u017ce osoba wymagaj\u0105ca opieki i pomocy w pierwszej kolejno\u015bci powinna oczekiwa\u0107 jej od najbli\u017cszych.<\/p>\n\n\n\n<p>Szczeg\u00f3\u0142owe informacje:<\/p>\n\n\n\n<p><a href=\"https:\/\/cus.slupno.eu\/www\/korpus-wsparcia-seniorow-na-rok-2024\/\">https:\/\/cus.slupno.eu\/www\/korpus-wsparcia-seniorow-na-rok-2024\/<\/a><\/p>\n\n\n\n<p><strong>Dofinansowanie: 24&nbsp;000,00 z\u0142<\/strong><\/p>\n\n\n\n<p><strong>Wk\u0142ad w\u0142asny: 12&nbsp;000,00 z\u0142<\/strong><\/p>\n\n\n\n<p><strong>Ca\u0142kowita warto\u015b\u0107 zadania: 36 000,00 z\u0142<\/strong><\/p>\n\n\n\n<p><img loading=\"lazy\" decoding=\"async\" width=\"292\" height=\"97\" src=\"http:\/\/cus.slupno.eu\/www\/container\/projekty\/Clip.jpg\" alt=\"\"><img loading=\"lazy\" decoding=\"async\" width=\"237\" height=\"100\" src=\"http:\/\/cus.slupno.eu\/www\/container\/projekty\/mrpips1460x616.jpg\" alt=\"\"><\/p>\n","protected":false},"excerpt":{"rendered":"<p>Program \u201eKorpus Wsparcia Senior\u00f3w\u201d Modu\u0142 I &nbsp;2024 Adresatami programu to: Osoby w wieku 60 lat i wi\u0119cej, kt\u00f3rzy maj\u0105 problemy z samodzielnym funkcjonowaniem ze wzgl\u0119du na stan zdrowia, prowadz\u0105cy samodzielne gospodarstwa domowe lub mieszkaj\u0105cy &nbsp;&nbsp;&nbsp;&nbsp;&nbsp;&nbsp;&nbsp;&nbsp;&nbsp;&nbsp;&nbsp;&nbsp;&nbsp;&nbsp;z osobami bliskimi, kt\u00f3re nie s\u0105 w stanie zapewni\u0107 im wystarczaj\u0105cego wsparcia. Cele programu to: Organizacja us\u0142ug opieku\u0144czych: O pomoc w [&hellip;]<\/p>\n","protected":false},"author":1,"featured_media":0,"parent":0,"menu_order":0,"comment_status":"closed","ping_status":"closed","template":"","meta":{"footnotes":""},"class_list":["post-342","page","type-page","status-publish","hentry"],"_links":{"self":[{"href":"https:\/\/cus.slupno.eu\/www\/wp-json\/wp\/v2\/pages\/342","targetHints":{"allow":["GET"]}}],"collection":[{"href":"https:\/\/cus.slupno.eu\/www\/wp-json\/wp\/v2\/pages"}],"about":[{"href":"https:\/\/cus.slupno.eu\/www\/wp-json\/wp\/v2\/types\/page"}],"author":[{"embeddable":true,"href":"https:\/\/cus.slupno.eu\/www\/wp-json\/wp\/v2\/users\/1"}],"replies":[{"embeddable":true,"href":"https:\/\/cus.slupno.eu\/www\/wp-json\/wp\/v2\/comments?post=342"}],"version-history":[{"count":3,"href":"https:\/\/cus.slupno.eu\/www\/wp-json\/wp\/v2\/pages\/342\/revisions"}],"predecessor-version":[{"id":350,"href":"https:\/\/cus.slupno.eu\/www\/wp-json\/wp\/v2\/pages\/342\/revisions\/350"}],"wp:attachment":[{"href":"https:\/\/cus.slupno.eu\/www\/wp-json\/wp\/v2\/media?parent=342"}],"curies":[{"name":"wp","href":"https:\/\/api.w.org\/{rel}","templated":true}]}}