{"id":355,"date":"2025-07-28T18:31:10","date_gmt":"2025-07-28T16:31:10","guid":{"rendered":"https:\/\/cus.slupno.eu\/www\/?page_id=355"},"modified":"2025-07-28T18:31:10","modified_gmt":"2025-07-28T16:31:10","slug":"srodowiskowy-dom-samopomocy","status":"publish","type":"page","link":"https:\/\/cus.slupno.eu\/www\/srodowiskowy-dom-samopomocy\/","title":{"rendered":"\u015arodowiskowy Dom Samopomocy"},"content":{"rendered":"\n<p><strong>KIEROWANIE DO \u015aRODOWISKOWEGO DOMU SAMOPOMOCY W S\u0141UPNIE<\/strong><\/p>\n\n\n\n<p>Z us\u0142ug \u015arodowiskowego Domu Samopomocy w S\u0142upnie mog\u0105 korzysta\u0107 jedynie osoby z zaburzeniami psychicznymi. Ustawa o pomocy spo\u0142ecznej nie formu\u0142uje odpowiedniej definicji, czyni\u0105 to przepisy odr\u0119bne.<\/p>\n\n\n\n<p>&nbsp;&nbsp;&nbsp;&nbsp;&nbsp;&nbsp;&nbsp;&nbsp;&nbsp;&nbsp;&nbsp; Zgodnie z art. 3 pkt 1 ustawy o zdrowiu psychicznym, osob\u0105 z zaburzeniami psychicznymi jest osoba:<\/p>\n\n\n\n<ul class=\"wp-block-list\">\n<li>chora psychicznie (wykazuj\u0105ca zaburzenia psychotyczne),<\/li>\n\n\n\n<li>upo\u015bledzona umys\u0142owo,<\/li>\n\n\n\n<li>osoba wykazuj\u0105ca inne zak\u0142\u00f3cenia czynno\u015bci psychicznych, kt\u00f3re zgodnie<br>ze stanem wiedzy medycznej s\u0105 zaliczane do zaburze\u0144 psychicznych, a osoba ta wymaga \u015bwiadcze\u0144 zdrowotnych lub innych form pomocy i opieki niezb\u0119dnych do \u017cycia w \u015brodowisku rodzinnym lub spo\u0142ecznym.<\/li>\n<\/ul>\n\n\n\n<p>Podobny katalog os\u00f3b przyj\u0119tych do \u015brodowiskowego domu samopomocy przedstawia rozporz\u0105dzenie Ministra Pracy i Polityki Spo\u0142ecznej z dnia 9 grudnia 2010 r. w sprawie \u015brodowiskowych dom\u00f3w samopomocy, wymienia ono:<\/p>\n\n\n\n<ul class=\"wp-block-list\">\n<li>osoby przewlekle psychicznie chore,<\/li>\n\n\n\n<li>osoby upo\u015bledzone umys\u0142owo w stopniu g\u0142\u0119bokim, znacznym i umiarkowanym, a tak\u017ce osoby z lekkim upo\u015bledzeniem umys\u0142owym, gdy jednocze\u015bnie wyst\u0119puj\u0105 inne zaburzenia, zw\u0142aszcza neurologiczne, oraz<\/li>\n\n\n\n<li>osoby wykazuj\u0105ce inne przewlek\u0142e zaburzenia czynno\u015bci psychicznych, kt\u00f3re zgodnie ze stanem wiedzy medycznej s\u0105 zaliczane do zaburze\u0144 psychicznych, z wy\u0142\u0105czeniem os\u00f3b czynnie uzale\u017cnionych od \u015brodk\u00f3w psychoaktywnych (\u00a7 2 pkt 5 lit a, b i c).<\/li>\n<\/ul>\n\n\n\n<p>&nbsp;&nbsp;&nbsp;&nbsp;&nbsp;&nbsp;&nbsp;&nbsp;&nbsp;&nbsp;&nbsp; Wniosek o skierowanie do \u015arodowiskowego Domu Samopomocy w S\u0142upnie sk\u0142ada si\u0119 w Centrum Us\u0142ug Spo\u0142ecznych w S\u0142upnie do\u0142\u0105czaj\u0105c za\u015bwiadczenie lekarskie, wydane przez lekarza psychiatr\u0119 lub lekarza neurologa, o wyst\u0119puj\u0105cych zaburzeniach psychicznych oraz za\u015bwiadczenie lekarza rodzinnego o stanie zdrowia i o braku przeciwwskaza\u0144 do uczestnictwa w zaj\u0119ciach domu wraz&nbsp; z informacj\u0105 o sprawno\u015bci w zakresie lokomocji os\u00f3b niepe\u0142nosprawnych fizycznie, a tak\u017ce orzeczenie o niepe\u0142nosprawno\u015bci lub orzeczenie o stopniu&nbsp; niepe\u0142nosprawno\u015bci, o ile osoba takie posiada.<\/p>\n\n\n\n<p>&nbsp;&nbsp;&nbsp;&nbsp; W przypadku os\u00f3b, kt\u00f3re po raz pierwszy wyst\u0105pi\u0142y o skierowanie do domu, decyzj\u0119 o skierowaniu do domu wydaje si\u0119 na czas okre\u015blony, nie d\u0142u\u017cszy ni\u017c 3 miesi\u0105ce, konieczny do dokonania przez zesp\u00f3\u0142 wspieraj\u0105co-aktywizuj\u0105cy oceny mo\u017cliwo\u015bci zaproponowania osobie indywidualnego planu post\u0119powania wspieraj\u0105co-aktywizuj\u0105cego oraz okresu, jaki b\u0119dzie niezb\u0119dny do jego realizacji. Po dokonaniu oceny oraz przygotowaniu indywidualnego planu post\u0119powania wspieraj\u0105co-aktywizuj\u0105cego osob\u0119 kieruje si\u0119 do domu na czas okre\u015blony, uzgodniony z kierownikiem domu, niezb\u0119dny do realizacji indywidualnego planu post\u0119powania wspieraj\u0105co-aktywizuj\u0105cego.<\/p>\n\n\n\n<p>&nbsp;&nbsp;&nbsp;&nbsp; Okres, na jaki osoba zosta\u0142a skierowana do domu, mo\u017ce by\u0107 przed\u0142u\u017cony, w szczeg\u00f3lno\u015bci w sytuacji braku post\u0119p\u00f3w w realizacji indywidualnego planu post\u0119powania wspieraj\u0105co-aktywizuj\u0105cego, okresowego braku mo\u017cliwo\u015bci skierowania osoby do innego o\u015brodka wsparcia, domu pomocy spo\u0142ecznej lub warsztatu terapii zaj\u0119ciowej albo braku mo\u017cliwo\u015bci zatrudnienia,<br>w tym w warunkach pracy chronionej na przystosowanym stanowisku pracy.<\/p>\n\n\n\n<p>&nbsp;&nbsp;&nbsp;&nbsp; Zgodnie z art. 51b ust. 5 ustawy o pomocy spo\u0142ecznej, decyzj\u0119 o skierowaniu do o\u015brodka wsparcia dla os\u00f3b z zaburzeniami psychicznymi i decyzj\u0119 ustalaj\u0105c\u0105 odp\u0142atno\u015b\u0107 za korzystanie z us\u0142ug w tych o\u015brodkach wydaje w\u0142a\u015bciwy organ jednostki samorz\u0105du terytorialnego prowadz\u0105cej lub zlecaj\u0105cej prowadzenie o\u015brodka wsparcia dla os\u00f3b z zaburzeniami psychicznymi.<\/p>\n\n\n\n<p>&nbsp;&nbsp;&nbsp;&nbsp; Organ ten, mo\u017ce zwolni\u0107 osoby zobowi\u0105zane do odp\u0142atno\u015bci za us\u0142ugi w o\u015brodkach wsparcia, na ich wniosek, cz\u0119\u015bciowo lub ca\u0142kowicie z tej odp\u0142atno\u015bci. Przepis art. 64 stosuje si\u0119 odpowiednio (osoby wnosz\u0105ce op\u0142at\u0119 za pobyt w domu pomocy spo\u0142ecznej mo\u017cna zwolni\u0107, na ich wniosek, cz\u0119\u015bciowo lub ca\u0142kowicie z tej op\u0142aty, w szczeg\u00f3lno\u015bci je\u017celi:<\/p>\n\n\n\n<p>1) wnosz\u0105 op\u0142at\u0119 za pobyt innych cz\u0142onk\u00f3w rodziny w domu pomocy spo\u0142ecznej, o\u015brodku wsparcia lub innej plac\u00f3wce;<\/p>\n\n\n\n<p>2) wyst\u0119puj\u0105 uzasadnione okoliczno\u015bci, zw\u0142aszcza d\u0142ugotrwa\u0142a choroba, bezrobocie, niepe\u0142nosprawno\u015b\u0107, \u015bmier\u0107 cz\u0142onka rodziny, straty materialne powsta\u0142e w wyniku kl\u0119ski \u017cywio\u0142owej lub innych zdarze\u0144 losowych;<\/p>\n\n\n\n<p>3) ma\u0142\u017conkowie, zst\u0119pni, wst\u0119pni utrzymuj\u0105 si\u0119 z jednego \u015bwiadczenia lub wynagrodzenia;<\/p>\n\n\n\n<p>4) osoba obowi\u0105zana do wnoszenia op\u0142aty jest w ci\u0105\u017cy lub samotnie wychowuje dziecko).<\/p>\n","protected":false},"excerpt":{"rendered":"<p>KIEROWANIE DO \u015aRODOWISKOWEGO DOMU SAMOPOMOCY W S\u0141UPNIE Z us\u0142ug \u015arodowiskowego Domu Samopomocy w S\u0142upnie mog\u0105 korzysta\u0107 jedynie osoby z zaburzeniami psychicznymi. Ustawa o pomocy spo\u0142ecznej nie formu\u0142uje odpowiedniej definicji, czyni\u0105 to przepisy odr\u0119bne. &nbsp;&nbsp;&nbsp;&nbsp;&nbsp;&nbsp;&nbsp;&nbsp;&nbsp;&nbsp;&nbsp; Zgodnie z art. 3 pkt 1 ustawy o zdrowiu psychicznym, osob\u0105 z zaburzeniami psychicznymi jest osoba: Podobny katalog os\u00f3b przyj\u0119tych do [&hellip;]<\/p>\n","protected":false},"author":2,"featured_media":0,"parent":0,"menu_order":0,"comment_status":"closed","ping_status":"closed","template":"","meta":{"footnotes":""},"class_list":["post-355","page","type-page","status-publish","hentry"],"_links":{"self":[{"href":"https:\/\/cus.slupno.eu\/www\/wp-json\/wp\/v2\/pages\/355","targetHints":{"allow":["GET"]}}],"collection":[{"href":"https:\/\/cus.slupno.eu\/www\/wp-json\/wp\/v2\/pages"}],"about":[{"href":"https:\/\/cus.slupno.eu\/www\/wp-json\/wp\/v2\/types\/page"}],"author":[{"embeddable":true,"href":"https:\/\/cus.slupno.eu\/www\/wp-json\/wp\/v2\/users\/2"}],"replies":[{"embeddable":true,"href":"https:\/\/cus.slupno.eu\/www\/wp-json\/wp\/v2\/comments?post=355"}],"version-history":[{"count":1,"href":"https:\/\/cus.slupno.eu\/www\/wp-json\/wp\/v2\/pages\/355\/revisions"}],"predecessor-version":[{"id":356,"href":"https:\/\/cus.slupno.eu\/www\/wp-json\/wp\/v2\/pages\/355\/revisions\/356"}],"wp:attachment":[{"href":"https:\/\/cus.slupno.eu\/www\/wp-json\/wp\/v2\/media?parent=355"}],"curies":[{"name":"wp","href":"https:\/\/api.w.org\/{rel}","templated":true}]}}