{"id":365,"date":"2025-07-28T18:35:26","date_gmt":"2025-07-28T16:35:26","guid":{"rendered":"https:\/\/cus.slupno.eu\/www\/?page_id=365"},"modified":"2025-07-28T18:35:26","modified_gmt":"2025-07-28T16:35:26","slug":"uslugi-opiekuncze","status":"publish","type":"page","link":"https:\/\/cus.slupno.eu\/www\/uslugi-opiekuncze\/","title":{"rendered":"Us\u0142ugi Opieku\u0144cze"},"content":{"rendered":"\n<p><strong>Samotni i niepe\u0142nosprawni<\/strong><br>Ustawa o pomocy spo\u0142ecznej wskazuje, \u017ce pomoc w formie us\u0142ug przys\u0142uguje osobom samotnym, kt\u00f3re z powodu wieku, choroby, niepe\u0142nosprawno\u015bci lub innej przyczyny wymagaj\u0105 pomocy innych os\u00f3b, a s\u0105 jej pozbawione. Us\u0142ugi opieku\u0144cze mog\u0105 by\u0107 przyznane r\u00f3wnie\u017c osobom, kt\u00f3re wymagaj\u0105 pomocy innych os\u00f3b, a rodzina nie mo\u017ce takiej pomocy zapewni\u0107. Us\u0142ugi \u015bwiadczone s\u0105 w mieszkaniu osoby, kt\u00f3ra potrzebuje pomocy lub &nbsp;w o\u015brodkach wsparcia takich jak \u015brodowiskowe domy samopomocy, kluby samopomocy, dzienne domy pomocy.<\/p>\n\n\n\n<p><strong>Zakres us\u0142ug opieku\u0144czych:<\/strong><\/p>\n\n\n\n<p>&#8211; pomoc w utrzymaniu higieny osobistej podopiecznego,<\/p>\n\n\n\n<p>&#8211; zmian\u0119 bielizny osobistej, po\u015bcielowej, przes\u0142anie \u0142\u00f3\u017cka,<\/p>\n\n\n\n<p>&#8211; utrzymanie w czysto\u015bci bielizny osobistej i po\u015bcielowej podopiecznego,<\/p>\n\n\n\n<p>&#8211; pomoc przy za\u0142atwianiu potrzeb fizjologicznych \u2013 podanie basenu, pomoc w doj\u015bciu do toalety<\/p>\n\n\n\n<p>&#8211; zapobieganie powstawaniu odle\u017cyn i odparze\u0144,<\/p>\n\n\n\n<p>&#8211; zmiana pozycji ob\u0142o\u017cnie chorego w \u0142\u00f3\u017cku,<\/p>\n\n\n\n<p>&#8211; opiek\u0119 zalecan\u0105 przez lekarza \u2013 podawanie lek\u00f3w, ok\u0142ady, nacieranie,<\/p>\n\n\n\n<p>&#8211; zakupy artyku\u0142\u00f3w spo\u017cywczych i przemys\u0142owych,<\/p>\n\n\n\n<p>&#8211; przygotowywanie posi\u0142ku lub pomoc w jego przygotowaniu (dostarczenie posi\u0142ku ze sto\u0142\u00f3wki, karmienie chorego),<\/p>\n\n\n\n<p>&#8211; palenie w piecu, dostarczanie w\u0119gla, wody i&nbsp; drewna do mieszkania podopiecznego,<\/p>\n\n\n\n<p>&#8211; utrzymywanie w czysto\u015bci pomieszcze\u0144 u\u017cytkowanych przez podopiecznego,<\/p>\n\n\n\n<p>&#8211; zamawianie wizyt lekarskich, realizacji recept,<\/p>\n\n\n\n<p>&#8211; za\u0142atwianie spraw urz\u0119dowych,<\/p>\n\n\n\n<p>&#8211; wsp\u00f3\u0142prac\u0119 z innymi instytucjami i organizacjami powo\u0142anymi do opieki nad chorym&nbsp;w domu<\/p>\n\n\n\n<p><strong>Organizacja us\u0142ug opieku\u0144czych<\/strong><\/p>\n\n\n\n<p>O pomoc w formie us\u0142ug opieku\u0144czych (tak\u017ce Specjalistycznych Us\u0142ug Opieku\u0144czych) nale\u017cy zwr\u00f3ci\u0107 si\u0119 do Centrum Us\u0142ug Spo\u0142ecznych w w S\u0142upnie. Nie zawsze konieczna jest osobista wizyta w Centrum. Mo\u017cna skontaktowa\u0107 si\u0119 telefonicznie lub wys\u0142a\u0107 list. Wymagane jest za\u015bwiadczenie lekarskie o stanie zdrowia, uzasadniaj\u0105ce korzystanie z us\u0142ug opieku\u0144czych i zalecon\u0105 przez lekarza piel\u0119gnacj\u0119. Po zg\u0142oszeniu, &nbsp;w przeci\u0105gu dw\u00f3ch tygodni, pracownik socjalny z CUS odwiedza osob\u0119 oczekuj\u0105c\u0105 pomocy w jej mieszkaniu i przeprowadza tzw. rodzinny wywiad \u015brodowiskowy, kt\u00f3rego celem jest ocena sytuacji \u017cyciowej podopiecznego. Od wynik\u00f3w wywiadu zale\u017cy m.in. ustalenie wysoko\u015bci ewentualnej odp\u0142atno\u015bci za us\u0142ugi. Centrum us\u0142ug Spo\u0142ecznych musi w ci\u0105gu 30 dni od otrzymania zg\u0142oszenia zapotrzebowania na us\u0142ugi wyda\u0107 decyzj\u0119 administracyjn\u0105&nbsp; o przyznaniu &#8211; b\u0105d\u017a nie &#8211; tej formy pomocy.<br>&nbsp;<\/p>\n\n\n\n<p><strong>Ile p\u0142acimy za us\u0142ugi<\/strong><\/p>\n\n\n\n<p>Od czego zale\u017cy wysoko\u015b\u0107 op\u0142at\/ zwolnienie z op\u0142at:<br><br><strong>Od miejsca zamieszkania<\/strong> \u2013 szczeg\u00f3\u0142owe zasady odp\u0142atno\u015bci, uchwalaj\u0105 w\u0142adze gminy&nbsp;&nbsp; dlatego mo\u017ce zdarzy\u0107 si\u0119, \u017ce dwie osoby mieszkaj\u0105ce w r\u00f3\u017cnych gminach mog\u0105 zap\u0142aci\u0107 r\u00f3\u017cne sumy za tak\u0105 sam\u0105 us\u0142ug\u0119. W celu uregulowania zasad udzielania i odp\u0142atno\u015bci za us\u0142ugi Gmina podejmuje uchwa\u0142\u0119.<br><br><strong>Od dochodu netto \u2013 &nbsp;<\/strong>Op\u0142aty za us\u0142ugi opieku\u0144cze s\u0105 naliczane przez Gminny O\u015brodek Pomocy Spo\u0142ecznej w S\u0142upnie i uzale\u017cnione s\u0105 od dochodu zgodnie z art. 8 ustawy o pomocy spo\u0142ecznej i Uchwa\u0142y Rady Gminy S\u0142upno.<br>Je\u015bli wi\u0119c nie przekraczamy kryterium dochodowego, kt\u00f3re wynosi 600 z\u0142 na osob\u0119&nbsp;w rodzinie, nie ponosimy odp\u0142atno\u015bci. Dla osoby samotnie gospodaruj\u0105cej kryterium to wynosi 776 z\u0142. W przypadku przekroczenia ponosimy cz\u0119\u015bciow\u0105 odp\u0142atno\u015b\u0107, tym wi\u0119ksz\u0105 im wi\u0119ksze przekroczenie (a\u017c do 100% ceny danej us\u0142ugi).<br><br><strong>Od sytuacji os\u00f3b ubiegaj\u0105cych si\u0119 o wsparcie<\/strong> \u2013 szczeg\u00f3lna sytuacja \u017cyciowa osoby korzystaj\u0105cej z pomocy, mo\u017ce by\u0107 powodem cz\u0119\u015bciowego lub ca\u0142kowitego zwolnienia z op\u0142at za us\u0142ugi. Powodem zwolnienia w uzasadnionych sytuacjach, gdy ponoszenie op\u0142at za \u015bwiadczone us\u0142ugi stanowi\u0142oby nadmierne obci\u0105\u017cenie, b\u0119d\u0105 np.: udokumentowane wydatki na zakup lekarstw, artyku\u0142\u00f3w sanitarnych, op\u0142aty za leczenie, stosowanie specjalistycznej diety, zakup sprz\u0119tu rehabilitacyjnego, inne uzasadnione sytuacje \u017cyciowe i losowe.<br>Centrum Us\u0142ug Spo\u0142ecznych&nbsp; w S\u0142upnie mo\u017ce przeprowadzi\u0107 rodzinny wywiad \u015brodowiskowy u najbli\u017cszej rodziny osoby ubiegaj\u0105cej si\u0119 o us\u0142ugi. Wywiad ten ma na celu ustalenie czy rodzina ta udziela pomocy. CUS mo\u017ce ustali\u0107 z rodzin\u0105 wysoko\u015b\u0107 wsparcia finansowego jak\u0105 b\u0119dzie ona \u015bwiadczy\u0107. Pami\u0119tajmy, \u017ce CUS cz\u0119sto b\u0119dzie kierowa\u0142 si\u0119 zasad\u0105, \u017ce osoba wymagaj\u0105ca opieki i pomocy w pierwszej kolejno\u015bci powinna oczekiwa\u0107 jej od najbli\u017cszych.<\/p>\n\n\n\n<p><strong>Od dochodu netto \u2013&nbsp; <\/strong>op\u0142aty za us\u0142ugi opieku\u0144cze s\u0105 naliczane przez Centrum Us\u0142ug Spo\u0142ecznych w S\u0142upnie i uzale\u017cnione s\u0105 od dochodu zgodnie z art. 8 ustawy o pomocy spo\u0142ecznej i Uchwa\u0142y Rady Gminy S\u0142upno.<br>Je\u015bli wi\u0119c nie przekraczamy kryterium dochodowego, kt\u00f3re wynosi 600 z\u0142 na osob\u0119&nbsp;w rodzinie, nie ponosimy odp\u0142atno\u015bci. Dla osoby samotnie gospodaruj\u0105cej kryterium to wynosi 776 z\u0142. W przypadku przekroczenia ponosimy cz\u0119\u015bciow\u0105 odp\u0142atno\u015b\u0107, tym wi\u0119ksz\u0105 im wi\u0119ksze przekroczenie (a\u017c do 100% ceny danej us\u0142ugi).<\/p>\n","protected":false},"excerpt":{"rendered":"<p>Samotni i niepe\u0142nosprawniUstawa o pomocy spo\u0142ecznej wskazuje, \u017ce pomoc w formie us\u0142ug przys\u0142uguje osobom samotnym, kt\u00f3re z powodu wieku, choroby, niepe\u0142nosprawno\u015bci lub innej przyczyny wymagaj\u0105 pomocy innych os\u00f3b, a s\u0105 jej pozbawione. Us\u0142ugi opieku\u0144cze mog\u0105 by\u0107 przyznane r\u00f3wnie\u017c osobom, kt\u00f3re wymagaj\u0105 pomocy innych os\u00f3b, a rodzina nie mo\u017ce takiej pomocy zapewni\u0107. Us\u0142ugi \u015bwiadczone s\u0105 w [&hellip;]<\/p>\n","protected":false},"author":2,"featured_media":0,"parent":0,"menu_order":0,"comment_status":"closed","ping_status":"closed","template":"","meta":{"footnotes":""},"class_list":["post-365","page","type-page","status-publish","hentry"],"_links":{"self":[{"href":"https:\/\/cus.slupno.eu\/www\/wp-json\/wp\/v2\/pages\/365","targetHints":{"allow":["GET"]}}],"collection":[{"href":"https:\/\/cus.slupno.eu\/www\/wp-json\/wp\/v2\/pages"}],"about":[{"href":"https:\/\/cus.slupno.eu\/www\/wp-json\/wp\/v2\/types\/page"}],"author":[{"embeddable":true,"href":"https:\/\/cus.slupno.eu\/www\/wp-json\/wp\/v2\/users\/2"}],"replies":[{"embeddable":true,"href":"https:\/\/cus.slupno.eu\/www\/wp-json\/wp\/v2\/comments?post=365"}],"version-history":[{"count":1,"href":"https:\/\/cus.slupno.eu\/www\/wp-json\/wp\/v2\/pages\/365\/revisions"}],"predecessor-version":[{"id":366,"href":"https:\/\/cus.slupno.eu\/www\/wp-json\/wp\/v2\/pages\/365\/revisions\/366"}],"wp:attachment":[{"href":"https:\/\/cus.slupno.eu\/www\/wp-json\/wp\/v2\/media?parent=365"}],"curies":[{"name":"wp","href":"https:\/\/api.w.org\/{rel}","templated":true}]}}