{"id":453,"date":"2025-07-28T19:55:21","date_gmt":"2025-07-28T17:55:21","guid":{"rendered":"https:\/\/cus.slupno.eu\/www\/?page_id=453"},"modified":"2025-07-28T19:55:21","modified_gmt":"2025-07-28T17:55:21","slug":"wspieranie-rodziny-placowka-wsparcia-dziennego","status":"publish","type":"page","link":"https:\/\/cus.slupno.eu\/www\/wspieranie-rodziny-placowka-wsparcia-dziennego\/","title":{"rendered":"WSPIERANIE RODZINY &#8211; Plac\u00f3wka Wsparcia Dziennego"},"content":{"rendered":"\n<p>Plac\u00f3wka jest atrakcyjnym miejscem, w kt\u00f3rym dzieci i m\u0142odzie\u017c mog\u0105 sp\u0119dza\u0107 czas wolny, miejscem zapewniaj\u0105cym r\u00f3wnoczesny dost\u0119p do dodatkowych zaj\u0119\u0107 umo\u017cliwiaj\u0105cych wszechstronny rozw\u00f3j dzieci, w zakresie podnoszenia ich kompetencji z przedmiot\u00f3w kluczowych takich jjak j. polski, matematyka, j. angielski, zaj\u0119\u0107 \u015bwietlicowych, grupy wsparcia dla rodzic\u00f3w, jak i us\u0142ug specjalistycznych m.in. w zakresie integracji sensorycznej, terapii logopedycznej, terapii taktylnej oraz terapii wad postawy.<\/p>\n\n\n\n<p>\u015awietlica ma by\u0107 r\u00f3wnie\u017c miejscem spotka\u0144 dzieci i m\u0142odzie\u017cy, dlatego nie zapominamy o dobrej zabawie. \u015awietlica zosta\u0142a wyposa\u017cona w nowoczesny sprz\u0119t multimedialny, konsol\u0119 XBOX, rzutnik, projektor i laptopy przeznaczone dla dzieci i m\u0142odzie\u017cy. Zakupiono m.in. cymbergaja, gry na konsol\u0119 XBOX (FIFA, HOT WEELS, MINECRAFT, HARRY POTTER, NEED FOR SPEED). Planowane s\u0105 turnieje gier, liczne spotkania integracyjne oraz pikniki wspieraj\u0105ce rozw\u00f3j dzieci i m\u0142odzie\u017cy w Gminie S\u0142upno.<\/p>\n\n\n\n<h3 class=\"wp-block-heading\">Pliki do pobrania<\/h3>\n\n\n\n<ul class=\"wp-block-list\">\n<li><a href=\"https:\/\/cus.slupno.eu\/web\/index.php?c=getfile&amp;id=336\" target=\"_blank\" rel=\"noreferrer noopener\">Harmonogram Plac\u00f3wki Wsparcia Dziennego &#8211; Maj 2022 roku<\/a> (570.06 KB)<\/li>\n\n\n\n<li><a href=\"https:\/\/cus.slupno.eu\/web\/index.php?c=getfile&amp;id=334\" target=\"_blank\" rel=\"noreferrer noopener\">Harmonogram Plac\u00f3wki Wsparcia Dzienngo &#8211; Czerwiec 2022 roku<\/a> (691.20 KB)<\/li>\n\n\n\n<li><a href=\"https:\/\/cus.slupno.eu\/web\/index.php?c=getfile&amp;id=335\" target=\"_blank\" rel=\"noreferrer noopener\">Harmonogram Plac\u00f3wki Wsparcia Dziennego &#8211; Lipiec 2022 roku<\/a> (623.30 KB)<\/li>\n<\/ul>\n\n\n\n<div class=\"wp-block-envira-envira-gallery\"><div id=\"envira-gallery-wrap-459\" class=\"envira-gallery-wrap envira-gallery-theme-base envira-lightbox-theme-base\" itemscope itemtype=\"https:\/\/schema.org\/ImageGallery\"><div data-row-height=\"150\" data-gallery-theme=\"normal\" id=\"envira-gallery-459\" class=\"envira-gallery-public envira-gallery-justified-public envira-gallery-0-columns envira-clear enviratope envira-gallery-css-animations\" data-envira-columns=\"0\"><div id=\"envira-gallery-item-454\" class=\"envira-gallery-item enviratope-item envira-gallery-item-1 envira-lazy-load\" style=\"padding-left: 1px; padding-bottom: 1px; padding-right: 1px;\"  itemscope itemtype=\"https:\/\/schema.org\/ImageObject\"><div class=\"envira-gallery-item-inner\"><div class=\"envira-gallery-position-overlay  envira-gallery-top-left\"><\/div><div class=\"envira-gallery-position-overlay  envira-gallery-top-right\"><\/div><div class=\"envira-gallery-position-overlay  envira-gallery-bottom-left\"><\/div><div class=\"envira-gallery-position-overlay  envira-gallery-bottom-right\"><\/div><a href=\"https:\/\/cus.slupno.eu\/www\/wp-content\/uploads\/2025\/07\/DSC-1004.jpg\" class=\"envira-gallery-459 envira-gallery-link\" rel=\"enviragallery459\" title=\"DSC-1004\" data-envira-caption=\"DSC-1004\" data-envira-retina=\"\" data-thumbnail=\"\"  itemprop=\"contentUrl\"><img decoding=\"async\" id=\"envira-gallery-image-454\" class=\"envira-gallery-image envira-gallery-image-1 envira-normal envira-lazy\" data-envira-index=\"1\" src=\"https:\/\/cus.slupno.eu\/www\/wp-content\/uploads\/2025\/07\/DSC-1004-1024x680-640x480.jpg\" data-envira-src=\"https:\/\/cus.slupno.eu\/www\/wp-content\/uploads\/2025\/07\/DSC-1004-1024x680-640x480.jpg\" data-envira-gallery-id=\"459\" data-envira-item-id=\"454\" data-envira-caption=\"DSC-1004\" alt=\"\" title=\"DSC-1004\"  itemprop=\"thumbnailUrl\" data-envira-srcset=\"https:\/\/cus.slupno.eu\/www\/wp-content\/uploads\/2025\/07\/DSC-1004-1024x680-640x480.jpg 400w,https:\/\/cus.slupno.eu\/www\/wp-content\/uploads\/2025\/07\/DSC-1004-1024x680-640x480.jpg 2x\" data-envira-width=\"300\" data-envira-height=\"199\" srcset=\"data:image\/gif;base64,R0lGODlhAQABAIAAAP\/\/\/\/\/\/\/yH5BAEKAAEALAAAAAABAAEAAAICTAEAOw==\" data-safe-src=\"data:image\/gif;base64,R0lGODlhAQABAIAAAP\/\/\/\/\/\/\/yH5BAEKAAEALAAAAAABAAEAAAICTAEAOw==\" \/><\/a><\/div><\/div><div id=\"envira-gallery-item-455\" class=\"envira-gallery-item enviratope-item envira-gallery-item-2 envira-lazy-load\" style=\"padding-left: 1px; padding-bottom: 1px; padding-right: 1px;\"  itemscope itemtype=\"https:\/\/schema.org\/ImageObject\"><div class=\"envira-gallery-item-inner\"><div class=\"envira-gallery-position-overlay  envira-gallery-top-left\"><\/div><div class=\"envira-gallery-position-overlay  envira-gallery-top-right\"><\/div><div class=\"envira-gallery-position-overlay  envira-gallery-bottom-left\"><\/div><div class=\"envira-gallery-position-overlay  envira-gallery-bottom-right\"><\/div><a href=\"https:\/\/cus.slupno.eu\/www\/wp-content\/uploads\/2025\/07\/DSC-1000-Kopia.jpg\" class=\"envira-gallery-459 envira-gallery-link\" rel=\"enviragallery459\" title=\"DSC-1000 &amp;amp;#8211; Kopia\" data-envira-caption=\"DSC-1000 &amp;amp;#8211; Kopia\" data-envira-retina=\"\" data-thumbnail=\"\"  itemprop=\"contentUrl\"><img decoding=\"async\" id=\"envira-gallery-image-455\" class=\"envira-gallery-image envira-gallery-image-2 envira-normal envira-lazy\" data-envira-index=\"2\" src=\"https:\/\/cus.slupno.eu\/www\/wp-content\/uploads\/2025\/07\/DSC-1000-Kopia-1024x680-640x480.jpg\" data-envira-src=\"https:\/\/cus.slupno.eu\/www\/wp-content\/uploads\/2025\/07\/DSC-1000-Kopia-1024x680-640x480.jpg\" data-envira-gallery-id=\"459\" data-envira-item-id=\"455\" data-envira-caption=\"DSC-1000 &amp;amp;#8211; Kopia\" alt=\"\" title=\"DSC-1000 &amp;#8211; Kopia\"  itemprop=\"thumbnailUrl\" data-envira-srcset=\"https:\/\/cus.slupno.eu\/www\/wp-content\/uploads\/2025\/07\/DSC-1000-Kopia-1024x680-640x480.jpg 400w,https:\/\/cus.slupno.eu\/www\/wp-content\/uploads\/2025\/07\/DSC-1000-Kopia-1024x680-640x480.jpg 2x\" data-envira-width=\"300\" data-envira-height=\"199\" srcset=\"data:image\/gif;base64,R0lGODlhAQABAIAAAP\/\/\/\/\/\/\/yH5BAEKAAEALAAAAAABAAEAAAICTAEAOw==\" data-safe-src=\"data:image\/gif;base64,R0lGODlhAQABAIAAAP\/\/\/\/\/\/\/yH5BAEKAAEALAAAAAABAAEAAAICTAEAOw==\" \/><\/a><\/div><\/div><div id=\"envira-gallery-item-456\" class=\"envira-gallery-item enviratope-item envira-gallery-item-3 envira-lazy-load\" style=\"padding-left: 1px; padding-bottom: 1px; padding-right: 1px;\"  itemscope itemtype=\"https:\/\/schema.org\/ImageObject\"><div class=\"envira-gallery-item-inner\"><div class=\"envira-gallery-position-overlay  envira-gallery-top-left\"><\/div><div class=\"envira-gallery-position-overlay  envira-gallery-top-right\"><\/div><div class=\"envira-gallery-position-overlay  envira-gallery-bottom-left\"><\/div><div class=\"envira-gallery-position-overlay  envira-gallery-bottom-right\"><\/div><a href=\"https:\/\/cus.slupno.eu\/www\/wp-content\/uploads\/2025\/07\/DSC-0998-Kopia.jpg\" class=\"envira-gallery-459 envira-gallery-link\" rel=\"enviragallery459\" title=\"DSC-0998 &amp;amp;#8211; Kopia\" data-envira-caption=\"DSC-0998 &amp;amp;#8211; Kopia\" data-envira-retina=\"\" data-thumbnail=\"\"  itemprop=\"contentUrl\"><img decoding=\"async\" id=\"envira-gallery-image-456\" class=\"envira-gallery-image envira-gallery-image-3 envira-normal envira-lazy\" data-envira-index=\"3\" src=\"https:\/\/cus.slupno.eu\/www\/wp-content\/uploads\/2025\/07\/DSC-0998-Kopia-1024x680-640x480.jpg\" data-envira-src=\"https:\/\/cus.slupno.eu\/www\/wp-content\/uploads\/2025\/07\/DSC-0998-Kopia-1024x680-640x480.jpg\" data-envira-gallery-id=\"459\" data-envira-item-id=\"456\" data-envira-caption=\"DSC-0998 &amp;amp;#8211; Kopia\" alt=\"\" title=\"DSC-0998 &amp;#8211; Kopia\"  itemprop=\"thumbnailUrl\" data-envira-srcset=\"https:\/\/cus.slupno.eu\/www\/wp-content\/uploads\/2025\/07\/DSC-0998-Kopia-1024x680-640x480.jpg 400w,https:\/\/cus.slupno.eu\/www\/wp-content\/uploads\/2025\/07\/DSC-0998-Kopia-1024x680-640x480.jpg 2x\" data-envira-width=\"300\" data-envira-height=\"199\" srcset=\"data:image\/gif;base64,R0lGODlhAQABAIAAAP\/\/\/\/\/\/\/yH5BAEKAAEALAAAAAABAAEAAAICTAEAOw==\" data-safe-src=\"data:image\/gif;base64,R0lGODlhAQABAIAAAP\/\/\/\/\/\/\/yH5BAEKAAEALAAAAAABAAEAAAICTAEAOw==\" \/><\/a><\/div><\/div><div id=\"envira-gallery-item-458\" class=\"envira-gallery-item enviratope-item envira-gallery-item-4 envira-lazy-load\" style=\"padding-left: 1px; padding-bottom: 1px; padding-right: 1px;\"  itemscope itemtype=\"https:\/\/schema.org\/ImageObject\"><div class=\"envira-gallery-item-inner\"><div class=\"envira-gallery-position-overlay  envira-gallery-top-left\"><\/div><div class=\"envira-gallery-position-overlay  envira-gallery-top-right\"><\/div><div class=\"envira-gallery-position-overlay  envira-gallery-bottom-left\"><\/div><div class=\"envira-gallery-position-overlay  envira-gallery-bottom-right\"><\/div><a href=\"https:\/\/cus.slupno.eu\/www\/wp-content\/uploads\/2025\/07\/DSC-0997-Kopia.jpg\" class=\"envira-gallery-459 envira-gallery-link\" rel=\"enviragallery459\" title=\"DSC-0997 &amp;amp;#8211; Kopia\" data-envira-caption=\"DSC-0997 &amp;amp;#8211; Kopia\" data-envira-retina=\"\" data-thumbnail=\"\"  itemprop=\"contentUrl\"><img decoding=\"async\" id=\"envira-gallery-image-458\" class=\"envira-gallery-image envira-gallery-image-4 envira-normal envira-lazy\" data-envira-index=\"4\" src=\"https:\/\/cus.slupno.eu\/www\/wp-content\/uploads\/2025\/07\/DSC-0997-Kopia-1024x680-640x480.jpg\" data-envira-src=\"https:\/\/cus.slupno.eu\/www\/wp-content\/uploads\/2025\/07\/DSC-0997-Kopia-1024x680-640x480.jpg\" data-envira-gallery-id=\"459\" data-envira-item-id=\"458\" data-envira-caption=\"DSC-0997 &amp;amp;#8211; Kopia\" alt=\"\" title=\"DSC-0997 &amp;#8211; Kopia\"  itemprop=\"thumbnailUrl\" data-envira-srcset=\"https:\/\/cus.slupno.eu\/www\/wp-content\/uploads\/2025\/07\/DSC-0997-Kopia-1024x680-640x480.jpg 400w,https:\/\/cus.slupno.eu\/www\/wp-content\/uploads\/2025\/07\/DSC-0997-Kopia-1024x680-640x480.jpg 2x\" data-envira-width=\"300\" data-envira-height=\"199\" srcset=\"data:image\/gif;base64,R0lGODlhAQABAIAAAP\/\/\/\/\/\/\/yH5BAEKAAEALAAAAAABAAEAAAICTAEAOw==\" data-safe-src=\"data:image\/gif;base64,R0lGODlhAQABAIAAAP\/\/\/\/\/\/\/yH5BAEKAAEALAAAAAABAAEAAAICTAEAOw==\" \/><\/a><\/div><\/div><div id=\"envira-gallery-item-457\" class=\"envira-gallery-item enviratope-item envira-gallery-item-5 envira-lazy-load\" style=\"padding-left: 1px; padding-bottom: 1px; padding-right: 1px;\"  itemscope itemtype=\"https:\/\/schema.org\/ImageObject\"><div class=\"envira-gallery-item-inner\"><div class=\"envira-gallery-position-overlay  envira-gallery-top-left\"><\/div><div class=\"envira-gallery-position-overlay  envira-gallery-top-right\"><\/div><div class=\"envira-gallery-position-overlay  envira-gallery-bottom-left\"><\/div><div class=\"envira-gallery-position-overlay  envira-gallery-bottom-right\"><\/div><a href=\"https:\/\/cus.slupno.eu\/www\/wp-content\/uploads\/2025\/07\/285267154-328504122692725-6186746165384583745-n.jpg\" class=\"envira-gallery-459 envira-gallery-link\" rel=\"enviragallery459\" title=\"285267154-328504122692725-6186746165384583745-n\" data-envira-caption=\"285267154-328504122692725-6186746165384583745-n\" data-envira-retina=\"\" data-thumbnail=\"\"  itemprop=\"contentUrl\"><img decoding=\"async\" id=\"envira-gallery-image-457\" class=\"envira-gallery-image envira-gallery-image-5 envira-normal envira-lazy\" data-envira-index=\"5\" src=\"https:\/\/cus.slupno.eu\/www\/wp-content\/uploads\/2025\/07\/285267154-328504122692725-6186746165384583745-n-570x1024-640x480.jpg\" data-envira-src=\"https:\/\/cus.slupno.eu\/www\/wp-content\/uploads\/2025\/07\/285267154-328504122692725-6186746165384583745-n-570x1024-640x480.jpg\" data-envira-gallery-id=\"459\" data-envira-item-id=\"457\" data-envira-caption=\"285267154-328504122692725-6186746165384583745-n\" alt=\"\" title=\"285267154-328504122692725-6186746165384583745-n\"  itemprop=\"thumbnailUrl\" data-envira-srcset=\"https:\/\/cus.slupno.eu\/www\/wp-content\/uploads\/2025\/07\/285267154-328504122692725-6186746165384583745-n-570x1024-640x480.jpg 400w,https:\/\/cus.slupno.eu\/www\/wp-content\/uploads\/2025\/07\/285267154-328504122692725-6186746165384583745-n-570x1024-640x480.jpg 2x\" data-envira-width=\"167\" data-envira-height=\"300\" srcset=\"data:image\/gif;base64,R0lGODlhAQABAIAAAP\/\/\/\/\/\/\/yH5BAEKAAEALAAAAAABAAEAAAICTAEAOw==\" data-safe-src=\"data:image\/gif;base64,R0lGODlhAQABAIAAAP\/\/\/\/\/\/\/yH5BAEKAAEALAAAAAABAAEAAAICTAEAOw==\" \/><\/a><\/div><\/div><\/div><\/div><noscript><img decoding=\"async\" src=\"https:\/\/cus.slupno.eu\/www\/wp-content\/uploads\/2025\/07\/DSC-1004.jpg\" alt=\"\" \/><img decoding=\"async\" src=\"https:\/\/cus.slupno.eu\/www\/wp-content\/uploads\/2025\/07\/DSC-1000-Kopia.jpg\" alt=\"\" \/><img decoding=\"async\" src=\"https:\/\/cus.slupno.eu\/www\/wp-content\/uploads\/2025\/07\/DSC-0998-Kopia.jpg\" alt=\"\" \/><img decoding=\"async\" src=\"https:\/\/cus.slupno.eu\/www\/wp-content\/uploads\/2025\/07\/DSC-0997-Kopia.jpg\" alt=\"\" \/><img decoding=\"async\" src=\"https:\/\/cus.slupno.eu\/www\/wp-content\/uploads\/2025\/07\/285267154-328504122692725-6186746165384583745-n.jpg\" alt=\"\" \/><\/noscript><\/div>\n","protected":false},"excerpt":{"rendered":"<p>Plac\u00f3wka jest atrakcyjnym miejscem, w kt\u00f3rym dzieci i m\u0142odzie\u017c mog\u0105 sp\u0119dza\u0107 czas wolny, miejscem zapewniaj\u0105cym r\u00f3wnoczesny dost\u0119p do dodatkowych zaj\u0119\u0107 umo\u017cliwiaj\u0105cych wszechstronny rozw\u00f3j dzieci, w zakresie podnoszenia ich kompetencji z przedmiot\u00f3w kluczowych takich jjak j. polski, matematyka, j. angielski, zaj\u0119\u0107 \u015bwietlicowych, grupy wsparcia dla rodzic\u00f3w, jak i us\u0142ug specjalistycznych m.in. w zakresie integracji sensorycznej, terapii [&hellip;]<\/p>\n","protected":false},"author":2,"featured_media":0,"parent":0,"menu_order":0,"comment_status":"closed","ping_status":"closed","template":"","meta":{"footnotes":""},"class_list":["post-453","page","type-page","status-publish","hentry"],"_links":{"self":[{"href":"https:\/\/cus.slupno.eu\/www\/wp-json\/wp\/v2\/pages\/453","targetHints":{"allow":["GET"]}}],"collection":[{"href":"https:\/\/cus.slupno.eu\/www\/wp-json\/wp\/v2\/pages"}],"about":[{"href":"https:\/\/cus.slupno.eu\/www\/wp-json\/wp\/v2\/types\/page"}],"author":[{"embeddable":true,"href":"https:\/\/cus.slupno.eu\/www\/wp-json\/wp\/v2\/users\/2"}],"replies":[{"embeddable":true,"href":"https:\/\/cus.slupno.eu\/www\/wp-json\/wp\/v2\/comments?post=453"}],"version-history":[{"count":1,"href":"https:\/\/cus.slupno.eu\/www\/wp-json\/wp\/v2\/pages\/453\/revisions"}],"predecessor-version":[{"id":460,"href":"https:\/\/cus.slupno.eu\/www\/wp-json\/wp\/v2\/pages\/453\/revisions\/460"}],"wp:attachment":[{"href":"https:\/\/cus.slupno.eu\/www\/wp-json\/wp\/v2\/media?parent=453"}],"curies":[{"name":"wp","href":"https:\/\/api.w.org\/{rel}","templated":true}]}}