{"id":463,"date":"2025-07-28T19:59:59","date_gmt":"2025-07-28T17:59:59","guid":{"rendered":"https:\/\/cus.slupno.eu\/www\/?page_id=463"},"modified":"2025-07-28T19:59:59","modified_gmt":"2025-07-28T17:59:59","slug":"terapia-logopedyczna","status":"publish","type":"page","link":"https:\/\/cus.slupno.eu\/www\/terapia-logopedyczna\/","title":{"rendered":"Terapia logopedyczna"},"content":{"rendered":"\n<p><strong>Terapia logopedyczna<\/strong> ma na celu usprawnienie funkcji komunikacyjnej poprzez stopniowe korygowanie zak\u0142\u00f3ce\u0144 wyst\u0119puj\u0105cych podczas porozumiewania si\u0119.<\/p>\n\n\n\n<p>Terapia poprzedzona jest wywiadem, obserwacj\u0105 oraz przeprowadzeniem specjalistycznych test\u00f3w. Na tej podstawie logopeda stawia diagnoz\u0119 i opracowuje program usprawniania.<\/p>\n\n\n\n<p><strong>Wskazania:<\/strong><\/p>\n\n\n\n<ul class=\"wp-block-list\">\n<li>autyzm,<\/li>\n\n\n\n<li>m\u00f3zgowe pora\u017cenie\u00a0dzieci\u0119ce,<\/li>\n\n\n\n<li>rozszczep wargi i podniebienia,<\/li>\n\n\n\n<li>j\u0105kanie,<\/li>\n\n\n\n<li>niedos\u0142uch,<\/li>\n\n\n\n<li>niepe\u0142nosprawno\u015b\u0107 z\u0142o\u017cona,<\/li>\n\n\n\n<li>wady wymowy,<\/li>\n\n\n\n<li>op\u00f3\u017aniony rozw\u00f3j mowy,<\/li>\n\n\n\n<li>dysleksja, dysgrafia, dyskalkulia.<\/li>\n<\/ul>\n\n\n\n<p><strong>Cele terapii:<\/strong><\/p>\n\n\n\n<ul class=\"wp-block-list\">\n<li>usprawnienie motoryki narz\u0105d\u00f3w mowy,<\/li>\n\n\n\n<li>korygowanie wad wymowy,<\/li>\n\n\n\n<li>poprawienie jako\u015bci funkcji j\u0119zykowej, oddechowej, fonacyjnej,<\/li>\n\n\n\n<li>rozbudowanie zasobu s\u0142ownictwa czynnego i biernego,<\/li>\n\n\n\n<li>wypracowanie alternatywnych zachowa\u0144 komunikacyjnych.<\/li>\n<\/ul>\n\n\n\n<p>W wykonywaniu wielokrotnie powtarzaj\u0105cych si\u0119 czynno\u015bci bardzo wa\u017cna jest motywacja dziecka, jego nies\u0142abn\u0105ce zainteresowanie, aktywno\u015b\u0107 na zaj\u0119ciach oraz sta\u0142a gotowo\u015b\u0107 do wsp\u00f3\u0142dzia\u0142ania. Te wszystkie cele mo\u017cna osi\u0105gn\u0105\u0107 dzi\u0119ki wykorzystaniu profesjonalnego oprogramowania. Dziecko pracuje znacznie ch\u0119tniej przy komputerze, gdy\u017c kojarzy terapi\u0119 g\u0142\u00f3wnie z zabaw\u0105.<\/p>\n\n\n\n<div class=\"wp-block-envira-envira-gallery\"><div id=\"envira-gallery-wrap-466\" class=\"envira-gallery-wrap envira-gallery-theme-base envira-lightbox-theme-base\" itemscope itemtype=\"https:\/\/schema.org\/ImageGallery\"><div data-row-height=\"150\" data-gallery-theme=\"normal\" id=\"envira-gallery-466\" class=\"envira-gallery-public envira-gallery-justified-public envira-gallery-0-columns envira-clear enviratope envira-gallery-css-animations\" data-envira-columns=\"0\"><div id=\"envira-gallery-item-464\" class=\"envira-gallery-item enviratope-item envira-gallery-item-1 envira-lazy-load\" style=\"padding-left: 1px; padding-bottom: 1px; padding-right: 1px;\"  itemscope itemtype=\"https:\/\/schema.org\/ImageObject\"><div class=\"envira-gallery-item-inner\"><div class=\"envira-gallery-position-overlay  envira-gallery-top-left\"><\/div><div class=\"envira-gallery-position-overlay  envira-gallery-top-right\"><\/div><div class=\"envira-gallery-position-overlay  envira-gallery-bottom-left\"><\/div><div class=\"envira-gallery-position-overlay  envira-gallery-bottom-right\"><\/div><a href=\"https:\/\/cus.slupno.eu\/www\/wp-content\/uploads\/2025\/07\/IMG20220718191921.jpg\" class=\"envira-gallery-466 envira-gallery-link\" rel=\"enviragallery466\" title=\"Terapia logopedyczna\" data-envira-caption=\"Terapia logopedyczna\" data-envira-retina=\"\" data-thumbnail=\"\"  itemprop=\"contentUrl\"><img decoding=\"async\" id=\"envira-gallery-image-464\" class=\"envira-gallery-image envira-gallery-image-1 envira-normal envira-lazy\" data-envira-index=\"1\" src=\"https:\/\/cus.slupno.eu\/www\/wp-content\/uploads\/2025\/07\/IMG20220718191921-1024x461-640x480.jpg\" data-envira-src=\"https:\/\/cus.slupno.eu\/www\/wp-content\/uploads\/2025\/07\/IMG20220718191921-1024x461-640x480.jpg\" data-envira-gallery-id=\"466\" data-envira-item-id=\"464\" data-envira-caption=\"Terapia logopedyczna\" alt=\"Terapia logopedyczna\" title=\"Terapia logopedyczna\"  itemprop=\"thumbnailUrl\" data-envira-srcset=\"https:\/\/cus.slupno.eu\/www\/wp-content\/uploads\/2025\/07\/IMG20220718191921-1024x461-640x480.jpg 400w,https:\/\/cus.slupno.eu\/www\/wp-content\/uploads\/2025\/07\/IMG20220718191921-1024x461-640x480.jpg 2x\" data-envira-width=\"300\" data-envira-height=\"135\" srcset=\"data:image\/gif;base64,R0lGODlhAQABAIAAAP\/\/\/\/\/\/\/yH5BAEKAAEALAAAAAABAAEAAAICTAEAOw==\" data-safe-src=\"data:image\/gif;base64,R0lGODlhAQABAIAAAP\/\/\/\/\/\/\/yH5BAEKAAEALAAAAAABAAEAAAICTAEAOw==\" \/><\/a><\/div><\/div><div id=\"envira-gallery-item-465\" class=\"envira-gallery-item enviratope-item envira-gallery-item-2 envira-lazy-load\" style=\"padding-left: 1px; padding-bottom: 1px; padding-right: 1px;\"  itemscope itemtype=\"https:\/\/schema.org\/ImageObject\"><div class=\"envira-gallery-item-inner\"><div class=\"envira-gallery-position-overlay  envira-gallery-top-left\"><\/div><div class=\"envira-gallery-position-overlay  envira-gallery-top-right\"><\/div><div class=\"envira-gallery-position-overlay  envira-gallery-bottom-left\"><\/div><div class=\"envira-gallery-position-overlay  envira-gallery-bottom-right\"><\/div><a href=\"https:\/\/cus.slupno.eu\/www\/wp-content\/uploads\/2025\/07\/IMG20220718191855.jpg\" class=\"envira-gallery-466 envira-gallery-link\" rel=\"enviragallery466\" title=\"Terapia logopedyczna\" data-envira-caption=\"Terapia logopedyczna\" data-envira-retina=\"\" data-thumbnail=\"\"  itemprop=\"contentUrl\"><img decoding=\"async\" id=\"envira-gallery-image-465\" class=\"envira-gallery-image envira-gallery-image-2 envira-normal envira-lazy\" data-envira-index=\"2\" src=\"https:\/\/cus.slupno.eu\/www\/wp-content\/uploads\/2025\/07\/IMG20220718191855-1024x461-640x480.jpg\" data-envira-src=\"https:\/\/cus.slupno.eu\/www\/wp-content\/uploads\/2025\/07\/IMG20220718191855-1024x461-640x480.jpg\" data-envira-gallery-id=\"466\" data-envira-item-id=\"465\" data-envira-caption=\"Terapia logopedyczna\" alt=\"Terapia logopedyczna\" title=\"Terapia logopedyczna\"  itemprop=\"thumbnailUrl\" data-envira-srcset=\"https:\/\/cus.slupno.eu\/www\/wp-content\/uploads\/2025\/07\/IMG20220718191855-1024x461-640x480.jpg 400w,https:\/\/cus.slupno.eu\/www\/wp-content\/uploads\/2025\/07\/IMG20220718191855-1024x461-640x480.jpg 2x\" data-envira-width=\"300\" data-envira-height=\"135\" srcset=\"data:image\/gif;base64,R0lGODlhAQABAIAAAP\/\/\/\/\/\/\/yH5BAEKAAEALAAAAAABAAEAAAICTAEAOw==\" data-safe-src=\"data:image\/gif;base64,R0lGODlhAQABAIAAAP\/\/\/\/\/\/\/yH5BAEKAAEALAAAAAABAAEAAAICTAEAOw==\" \/><\/a><\/div><\/div><\/div><\/div><noscript><img decoding=\"async\" src=\"https:\/\/cus.slupno.eu\/www\/wp-content\/uploads\/2025\/07\/IMG20220718191921.jpg\" alt=\"Terapia logopedyczna\" \/><img decoding=\"async\" src=\"https:\/\/cus.slupno.eu\/www\/wp-content\/uploads\/2025\/07\/IMG20220718191855.jpg\" alt=\"Terapia logopedyczna\" \/><\/noscript><\/div>\n","protected":false},"excerpt":{"rendered":"<p>Terapia logopedyczna ma na celu usprawnienie funkcji komunikacyjnej poprzez stopniowe korygowanie zak\u0142\u00f3ce\u0144 wyst\u0119puj\u0105cych podczas porozumiewania si\u0119. Terapia poprzedzona jest wywiadem, obserwacj\u0105 oraz przeprowadzeniem specjalistycznych test\u00f3w. Na tej podstawie logopeda stawia diagnoz\u0119 i opracowuje program usprawniania. Wskazania: Cele terapii: W wykonywaniu wielokrotnie powtarzaj\u0105cych si\u0119 czynno\u015bci bardzo wa\u017cna jest motywacja dziecka, jego nies\u0142abn\u0105ce zainteresowanie, aktywno\u015b\u0107 na zaj\u0119ciach [&hellip;]<\/p>\n","protected":false},"author":2,"featured_media":0,"parent":0,"menu_order":0,"comment_status":"closed","ping_status":"closed","template":"","meta":{"footnotes":""},"class_list":["post-463","page","type-page","status-publish","hentry"],"_links":{"self":[{"href":"https:\/\/cus.slupno.eu\/www\/wp-json\/wp\/v2\/pages\/463","targetHints":{"allow":["GET"]}}],"collection":[{"href":"https:\/\/cus.slupno.eu\/www\/wp-json\/wp\/v2\/pages"}],"about":[{"href":"https:\/\/cus.slupno.eu\/www\/wp-json\/wp\/v2\/types\/page"}],"author":[{"embeddable":true,"href":"https:\/\/cus.slupno.eu\/www\/wp-json\/wp\/v2\/users\/2"}],"replies":[{"embeddable":true,"href":"https:\/\/cus.slupno.eu\/www\/wp-json\/wp\/v2\/comments?post=463"}],"version-history":[{"count":1,"href":"https:\/\/cus.slupno.eu\/www\/wp-json\/wp\/v2\/pages\/463\/revisions"}],"predecessor-version":[{"id":467,"href":"https:\/\/cus.slupno.eu\/www\/wp-json\/wp\/v2\/pages\/463\/revisions\/467"}],"wp:attachment":[{"href":"https:\/\/cus.slupno.eu\/www\/wp-json\/wp\/v2\/media?parent=463"}],"curies":[{"name":"wp","href":"https:\/\/api.w.org\/{rel}","templated":true}]}}