{"id":472,"date":"2025-07-28T20:04:57","date_gmt":"2025-07-28T18:04:57","guid":{"rendered":"https:\/\/cus.slupno.eu\/www\/?page_id=472"},"modified":"2025-07-28T20:04:57","modified_gmt":"2025-07-28T18:04:57","slug":"grupa-wsparcia-dla-rodzin-z-dziecmi","status":"publish","type":"page","link":"https:\/\/cus.slupno.eu\/www\/grupa-wsparcia-dla-rodzin-z-dziecmi\/","title":{"rendered":"Grupa wsparcia dla rodzin z dzie\u0107mi"},"content":{"rendered":"\n<p><strong>Wspomaganie i rozw\u00f3j kompetencji rodzicielskich &#8211; w jaki spos\u00f3b?<\/strong><\/p>\n\n\n\n<p>Bezradno\u015b\u0107 i poczucie winy w relacji z dzieckiem to cz\u0119ste problemy, z jakimi zmagaj\u0105 si\u0119 rodzice. Budowanie pe\u0142nej empatii i zrozumienia wi\u0119zi ze swoimi dzie\u0107mi jest cz\u0119sto utrudnione, ze wzgl\u0119du na liczne ograniczenia w naszym w\u0142asnym postrzeganiu \u015bwiata, nasze, cz\u0119sto trudne, do\u015bwiadczenia z przesz\u0142o\u015bci lub zachowania, kt\u00f3re nas pod\u015bwiadomie blokuj\u0105 przed umiej\u0119tno\u015bci\u0105 zachowania zdrowej relacji.<\/p>\n\n\n\n<p><strong>Kompetencje rodzicielskie<\/strong> s\u0105 umiej\u0119tno\u015bciami, kt\u00f3re s\u0105 wzgl\u0119dnie sta\u0142e, jednak podlegaj\u0105 modyfikacjom ze wzgl\u0119du na wp\u0142yw otoczenia lub zdobywanie nowej wiedzy. Wiele os\u00f3b chcia\u0142oby w sobie naprawi\u0107, ulepszy\u0107 i rozwin\u0105\u0107 te kompetencje w taki spos\u00f3b, by kontakt z dzieckiem oraz komunikacja z nim odbywa\u0142a si\u0119 w satysfakcjonuj\u0105cy dla obu stron spos\u00f3b. Wielu rodzic\u00f3w obawia si\u0119, \u017ce wzorce zachowania, wyniesione z w\u0142asnego domu, nie spe\u0142niaj\u0105 ich oczekiwa\u0144- nie chc\u0105 powtarza\u0107 tych samych b\u0142\u0119d\u00f3w wychowawczych, kt\u00f3re same odczuli jako dzieci, w rodzinie, kt\u00f3r\u0105 tworz\u0105 obecnie. Kompetencje rodzicielskie s\u0105 jak najbardziej mo\u017cliwe do rozwini\u0119cia.<\/p>\n\n\n\n<p>W naszej plac\u00f3wce pomagamy rodzicom zar\u00f3wno indywidualnie, w postaci prowadzenia konsultacji oraz wsparcia psychologicznego, jak i grupowo, prowadz\u0105c grup\u0119 wsparcia na temat rodzicielstwa m.in. w zakresie budowanie zdrowych i prawid\u0142owych relacji z dzieckiem. Nale\u017cy pami\u0119ta\u0107 tak\u017ce o tym, \u017ce w\u0142asny rozw\u00f3j i dbanie o sw\u00f3j psychiczny dobrostan tak\u017ce wp\u0142ywa pozytywnie na nasze kontakty.<\/p>\n\n\n\n<p>Zaj\u0119cia grupy wsparcia b\u0119d\u0105 dotyczy\u0107:<\/p>\n\n\n\n<ul class=\"wp-block-list\">\n<li>problematyki poprawy kompetencji i wi\u0119kszej \u015bwiadomo\u015bci siebie jako rodzica,<\/li>\n\n\n\n<li>wszechstronnego rozwoju dzieci i zbudowania kompetencji rodzic\u00f3w i opiekun\u00f3w w zakresie inteligencji emocjonalnej, empatii, poprawy komunikacji w rodzinie i uzyskania poczucia rado\u015bci i satysfakcji z rodzicielstwa.<\/li>\n<\/ul>\n\n\n\n<p>Zaj\u0119cia przeznaczone b\u0119d\u0105 zar\u00f3wno dla rodzic\u00f3w i dzieci.<\/p>\n","protected":false},"excerpt":{"rendered":"<p>Wspomaganie i rozw\u00f3j kompetencji rodzicielskich &#8211; w jaki spos\u00f3b? Bezradno\u015b\u0107 i poczucie winy w relacji z dzieckiem to cz\u0119ste problemy, z jakimi zmagaj\u0105 si\u0119 rodzice. Budowanie pe\u0142nej empatii i zrozumienia wi\u0119zi ze swoimi dzie\u0107mi jest cz\u0119sto utrudnione, ze wzgl\u0119du na liczne ograniczenia w naszym w\u0142asnym postrzeganiu \u015bwiata, nasze, cz\u0119sto trudne, do\u015bwiadczenia z przesz\u0142o\u015bci lub zachowania, [&hellip;]<\/p>\n","protected":false},"author":2,"featured_media":0,"parent":0,"menu_order":0,"comment_status":"closed","ping_status":"closed","template":"","meta":{"footnotes":""},"class_list":["post-472","page","type-page","status-publish","hentry"],"_links":{"self":[{"href":"https:\/\/cus.slupno.eu\/www\/wp-json\/wp\/v2\/pages\/472","targetHints":{"allow":["GET"]}}],"collection":[{"href":"https:\/\/cus.slupno.eu\/www\/wp-json\/wp\/v2\/pages"}],"about":[{"href":"https:\/\/cus.slupno.eu\/www\/wp-json\/wp\/v2\/types\/page"}],"author":[{"embeddable":true,"href":"https:\/\/cus.slupno.eu\/www\/wp-json\/wp\/v2\/users\/2"}],"replies":[{"embeddable":true,"href":"https:\/\/cus.slupno.eu\/www\/wp-json\/wp\/v2\/comments?post=472"}],"version-history":[{"count":1,"href":"https:\/\/cus.slupno.eu\/www\/wp-json\/wp\/v2\/pages\/472\/revisions"}],"predecessor-version":[{"id":473,"href":"https:\/\/cus.slupno.eu\/www\/wp-json\/wp\/v2\/pages\/472\/revisions\/473"}],"wp:attachment":[{"href":"https:\/\/cus.slupno.eu\/www\/wp-json\/wp\/v2\/media?parent=472"}],"curies":[{"name":"wp","href":"https:\/\/api.w.org\/{rel}","templated":true}]}}