{"id":540,"date":"2025-07-28T20:59:56","date_gmt":"2025-07-28T18:59:56","guid":{"rendered":"https:\/\/cus.slupno.eu\/www\/?page_id=540"},"modified":"2025-07-28T20:59:56","modified_gmt":"2025-07-28T18:59:56","slug":"wsparcie-w-zakresie-reintegracji-zawodowej-i-spolecznej","status":"publish","type":"page","link":"https:\/\/cus.slupno.eu\/www\/wsparcie-w-zakresie-reintegracji-zawodowej-i-spolecznej\/","title":{"rendered":"Wsparcie w zakresie reintegracji zawodowej i spo\u0142ecznej"},"content":{"rendered":"\n<p>W ramach projektu &#8222;Centrum Us\u0142ug Spo\u0142ecznych w Gminie S\u0142upno&#8221; wsparcie otrzyma 25 os\u00f3b bezrobotnych, biernych zawodowo z terenu gminy S\u0142upn<\/p>\n\n\n\n<p>Obecnie z nowych us\u0142ug korzysta 12 os\u00f3b, kt\u00f3re zosta\u0142y obj\u0119te wsparciem<\/p>\n\n\n\n<ul class=\"wp-block-list\">\n<li><strong>Indywidualne poradnictwo psychologiczne &#8211; <\/strong>indywidualne konsultacje maj\u0105 na celu zwi\u0119kszenie wiary we w\u0142asne mo\u017cliwo\u015bci oraz budowanie motywacji do realizacji zaplanowanych cel\u00f3w zawodowych.<\/li>\n\n\n\n<li><strong>Indywidualny trening kompetencji spo\u0142ecznych, \u017cyciowych i rodzicielskich &#8211; t<\/strong>rening obejmuje zagadnienia z zakresu kompetencji spo\u0142ecznych, asertywno\u015bci, kompetencji \u017cyciowych i treningu w zakresie przygotowania do pe\u0142nienia r\u00f3l w rodzinie oraz z zakresu zarz\u0105dzania czasem, organizacja dnia, organizacja czasu wolnego.<\/li>\n\n\n\n<li><strong>wsparcie trenera bud\u017cetowego w zakresie zarz\u0105dzania finansami.<\/strong><\/li>\n\n\n\n<li><strong>Wsparcie trenera zdrowego \u017cywienia &#8211; <\/strong>wprowadzenie zdrowych nawyk\u00f3w \u017cywieniowych w celu poprawy stanu zdrowia, wygl\u0105du oraz samopoczucia.<\/li>\n\n\n\n<li><strong>Wsparcie trenera\u00a0 &#8211; doradcy zawodowego &#8211; <\/strong>Indywidualne konsultacje maj\u0105 na celu wyznaczenie \u015bcie\u017cki rozwoju zawodowego. Przedstawienie mo\u017cliwo\u015bci osobistego rozwoju w celu zmiany aktualnej sytuacji zawodowej.<\/li>\n<\/ul>\n\n\n\n<h3 class=\"wp-block-heading\">Pliki do pobrania<\/h3>\n\n\n\n<ul class=\"wp-block-list\">\n<li><a href=\"https:\/\/cus.slupno.eu\/web\/index.php?c=getfile&amp;id=320\" target=\"_blank\" rel=\"noreferrer noopener\">Za\u0142acznik Nr 1<\/a> (544.48 KB)<\/li>\n\n\n\n<li><a href=\"https:\/\/cus.slupno.eu\/web\/index.php?c=getfile&amp;id=321\" target=\"_blank\" rel=\"noreferrer noopener\">Za\u0142acznik Nr 2<\/a> (657.03 KB)<\/li>\n\n\n\n<li><a href=\"https:\/\/cus.slupno.eu\/web\/index.php?c=getfile&amp;id=322\" target=\"_blank\" rel=\"noreferrer noopener\">Za\u0142\u0105cznik Nr 3<\/a> (305.98 KB)<\/li>\n\n\n\n<li><a href=\"https:\/\/cus.slupno.eu\/web\/index.php?c=getfile&amp;id=323\" target=\"_blank\" rel=\"noreferrer noopener\">Za\u0142\u0105cznik Nr 4<\/a> (278.06 KB)<\/li>\n\n\n\n<li><a href=\"https:\/\/cus.slupno.eu\/web\/index.php?c=getfile&amp;id=324\" target=\"_blank\" rel=\"noreferrer noopener\">Za\u0142\u0105cznik Nr 5<\/a> (229.40 KB)<\/li>\n<\/ul>\n\n\n\n<div class=\"wp-block-envira-envira-gallery\"><div id=\"envira-gallery-wrap-544\" class=\"envira-gallery-wrap envira-gallery-theme-base envira-lightbox-theme-base\" itemscope itemtype=\"https:\/\/schema.org\/ImageGallery\"><div data-row-height=\"150\" data-gallery-theme=\"normal\" id=\"envira-gallery-544\" class=\"envira-gallery-public envira-gallery-justified-public envira-gallery-0-columns envira-clear enviratope envira-gallery-css-animations\" data-envira-columns=\"0\"><div id=\"envira-gallery-item-541\" class=\"envira-gallery-item enviratope-item envira-gallery-item-1 envira-lazy-load\" style=\"padding-left: 1px; padding-bottom: 1px; padding-right: 1px;\"  itemscope itemtype=\"https:\/\/schema.org\/ImageObject\"><div class=\"envira-gallery-item-inner\"><div class=\"envira-gallery-position-overlay  envira-gallery-top-left\"><\/div><div class=\"envira-gallery-position-overlay  envira-gallery-top-right\"><\/div><div class=\"envira-gallery-position-overlay  envira-gallery-bottom-left\"><\/div><div class=\"envira-gallery-position-overlay  envira-gallery-bottom-right\"><\/div><a href=\"https:\/\/cus.slupno.eu\/www\/wp-content\/uploads\/2025\/07\/DSC-1201.jpg\" class=\"envira-gallery-544 envira-gallery-link\" rel=\"enviragallery544\" title=\"Wsparcie trenera zdrowego \u017cywienia\" data-envira-caption=\"Wsparcie trenera zdrowego \u017cywienia\" data-envira-retina=\"\" data-thumbnail=\"\"  itemprop=\"contentUrl\"><img decoding=\"async\" id=\"envira-gallery-image-541\" class=\"envira-gallery-image envira-gallery-image-1 envira-normal envira-lazy\" data-envira-index=\"1\" src=\"https:\/\/cus.slupno.eu\/www\/wp-content\/uploads\/2025\/07\/DSC-1201-1024x680-640x480.jpg\" data-envira-src=\"https:\/\/cus.slupno.eu\/www\/wp-content\/uploads\/2025\/07\/DSC-1201-1024x680-640x480.jpg\" data-envira-gallery-id=\"544\" data-envira-item-id=\"541\" data-envira-caption=\"Wsparcie trenera zdrowego \u017cywienia\" alt=\"Wsparcie trenera zdrowego \u017cywienia\" title=\"Wsparcie trenera zdrowego \u017cywienia\"  itemprop=\"thumbnailUrl\" data-envira-srcset=\"https:\/\/cus.slupno.eu\/www\/wp-content\/uploads\/2025\/07\/DSC-1201-1024x680-640x480.jpg 400w,https:\/\/cus.slupno.eu\/www\/wp-content\/uploads\/2025\/07\/DSC-1201-1024x680-640x480.jpg 2x\" data-envira-width=\"300\" data-envira-height=\"199\" srcset=\"data:image\/gif;base64,R0lGODlhAQABAIAAAP\/\/\/\/\/\/\/yH5BAEKAAEALAAAAAABAAEAAAICTAEAOw==\" data-safe-src=\"data:image\/gif;base64,R0lGODlhAQABAIAAAP\/\/\/\/\/\/\/yH5BAEKAAEALAAAAAABAAEAAAICTAEAOw==\" \/><\/a><\/div><\/div><div id=\"envira-gallery-item-543\" class=\"envira-gallery-item enviratope-item envira-gallery-item-2 envira-lazy-load\" style=\"padding-left: 1px; padding-bottom: 1px; padding-right: 1px;\"  itemscope itemtype=\"https:\/\/schema.org\/ImageObject\"><div class=\"envira-gallery-item-inner\"><div class=\"envira-gallery-position-overlay  envira-gallery-top-left\"><\/div><div class=\"envira-gallery-position-overlay  envira-gallery-top-right\"><\/div><div class=\"envira-gallery-position-overlay  envira-gallery-bottom-left\"><\/div><div class=\"envira-gallery-position-overlay  envira-gallery-bottom-right\"><\/div><a href=\"https:\/\/cus.slupno.eu\/www\/wp-content\/uploads\/2025\/07\/DSC-1199.jpg\" class=\"envira-gallery-544 envira-gallery-link\" rel=\"enviragallery544\" title=\"Wsparcie trenera zdrowego \u017cywienia\" data-envira-caption=\"Wsparcie trenera zdrowego \u017cywienia\" data-envira-retina=\"\" data-thumbnail=\"\"  itemprop=\"contentUrl\"><img decoding=\"async\" id=\"envira-gallery-image-543\" class=\"envira-gallery-image envira-gallery-image-2 envira-normal envira-lazy\" data-envira-index=\"2\" src=\"https:\/\/cus.slupno.eu\/www\/wp-content\/uploads\/2025\/07\/DSC-1199-1024x680-640x480.jpg\" data-envira-src=\"https:\/\/cus.slupno.eu\/www\/wp-content\/uploads\/2025\/07\/DSC-1199-1024x680-640x480.jpg\" data-envira-gallery-id=\"544\" data-envira-item-id=\"543\" data-envira-caption=\"Wsparcie trenera zdrowego \u017cywienia\" alt=\"Wsparcie trenera zdrowego \u017cywienia\" title=\"Wsparcie trenera zdrowego \u017cywienia\"  itemprop=\"thumbnailUrl\" data-envira-srcset=\"https:\/\/cus.slupno.eu\/www\/wp-content\/uploads\/2025\/07\/DSC-1199-1024x680-640x480.jpg 400w,https:\/\/cus.slupno.eu\/www\/wp-content\/uploads\/2025\/07\/DSC-1199-1024x680-640x480.jpg 2x\" data-envira-width=\"300\" data-envira-height=\"199\" srcset=\"data:image\/gif;base64,R0lGODlhAQABAIAAAP\/\/\/\/\/\/\/yH5BAEKAAEALAAAAAABAAEAAAICTAEAOw==\" data-safe-src=\"data:image\/gif;base64,R0lGODlhAQABAIAAAP\/\/\/\/\/\/\/yH5BAEKAAEALAAAAAABAAEAAAICTAEAOw==\" \/><\/a><\/div><\/div><div id=\"envira-gallery-item-542\" class=\"envira-gallery-item enviratope-item envira-gallery-item-3 envira-lazy-load\" style=\"padding-left: 1px; padding-bottom: 1px; padding-right: 1px;\"  itemscope itemtype=\"https:\/\/schema.org\/ImageObject\"><div class=\"envira-gallery-item-inner\"><div class=\"envira-gallery-position-overlay  envira-gallery-top-left\"><\/div><div class=\"envira-gallery-position-overlay  envira-gallery-top-right\"><\/div><div class=\"envira-gallery-position-overlay  envira-gallery-bottom-left\"><\/div><div class=\"envira-gallery-position-overlay  envira-gallery-bottom-right\"><\/div><a href=\"https:\/\/cus.slupno.eu\/www\/wp-content\/uploads\/2025\/07\/DSC-1196.jpg\" class=\"envira-gallery-544 envira-gallery-link\" rel=\"enviragallery544\" title=\"Indywidualne spotkanie z dietetykiem\" data-envira-caption=\"Indywidualne spotkanie z dietetykiem\" data-envira-retina=\"\" data-thumbnail=\"\"  itemprop=\"contentUrl\"><img decoding=\"async\" id=\"envira-gallery-image-542\" class=\"envira-gallery-image envira-gallery-image-3 envira-normal envira-lazy\" data-envira-index=\"3\" src=\"https:\/\/cus.slupno.eu\/www\/wp-content\/uploads\/2025\/07\/DSC-1196-1024x680-640x480.jpg\" data-envira-src=\"https:\/\/cus.slupno.eu\/www\/wp-content\/uploads\/2025\/07\/DSC-1196-1024x680-640x480.jpg\" data-envira-gallery-id=\"544\" data-envira-item-id=\"542\" data-envira-caption=\"Indywidualne spotkanie z dietetykiem\" alt=\"Indywidualne spotkanie z dietetykiem\" title=\"Indywidualne spotkanie z dietetykiem\"  itemprop=\"thumbnailUrl\" data-envira-srcset=\"https:\/\/cus.slupno.eu\/www\/wp-content\/uploads\/2025\/07\/DSC-1196-1024x680-640x480.jpg 400w,https:\/\/cus.slupno.eu\/www\/wp-content\/uploads\/2025\/07\/DSC-1196-1024x680-640x480.jpg 2x\" data-envira-width=\"300\" data-envira-height=\"199\" srcset=\"data:image\/gif;base64,R0lGODlhAQABAIAAAP\/\/\/\/\/\/\/yH5BAEKAAEALAAAAAABAAEAAAICTAEAOw==\" data-safe-src=\"data:image\/gif;base64,R0lGODlhAQABAIAAAP\/\/\/\/\/\/\/yH5BAEKAAEALAAAAAABAAEAAAICTAEAOw==\" \/><\/a><\/div><\/div><\/div><\/div><noscript><img decoding=\"async\" src=\"https:\/\/cus.slupno.eu\/www\/wp-content\/uploads\/2025\/07\/DSC-1201.jpg\" alt=\"Wsparcie trenera zdrowego \u017cywienia\" \/><img decoding=\"async\" src=\"https:\/\/cus.slupno.eu\/www\/wp-content\/uploads\/2025\/07\/DSC-1199.jpg\" alt=\"Wsparcie trenera zdrowego \u017cywienia\" \/><img decoding=\"async\" src=\"https:\/\/cus.slupno.eu\/www\/wp-content\/uploads\/2025\/07\/DSC-1196.jpg\" alt=\"Indywidualne spotkanie z dietetykiem\" \/><\/noscript><\/div>\n","protected":false},"excerpt":{"rendered":"<p>W ramach projektu &#8222;Centrum Us\u0142ug Spo\u0142ecznych w Gminie S\u0142upno&#8221; wsparcie otrzyma 25 os\u00f3b bezrobotnych, biernych zawodowo z terenu gminy S\u0142upn Obecnie z nowych us\u0142ug korzysta 12 os\u00f3b, kt\u00f3re zosta\u0142y obj\u0119te wsparciem Pliki do pobrania<\/p>\n","protected":false},"author":2,"featured_media":0,"parent":0,"menu_order":0,"comment_status":"closed","ping_status":"closed","template":"","meta":{"footnotes":""},"class_list":["post-540","page","type-page","status-publish","hentry"],"_links":{"self":[{"href":"https:\/\/cus.slupno.eu\/www\/wp-json\/wp\/v2\/pages\/540","targetHints":{"allow":["GET"]}}],"collection":[{"href":"https:\/\/cus.slupno.eu\/www\/wp-json\/wp\/v2\/pages"}],"about":[{"href":"https:\/\/cus.slupno.eu\/www\/wp-json\/wp\/v2\/types\/page"}],"author":[{"embeddable":true,"href":"https:\/\/cus.slupno.eu\/www\/wp-json\/wp\/v2\/users\/2"}],"replies":[{"embeddable":true,"href":"https:\/\/cus.slupno.eu\/www\/wp-json\/wp\/v2\/comments?post=540"}],"version-history":[{"count":1,"href":"https:\/\/cus.slupno.eu\/www\/wp-json\/wp\/v2\/pages\/540\/revisions"}],"predecessor-version":[{"id":545,"href":"https:\/\/cus.slupno.eu\/www\/wp-json\/wp\/v2\/pages\/540\/revisions\/545"}],"wp:attachment":[{"href":"https:\/\/cus.slupno.eu\/www\/wp-json\/wp\/v2\/media?parent=540"}],"curies":[{"name":"wp","href":"https:\/\/api.w.org\/{rel}","templated":true}]}}