{"id":557,"date":"2025-07-28T21:11:30","date_gmt":"2025-07-28T19:11:30","guid":{"rendered":"https:\/\/cus.slupno.eu\/www\/?page_id=557"},"modified":"2025-07-28T21:11:30","modified_gmt":"2025-07-28T19:11:30","slug":"centrum-kreatywnosci-lokalnej-uwierz-w-siebie","status":"publish","type":"page","link":"https:\/\/cus.slupno.eu\/www\/centrum-kreatywnosci-lokalnej-uwierz-w-siebie\/","title":{"rendered":"CENTRUM KREATYWNO\u015aCI LOKALNEJ UWIERZ W SIEBIE"},"content":{"rendered":"\n<figure class=\"wp-block-image\"><img decoding=\"async\" src=\"http:\/\/cus.slupno.eu\/www\/container\/Centrum Kreatywnosci Lokalnej uwierz w siebie.jpg\" alt=\"\"\/><\/figure>\n\n\n\n<h3 class=\"wp-block-heading\">Pliki do pobrania<\/h3>\n\n\n\n<ul class=\"wp-block-list\">\n<li><a href=\"https:\/\/cus.slupno.eu\/web\/index.php?c=getfile&amp;id=355\" target=\"_blank\" rel=\"noreferrer noopener\">Regulamin<\/a> (643.32 KB)<\/li>\n\n\n\n<li><a href=\"https:\/\/cus.slupno.eu\/web\/index.php?c=getfile&amp;id=356\" target=\"_blank\" rel=\"noreferrer noopener\">Wniosek dla osoby doros\u0142ej<\/a> (474.97 KB)<\/li>\n\n\n\n<li><a href=\"https:\/\/cus.slupno.eu\/web\/index.php?c=getfile&amp;id=357\" target=\"_blank\" rel=\"noreferrer noopener\">Wniosek dla dziecka<\/a> (530.46 KB)<\/li>\n\n\n\n<li><a href=\"https:\/\/cus.slupno.eu\/web\/index.php?c=getfile&amp;id=358\" target=\"_blank\" rel=\"noreferrer noopener\">Za\u0142\u0105cznik Nr 2<\/a> (357.87 KB)<\/li>\n\n\n\n<li><a href=\"https:\/\/cus.slupno.eu\/web\/index.php?c=getfile&amp;id=351\" target=\"_blank\" rel=\"noreferrer noopener\">Za\u0142\u0105cznik Nr 3<\/a> (307.24 KB)<\/li>\n\n\n\n<li><a href=\"https:\/\/cus.slupno.eu\/web\/index.php?c=getfile&amp;id=352\" target=\"_blank\" rel=\"noreferrer noopener\">Za\u0142\u0105cznik nr 4<\/a> (529.90 KB)<\/li>\n\n\n\n<li><a href=\"https:\/\/cus.slupno.eu\/web\/index.php?c=getfile&amp;id=353\" target=\"_blank\" rel=\"noreferrer noopener\">Za\u0142\u0105cznik Nr 5 RODO<\/a> (552.96 KB)<\/li>\n\n\n\n<li><a href=\"https:\/\/cus.slupno.eu\/web\/index.php?c=getfile&amp;id=396\" target=\"_blank\" rel=\"noreferrer noopener\">Za\u0142\u0105cznik Nr 6 &#8211; rezygnacja z udzia\u0142u w projekcie<\/a> (517.58 KB)<\/li>\n<\/ul>\n","protected":false},"excerpt":{"rendered":"<p>Pliki do pobrania<\/p>\n","protected":false},"author":2,"featured_media":0,"parent":0,"menu_order":0,"comment_status":"closed","ping_status":"closed","template":"","meta":{"footnotes":""},"class_list":["post-557","page","type-page","status-publish","hentry"],"_links":{"self":[{"href":"https:\/\/cus.slupno.eu\/www\/wp-json\/wp\/v2\/pages\/557","targetHints":{"allow":["GET"]}}],"collection":[{"href":"https:\/\/cus.slupno.eu\/www\/wp-json\/wp\/v2\/pages"}],"about":[{"href":"https:\/\/cus.slupno.eu\/www\/wp-json\/wp\/v2\/types\/page"}],"author":[{"embeddable":true,"href":"https:\/\/cus.slupno.eu\/www\/wp-json\/wp\/v2\/users\/2"}],"replies":[{"embeddable":true,"href":"https:\/\/cus.slupno.eu\/www\/wp-json\/wp\/v2\/comments?post=557"}],"version-history":[{"count":1,"href":"https:\/\/cus.slupno.eu\/www\/wp-json\/wp\/v2\/pages\/557\/revisions"}],"predecessor-version":[{"id":558,"href":"https:\/\/cus.slupno.eu\/www\/wp-json\/wp\/v2\/pages\/557\/revisions\/558"}],"wp:attachment":[{"href":"https:\/\/cus.slupno.eu\/www\/wp-json\/wp\/v2\/media?parent=557"}],"curies":[{"name":"wp","href":"https:\/\/api.w.org\/{rel}","templated":true}]}}