{"id":646,"date":"2025-07-28T23:23:14","date_gmt":"2025-07-28T21:23:14","guid":{"rendered":"https:\/\/cus.slupno.eu\/www\/?page_id=646"},"modified":"2025-07-29T00:13:05","modified_gmt":"2025-07-28T22:13:05","slug":"promocja-zdrowia-spotkanie-edukacyjne-ze-specjalistami","status":"publish","type":"page","link":"https:\/\/cus.slupno.eu\/www\/promocja-zdrowia-spotkanie-edukacyjne-ze-specjalistami\/","title":{"rendered":"Promocja zdrowia &#8211; spotkanie edukacyjne ze specjalistami"},"content":{"rendered":"\n<p>&nbsp;Spotkania prowadzone s\u0105 przy wsp\u00f3\u0142pracy z diabetykiem, onkologiem, dermatologiem i piel\u0119gniark\u0105. Warsztaty maj\u0105 form\u0119 wyk\u0142ad\u00f3w dotycz\u0105cych profilaktyki zdrowotnej na rzecz os\u00f3b 60+.<\/p>\n\n\n\n<figure class=\"wp-block-embed is-type-wp-embed is-provider-centrum-us-ug-spo-ecznych-w-s-upnie wp-block-embed-centrum-us-ug-spo-ecznych-w-s-upnie\"><div class=\"wp-block-embed__wrapper\">\n<blockquote class=\"wp-embedded-content\" data-secret=\"ECaKRRkeOR\"><a href=\"https:\/\/cus.slupno.eu\/www\/spotkanie-z-pielegniarka\/\">Spotkanie z piel\u0119gniark\u0105<\/a><\/blockquote><iframe loading=\"lazy\" class=\"wp-embedded-content\" sandbox=\"allow-scripts\" security=\"restricted\" style=\"position: absolute; visibility: hidden;\" title=\"&#8222;Spotkanie z piel\u0119gniark\u0105&#8221; &#8212; Centrum Us\u0142ug Spo\u0142ecznych w S\u0142upnie\" src=\"https:\/\/cus.slupno.eu\/www\/spotkanie-z-pielegniarka\/embed\/#?secret=BZazB4qhSW#?secret=ECaKRRkeOR\" data-secret=\"ECaKRRkeOR\" width=\"552\" height=\"311\" frameborder=\"0\" marginwidth=\"0\" marginheight=\"0\" scrolling=\"no\"><\/iframe>\n<\/div><\/figure>\n","protected":false},"excerpt":{"rendered":"<p>&nbsp;Spotkania prowadzone s\u0105 przy wsp\u00f3\u0142pracy z diabetykiem, onkologiem, dermatologiem i piel\u0119gniark\u0105. Warsztaty maj\u0105 form\u0119 wyk\u0142ad\u00f3w dotycz\u0105cych profilaktyki zdrowotnej na rzecz os\u00f3b 60+.<\/p>\n","protected":false},"author":2,"featured_media":0,"parent":0,"menu_order":0,"comment_status":"closed","ping_status":"closed","template":"","meta":{"footnotes":""},"class_list":["post-646","page","type-page","status-publish","hentry"],"_links":{"self":[{"href":"https:\/\/cus.slupno.eu\/www\/wp-json\/wp\/v2\/pages\/646","targetHints":{"allow":["GET"]}}],"collection":[{"href":"https:\/\/cus.slupno.eu\/www\/wp-json\/wp\/v2\/pages"}],"about":[{"href":"https:\/\/cus.slupno.eu\/www\/wp-json\/wp\/v2\/types\/page"}],"author":[{"embeddable":true,"href":"https:\/\/cus.slupno.eu\/www\/wp-json\/wp\/v2\/users\/2"}],"replies":[{"embeddable":true,"href":"https:\/\/cus.slupno.eu\/www\/wp-json\/wp\/v2\/comments?post=646"}],"version-history":[{"count":2,"href":"https:\/\/cus.slupno.eu\/www\/wp-json\/wp\/v2\/pages\/646\/revisions"}],"predecessor-version":[{"id":693,"href":"https:\/\/cus.slupno.eu\/www\/wp-json\/wp\/v2\/pages\/646\/revisions\/693"}],"wp:attachment":[{"href":"https:\/\/cus.slupno.eu\/www\/wp-json\/wp\/v2\/media?parent=646"}],"curies":[{"name":"wp","href":"https:\/\/api.w.org\/{rel}","templated":true}]}}