{"id":694,"date":"2025-07-29T00:14:40","date_gmt":"2025-07-28T22:14:40","guid":{"rendered":"https:\/\/cus.slupno.eu\/www\/?page_id=694"},"modified":"2025-07-29T00:16:22","modified_gmt":"2025-07-28T22:16:22","slug":"warsztaty-budowania-wlasnego-wizerunku2","status":"publish","type":"page","link":"https:\/\/cus.slupno.eu\/www\/warsztaty-budowania-wlasnego-wizerunku2\/","title":{"rendered":"Warsztaty budowania w\u0142asnego wizerunku"},"content":{"rendered":"\n<p>Warsztaty na temat budowania w\u0142asnego wizerunku przeznaczone s\u0105 dla os\u00f3b 60+. Podczas zaj\u0119\u0107 uczestnicy dowiedz\u0105 si\u0119 jak:<\/p>\n\n\n\n<ul class=\"wp-block-list\">\n<li>stworzy\u0107 elegancki wizerunek cz\u0142owieka starszego<\/li>\n\n\n\n<li>dobra\u0107 str\u00f3j odpowiednio do wieku, typu sylwetki i sytuacji<\/li>\n\n\n\n<li>dba\u0142o\u015b\u0107 o wygl\u0105d zewn\u0119trzny poprzez stylizacje fryzur, paznokci i makija\u017cu<\/li>\n<\/ul>\n\n\n\n<figure class=\"wp-block-embed is-type-wp-embed is-provider-centrum-us-ug-spo-ecznych-w-s-upnie wp-block-embed-centrum-us-ug-spo-ecznych-w-s-upnie\"><div class=\"wp-block-embed__wrapper\">\n<blockquote class=\"wp-embedded-content\" data-secret=\"i5xHBkErFP\"><a href=\"https:\/\/cus.slupno.eu\/www\/warsztaty-budowania-wlasnego-wizerunku\/\">Warsztaty budowania w\u0142asnego wizerunku<\/a><\/blockquote><iframe loading=\"lazy\" class=\"wp-embedded-content\" sandbox=\"allow-scripts\" security=\"restricted\" style=\"position: absolute; visibility: hidden;\" title=\"&#8222;Warsztaty budowania w\u0142asnego wizerunku&#8221; &#8212; Centrum Us\u0142ug Spo\u0142ecznych w S\u0142upnie\" src=\"https:\/\/cus.slupno.eu\/www\/warsztaty-budowania-wlasnego-wizerunku\/embed\/#?secret=1whk7bZ0AZ#?secret=i5xHBkErFP\" data-secret=\"i5xHBkErFP\" width=\"552\" height=\"311\" frameborder=\"0\" marginwidth=\"0\" marginheight=\"0\" scrolling=\"no\"><\/iframe>\n<\/div><\/figure>\n","protected":false},"excerpt":{"rendered":"<p>Warsztaty na temat budowania w\u0142asnego wizerunku przeznaczone s\u0105 dla os\u00f3b 60+. Podczas zaj\u0119\u0107 uczestnicy dowiedz\u0105 si\u0119 jak:<\/p>\n","protected":false},"author":2,"featured_media":0,"parent":0,"menu_order":0,"comment_status":"closed","ping_status":"closed","template":"","meta":{"footnotes":""},"class_list":["post-694","page","type-page","status-publish","hentry"],"_links":{"self":[{"href":"https:\/\/cus.slupno.eu\/www\/wp-json\/wp\/v2\/pages\/694","targetHints":{"allow":["GET"]}}],"collection":[{"href":"https:\/\/cus.slupno.eu\/www\/wp-json\/wp\/v2\/pages"}],"about":[{"href":"https:\/\/cus.slupno.eu\/www\/wp-json\/wp\/v2\/types\/page"}],"author":[{"embeddable":true,"href":"https:\/\/cus.slupno.eu\/www\/wp-json\/wp\/v2\/users\/2"}],"replies":[{"embeddable":true,"href":"https:\/\/cus.slupno.eu\/www\/wp-json\/wp\/v2\/comments?post=694"}],"version-history":[{"count":2,"href":"https:\/\/cus.slupno.eu\/www\/wp-json\/wp\/v2\/pages\/694\/revisions"}],"predecessor-version":[{"id":696,"href":"https:\/\/cus.slupno.eu\/www\/wp-json\/wp\/v2\/pages\/694\/revisions\/696"}],"wp:attachment":[{"href":"https:\/\/cus.slupno.eu\/www\/wp-json\/wp\/v2\/media?parent=694"}],"curies":[{"name":"wp","href":"https:\/\/api.w.org\/{rel}","templated":true}]}}