{"id":72,"date":"2025-07-09T14:15:35","date_gmt":"2025-07-09T12:15:35","guid":{"rendered":"https:\/\/cus.slupno.eu\/web\/?page_id=72"},"modified":"2025-07-28T13:15:52","modified_gmt":"2025-07-28T11:15:52","slug":"kontakt","status":"publish","type":"page","link":"https:\/\/cus.slupno.eu\/www\/kontakt\/","title":{"rendered":"Kontakt"},"content":{"rendered":"\n<p class=\"has-text-align-center\"><strong>CENTRUM US\u0141UG SPO\u0141ECZNYCH W S\u0141UPNIE<\/strong><\/p>\n\n\n\n<p class=\"has-text-align-center\"><strong>ul. Warszawska 26a<\/strong><\/p>\n\n\n\n<p class=\"has-text-align-center\"><strong>09-472 S\u0142upno<\/strong><\/p>\n\n\n\n<p class=\"has-text-align-center\"><strong>e-mail: sekretariat@cus.slupno.eu<\/strong><\/p>\n\n\n\n<p class=\"has-text-align-center\"><strong>Godziny pracy o\u015brodka<\/strong><\/p>\n\n\n\n<figure class=\"wp-block-table\"><table class=\"has-fixed-layout\"><tbody><tr><td>poniedzia\u0142ek<br>09:00 &#8211; 17:00<br>wtorek, \u015broda, czwartek, pi\u0105tek<br>08:00 &#8211; 16:00<\/td><\/tr><\/tbody><\/table><\/figure>\n\n\n\n<figure class=\"wp-block-table\"><table class=\"has-fixed-layout\"><tbody><tr><td colspan=\"2\"><strong>Dyrektor O\u015brodka<\/strong> Magdalena Lewandowska<\/td><\/tr><tr><td><strong>Sekretariat<\/strong><\/td><td>tel\/fax (24) 261-91-78<\/td><\/tr><tr><td><strong>Sekcja Ksi\u0119gowo\u015bci<\/strong> G\u0142\u00f3wny Ksi\u0119gowy &#8211; Monika Ostrowska<\/td><td>tel. (24) 261-93-30<\/td><\/tr><tr><td><strong>Dzia\u0142 \u015awiadcze\u0144<\/strong> Kierownik &#8211; Joanna Domagalska<\/td><td>tel. (24) 261-95-44<\/td><\/tr><tr><td><strong>Dzia\u0142 Pracy z Jednostk\u0105 i Rodzin\u0105<\/strong> Kierownik &#8211; Monika Zi\u00f3\u0142kiewicz<\/td><td>tel. (24) 261-91-78<\/td><\/tr><tr><td><strong>Dzia\u0142 Pracy ze Spo\u0142eczno\u015bci\u0105 Lokaln\u0105<\/strong> Kierownik &#8211; Bogumi\u0142a Go\u0142\u0119biewska<\/td><td>tel. (24) 261-95-54<\/td><\/tr><tr><td><strong>Dzia\u0142 Organizacji i Kadr<\/strong> Kierownik &#8211; Jolanta Gumowska<\/td><td>tel. (24) 261-94-56<\/td><\/tr><\/tbody><\/table><\/figure>\n","protected":false},"excerpt":{"rendered":"<p>CENTRUM US\u0141UG SPO\u0141ECZNYCH W S\u0141UPNIE ul. Warszawska 26a 09-472 S\u0142upno e-mail: sekretariat@cus.slupno.eu Godziny pracy o\u015brodka poniedzia\u0142ek09:00 &#8211; 17:00wtorek, \u015broda, czwartek, pi\u0105tek08:00 &#8211; 16:00 Dyrektor O\u015brodka Magdalena Lewandowska Sekretariat tel\/fax (24) 261-91-78 Sekcja Ksi\u0119gowo\u015bci G\u0142\u00f3wny Ksi\u0119gowy &#8211; Monika Ostrowska tel. (24) 261-93-30 Dzia\u0142 \u015awiadcze\u0144 Kierownik &#8211; Joanna Domagalska tel. (24) 261-95-44 Dzia\u0142 Pracy z Jednostk\u0105 i [&hellip;]<\/p>\n","protected":false},"author":2,"featured_media":0,"parent":0,"menu_order":0,"comment_status":"closed","ping_status":"closed","template":"","meta":{"footnotes":""},"class_list":["post-72","page","type-page","status-publish","hentry"],"_links":{"self":[{"href":"https:\/\/cus.slupno.eu\/www\/wp-json\/wp\/v2\/pages\/72","targetHints":{"allow":["GET"]}}],"collection":[{"href":"https:\/\/cus.slupno.eu\/www\/wp-json\/wp\/v2\/pages"}],"about":[{"href":"https:\/\/cus.slupno.eu\/www\/wp-json\/wp\/v2\/types\/page"}],"author":[{"embeddable":true,"href":"https:\/\/cus.slupno.eu\/www\/wp-json\/wp\/v2\/users\/2"}],"replies":[{"embeddable":true,"href":"https:\/\/cus.slupno.eu\/www\/wp-json\/wp\/v2\/comments?post=72"}],"version-history":[{"count":3,"href":"https:\/\/cus.slupno.eu\/www\/wp-json\/wp\/v2\/pages\/72\/revisions"}],"predecessor-version":[{"id":247,"href":"https:\/\/cus.slupno.eu\/www\/wp-json\/wp\/v2\/pages\/72\/revisions\/247"}],"wp:attachment":[{"href":"https:\/\/cus.slupno.eu\/www\/wp-json\/wp\/v2\/media?parent=72"}],"curies":[{"name":"wp","href":"https:\/\/api.w.org\/{rel}","templated":true}]}}