{"id":80,"date":"2025-07-09T14:18:08","date_gmt":"2025-07-09T12:18:08","guid":{"rendered":"https:\/\/cus.slupno.eu\/web\/?page_id=80"},"modified":"2025-08-04T19:56:24","modified_gmt":"2025-08-04T17:56:24","slug":"projekt-pn-senior-w-centrum-utworzenie-i-funkcjonowanie-klubu-seniora-w-gminie-slupno","status":"publish","type":"page","link":"https:\/\/cus.slupno.eu\/www\/projekt-pn-senior-w-centrum-utworzenie-i-funkcjonowanie-klubu-seniora-w-gminie-slupno\/","title":{"rendered":"Projekt pn.: &#8222;SENIOR W CENTRUM &#8211; UTWORZENIE I FUNKCJONOWANIE KLUBU SENIORA W GMINIE S\u0141UPNO&#8221;"},"content":{"rendered":"\n<p><strong>Centrum Us\u0142ug Spo\u0142ecznych w S\u0142upnie realizuje projekt pn.:<\/strong><\/p>\n\n\n\n<p><strong>\u201eSenior w Centrum \u2013 utworzenie i funkcjonowanie Klubu Seniora w Gminie S\u0142upno\u201d<\/strong><\/p>\n\n\n\n<p>Projekt realizowany w ramach Programu Fundusze Europejskie dla Mazowsza 2021 \u2013 2027<\/p>\n\n\n\n<p>Priorytet Fundusze Europejskie dla aktywnej integracji oraz rozwoju us\u0142ug spo\u0142ecznych i zdrowotnych na Mazowszu<\/p>\n\n\n\n<p>Dzia\u0142anie Us\u0142ugi Spo\u0142eczne i zdrowotne<\/p>\n\n\n\n<p>Cel projektu: Zwi\u0119kszenie dost\u0119pno\u015bci us\u0142ug spo\u0142ecznych \u015bwiadczonych w spo\u0142eczno\u015bci lokalnej dla senior\u00f3w zamieszkuj\u0105cych obszar Gminy S\u0142upno w drodze rozwoju us\u0142ug spo\u0142ecznych w istniej\u0105cym CUS w S\u0142upnie w okresie 01.01.2025 r. &#8211; 31.12.2026 r.<\/p>\n\n\n\n<p><strong>Warto\u015b\u0107 projektu: 812&nbsp;558, 75 PLN w tym dofinansowanie z EU 690&nbsp;674,94 PLN<\/strong><\/p>\n\n\n\n<p><strong>FORMY WSPARCIA<\/strong><\/p>\n\n\n\n<ul class=\"wp-block-list\">\n<li><strong>Indywidualne specjalistyczne wsparcie zgodne z potrzebami senior\u00f3w w tym psychologiczne\/terapeutyczne \u2013 motywowanie do dzia\u0142ania, wyzbycie si\u0119 izolacji i osamotnienia, poczucia marginalizacji spo\u0142ecznej, nabycie umiej\u0119tno\u015bci panowania nad emocjami, wzrost poczucia w\u0142asnej warto\u015bci<\/strong><\/li>\n\n\n\n<li><strong>Zaj\u0119cia rozwijaj\u0105ce zainteresowania i pasje zgodne z potrzebami i zainteresowaniami senior\u00f3w<\/strong><\/li>\n\n\n\n<li><strong>Zaj\u0119cia usprawniaj\u0105ce ruchowo<\/strong><\/li>\n\n\n\n<li><strong>Warsztaty edukacyjne zgodne ze diagnozowanymi potrzebami senior\u00f3w<\/strong><\/li>\n\n\n\n<li><strong>Wyk\u0142ady profilaktyczne<\/strong><\/li>\n\n\n\n<li><strong>Spotkania integracyjne, integracja mi\u0119dzypokoleniowa<\/strong><\/li>\n\n\n\n<li><strong>Organizacja wyjazd\u00f3w prospo\u0142ecznych umo\u017cliwiaj\u0105cych zwi\u0119kszenie aktywno\u015bci spo\u0142ecznej i partycypacji<\/strong><\/li>\n\n\n\n<li><strong>Wyjazdy na basen lub do kina \u2013 zwi\u0119kszaj\u0105ce aktywno\u015b\u0107 ruchow\u0105 lub dost\u0119p do d\u00f3br kultury.<\/strong><\/li>\n<\/ul>\n\n\n\n<p><strong>ODBIORCY WSPARCIA<\/strong><\/p>\n\n\n\n<p><strong>Grup\u0119 docelow\u0105 projektu stanowi\u0105 25 senior\u00f3w (14 K, 11 M) z terenu gminy S\u0142upno powy\u017cej 60 r.\u017c.<\/strong><\/p>\n\n\n\n<p><strong>Projekt przewiduje udzia\u0142 otoczenia grupy docelowej, lokalnej spo\u0142eczno\u015bci w tym dzieci i m\u0142odzie\u017cy.<\/strong><\/p>\n\n\n\n<p><strong>NAB\u00d3R DO PROJEKTU \u2013 JU\u017b WKR\u00d3TCE<\/strong><\/p>\n\n\n\n<figure class=\"wp-block-gallery has-nested-images columns-default is-cropped wp-block-gallery-1 is-layout-flex wp-block-gallery-is-layout-flex\">\n<figure data-wp-context=\"{&quot;imageId&quot;:&quot;69e5907bc5a4c&quot;}\" data-wp-interactive=\"core\/image\" data-wp-key=\"69e5907bc5a4c\" class=\"wp-block-image size-large wp-lightbox-container\"><img loading=\"lazy\" decoding=\"async\" width=\"724\" height=\"1024\" data-wp-class--hide=\"state.isContentHidden\" data-wp-class--show=\"state.isContentVisible\" data-wp-init=\"callbacks.setButtonStyles\" data-wp-on--click=\"actions.showLightbox\" data-wp-on--load=\"callbacks.setButtonStyles\" data-wp-on-window--resize=\"callbacks.setButtonStyles\" data-id=\"739\" src=\"https:\/\/cus.slupno.eu\/www\/wp-content\/uploads\/2025\/07\/plakat-projekt-2025-Kopia-724x1024.jpg\" alt=\"Informacja o projekcie\" class=\"wp-image-739\" srcset=\"https:\/\/cus.slupno.eu\/www\/wp-content\/uploads\/2025\/07\/plakat-projekt-2025-Kopia-724x1024.jpg 724w, https:\/\/cus.slupno.eu\/www\/wp-content\/uploads\/2025\/07\/plakat-projekt-2025-Kopia-212x300.jpg 212w, https:\/\/cus.slupno.eu\/www\/wp-content\/uploads\/2025\/07\/plakat-projekt-2025-Kopia-768x1086.jpg 768w, https:\/\/cus.slupno.eu\/www\/wp-content\/uploads\/2025\/07\/plakat-projekt-2025-Kopia.jpg 849w\" sizes=\"auto, (max-width: 724px) 100vw, 724px\" \/><button\n\t\t\tclass=\"lightbox-trigger\"\n\t\t\ttype=\"button\"\n\t\t\taria-haspopup=\"dialog\"\n\t\t\taria-label=\"Powi\u0119ksz\"\n\t\t\tdata-wp-init=\"callbacks.initTriggerButton\"\n\t\t\tdata-wp-on--click=\"actions.showLightbox\"\n\t\t\tdata-wp-style--right=\"state.imageButtonRight\"\n\t\t\tdata-wp-style--top=\"state.imageButtonTop\"\n\t\t>\n\t\t\t<svg xmlns=\"http:\/\/www.w3.org\/2000\/svg\" width=\"12\" height=\"12\" fill=\"none\" viewBox=\"0 0 12 12\">\n\t\t\t\t<path fill=\"#fff\" d=\"M2 0a2 2 0 0 0-2 2v2h1.5V2a.5.5 0 0 1 .5-.5h2V0H2Zm2 10.5H2a.5.5 0 0 1-.5-.5V8H0v2a2 2 0 0 0 2 2h2v-1.5ZM8 12v-1.5h2a.5.5 0 0 0 .5-.5V8H12v2a2 2 0 0 1-2 2H8Zm2-12a2 2 0 0 1 2 2v2h-1.5V2a.5.5 0 0 0-.5-.5H8V0h2Z\" \/>\n\t\t\t<\/svg>\n\t\t<\/button><figcaption class=\"wp-element-caption\">Informacja o projekcie<\/figcaption><\/figure>\n<\/figure>\n\n\n\n<figure data-wp-context=\"{&quot;imageId&quot;:&quot;69e5907bc6436&quot;}\" data-wp-interactive=\"core\/image\" data-wp-key=\"69e5907bc6436\" class=\"wp-block-image size-large wp-lightbox-container\"><img loading=\"lazy\" decoding=\"async\" width=\"1024\" height=\"724\" data-wp-class--hide=\"state.isContentHidden\" data-wp-class--show=\"state.isContentVisible\" data-wp-init=\"callbacks.setButtonStyles\" data-wp-on--click=\"actions.showLightbox\" data-wp-on--load=\"callbacks.setButtonStyles\" data-wp-on-window--resize=\"callbacks.setButtonStyles\" src=\"https:\/\/cus.slupno.eu\/www\/wp-content\/uploads\/2025\/07\/FE-plakat-A3-poprawiony-Kopia-1024x724.jpg\" alt=\"Plakat promuj\u0105cy projekt &quot;Senior w Centrum - utworzenie i funkcjonowanie Klubu Seniora w Gminie S\u0142upno&quot;\" class=\"wp-image-740\" srcset=\"https:\/\/cus.slupno.eu\/www\/wp-content\/uploads\/2025\/07\/FE-plakat-A3-poprawiony-Kopia-1024x724.jpg 1024w, https:\/\/cus.slupno.eu\/www\/wp-content\/uploads\/2025\/07\/FE-plakat-A3-poprawiony-Kopia-300x212.jpg 300w, https:\/\/cus.slupno.eu\/www\/wp-content\/uploads\/2025\/07\/FE-plakat-A3-poprawiony-Kopia-768x543.jpg 768w, https:\/\/cus.slupno.eu\/www\/wp-content\/uploads\/2025\/07\/FE-plakat-A3-poprawiony-Kopia.jpg 1200w\" sizes=\"auto, (max-width: 1024px) 100vw, 1024px\" \/><button\n\t\t\tclass=\"lightbox-trigger\"\n\t\t\ttype=\"button\"\n\t\t\taria-haspopup=\"dialog\"\n\t\t\taria-label=\"Powi\u0119ksz\"\n\t\t\tdata-wp-init=\"callbacks.initTriggerButton\"\n\t\t\tdata-wp-on--click=\"actions.showLightbox\"\n\t\t\tdata-wp-style--right=\"state.imageButtonRight\"\n\t\t\tdata-wp-style--top=\"state.imageButtonTop\"\n\t\t>\n\t\t\t<svg xmlns=\"http:\/\/www.w3.org\/2000\/svg\" width=\"12\" height=\"12\" fill=\"none\" viewBox=\"0 0 12 12\">\n\t\t\t\t<path fill=\"#fff\" d=\"M2 0a2 2 0 0 0-2 2v2h1.5V2a.5.5 0 0 1 .5-.5h2V0H2Zm2 10.5H2a.5.5 0 0 1-.5-.5V8H0v2a2 2 0 0 0 2 2h2v-1.5ZM8 12v-1.5h2a.5.5 0 0 0 .5-.5V8H12v2a2 2 0 0 1-2 2H8Zm2-12a2 2 0 0 1 2 2v2h-1.5V2a.5.5 0 0 0-.5-.5H8V0h2Z\" \/>\n\t\t\t<\/svg>\n\t\t<\/button><figcaption class=\"wp-element-caption\">Plakat promuj\u0105cy projekt &#8222;Senior w Centrum &#8211; utworzenie i funkcjonowanie Klubu Seniora w Gminie S\u0142upno&#8221;<\/figcaption><\/figure>\n\n\n\n<figure class=\"wp-block-embed is-type-wp-embed is-provider-centrum-us-ug-spo-ecznych-w-s-upnie wp-block-embed-centrum-us-ug-spo-ecznych-w-s-upnie\"><div class=\"wp-block-embed__wrapper\">\n<blockquote class=\"wp-embedded-content\" data-secret=\"OEviIOXfE0\"><a href=\"https:\/\/cus.slupno.eu\/www\/test9\/\">Prace adaptacyjne Klubu Seniora w Swietlicy Wiejskiej w Borowiczkach Pie\u0144kach w ramach projektu pn.: \u201eSenior w Centrum \u2013 utworzenie i funkcjonowanie Klubu Seniora w Gminie S\u0142upno\u201d<\/a><\/blockquote><iframe loading=\"lazy\" class=\"wp-embedded-content\" sandbox=\"allow-scripts\" security=\"restricted\" style=\"position: absolute; visibility: hidden;\" title=\"&#8222;Prace adaptacyjne Klubu Seniora w Swietlicy Wiejskiej w Borowiczkach Pie\u0144kach w ramach projektu pn.: \u201eSenior w Centrum \u2013 utworzenie i funkcjonowanie Klubu Seniora w Gminie S\u0142upno\u201d&#8221; &#8212; Centrum Us\u0142ug Spo\u0142ecznych w S\u0142upnie\" src=\"https:\/\/cus.slupno.eu\/www\/test9\/embed\/#?secret=YrNH5VslVl#?secret=OEviIOXfE0\" data-secret=\"OEviIOXfE0\" width=\"552\" height=\"311\" frameborder=\"0\" marginwidth=\"0\" marginheight=\"0\" scrolling=\"no\"><\/iframe>\n<\/div><\/figure>\n\n\n\n<p><\/p>\n","protected":false},"excerpt":{"rendered":"<p>Centrum Us\u0142ug Spo\u0142ecznych w S\u0142upnie realizuje projekt pn.: \u201eSenior w Centrum \u2013 utworzenie i funkcjonowanie Klubu Seniora w Gminie S\u0142upno\u201d Projekt realizowany w ramach Programu Fundusze Europejskie dla Mazowsza 2021 \u2013 2027 Priorytet Fundusze Europejskie dla aktywnej integracji oraz rozwoju us\u0142ug spo\u0142ecznych i zdrowotnych na Mazowszu Dzia\u0142anie Us\u0142ugi Spo\u0142eczne i zdrowotne Cel projektu: Zwi\u0119kszenie dost\u0119pno\u015bci [&hellip;]<\/p>\n","protected":false},"author":2,"featured_media":0,"parent":0,"menu_order":0,"comment_status":"closed","ping_status":"closed","template":"","meta":{"footnotes":""},"class_list":["post-80","page","type-page","status-publish","hentry"],"_links":{"self":[{"href":"https:\/\/cus.slupno.eu\/www\/wp-json\/wp\/v2\/pages\/80","targetHints":{"allow":["GET"]}}],"collection":[{"href":"https:\/\/cus.slupno.eu\/www\/wp-json\/wp\/v2\/pages"}],"about":[{"href":"https:\/\/cus.slupno.eu\/www\/wp-json\/wp\/v2\/types\/page"}],"author":[{"embeddable":true,"href":"https:\/\/cus.slupno.eu\/www\/wp-json\/wp\/v2\/users\/2"}],"replies":[{"embeddable":true,"href":"https:\/\/cus.slupno.eu\/www\/wp-json\/wp\/v2\/comments?post=80"}],"version-history":[{"count":8,"href":"https:\/\/cus.slupno.eu\/www\/wp-json\/wp\/v2\/pages\/80\/revisions"}],"predecessor-version":[{"id":846,"href":"https:\/\/cus.slupno.eu\/www\/wp-json\/wp\/v2\/pages\/80\/revisions\/846"}],"wp:attachment":[{"href":"https:\/\/cus.slupno.eu\/www\/wp-json\/wp\/v2\/media?parent=80"}],"curies":[{"name":"wp","href":"https:\/\/api.w.org\/{rel}","templated":true}]}}