{"id":84,"date":"2025-07-09T14:18:27","date_gmt":"2025-07-09T12:18:27","guid":{"rendered":"https:\/\/cus.slupno.eu\/web\/?page_id=84"},"modified":"2025-07-28T12:23:34","modified_gmt":"2025-07-28T10:23:34","slug":"centrum-uslug-spolecznych-w-gminie-slupno","status":"publish","type":"page","link":"https:\/\/cus.slupno.eu\/www\/centrum-uslug-spolecznych-w-gminie-slupno\/","title":{"rendered":"Centrum Us\u0142ug Spo\u0142ecznych w Gminie S\u0142upno"},"content":{"rendered":"\n<figure class=\"wp-block-image size-large\"><img decoding=\"async\" src=\"https:\/\/cus.slupno.eu\/www\/container\/projekty\/logag.jpg\" alt=\"\"\/><\/figure>\n\n\n\n<p>Projekt \u201eCentrum Us\u0142ug Spo\u0142ecznych w Gminie S\u0141UPNO\u201d wsp\u00f3\u0142finansowany ze \u015brodk\u00f3w Europejskiego Funduszu Spo\u0142ecznego w ramach Programu Operacyjnego Wiedza, Edukacja, Rozw\u00f3j. O\u015b priorytetowa II. Efektywne polityki publiczne dla rynku pracy, gospodarki i edukacji. Dzia\u0142anie 2.8 Rozw\u00f3j us\u0142ug spo\u0142ecznych \u015bwiadczonych w \u015brodowisku lokalnym.<\/p>\n\n\n\n<p><\/p>\n","protected":false},"excerpt":{"rendered":"<p>Projekt \u201eCentrum Us\u0142ug Spo\u0142ecznych w Gminie S\u0141UPNO\u201d wsp\u00f3\u0142finansowany ze \u015brodk\u00f3w Europejskiego Funduszu Spo\u0142ecznego w ramach Programu Operacyjnego Wiedza, Edukacja, Rozw\u00f3j. O\u015b priorytetowa II. Efektywne polityki publiczne dla rynku pracy, gospodarki i edukacji. Dzia\u0142anie 2.8 Rozw\u00f3j us\u0142ug spo\u0142ecznych \u015bwiadczonych w \u015brodowisku lokalnym.<\/p>\n","protected":false},"author":2,"featured_media":0,"parent":0,"menu_order":0,"comment_status":"closed","ping_status":"closed","template":"","meta":{"footnotes":""},"class_list":["post-84","page","type-page","status-publish","hentry"],"_links":{"self":[{"href":"https:\/\/cus.slupno.eu\/www\/wp-json\/wp\/v2\/pages\/84","targetHints":{"allow":["GET"]}}],"collection":[{"href":"https:\/\/cus.slupno.eu\/www\/wp-json\/wp\/v2\/pages"}],"about":[{"href":"https:\/\/cus.slupno.eu\/www\/wp-json\/wp\/v2\/types\/page"}],"author":[{"embeddable":true,"href":"https:\/\/cus.slupno.eu\/www\/wp-json\/wp\/v2\/users\/2"}],"replies":[{"embeddable":true,"href":"https:\/\/cus.slupno.eu\/www\/wp-json\/wp\/v2\/comments?post=84"}],"version-history":[{"count":3,"href":"https:\/\/cus.slupno.eu\/www\/wp-json\/wp\/v2\/pages\/84\/revisions"}],"predecessor-version":[{"id":234,"href":"https:\/\/cus.slupno.eu\/www\/wp-json\/wp\/v2\/pages\/84\/revisions\/234"}],"wp:attachment":[{"href":"https:\/\/cus.slupno.eu\/www\/wp-json\/wp\/v2\/media?parent=84"}],"curies":[{"name":"wp","href":"https:\/\/api.w.org\/{rel}","templated":true}]}}