{"id":94,"date":"2025-07-09T14:19:58","date_gmt":"2025-07-09T12:19:58","guid":{"rendered":"https:\/\/cus.slupno.eu\/web\/?page_id=94"},"modified":"2025-07-28T13:05:31","modified_gmt":"2025-07-28T11:05:31","slug":"zespol-interdyscyplinarny","status":"publish","type":"page","link":"https:\/\/cus.slupno.eu\/www\/zespol-interdyscyplinarny\/","title":{"rendered":"Zesp\u00f3\u0142 Interdyscyplinarny"},"content":{"rendered":"\n<p class=\"has-text-align-center\"><strong>Zesp\u00f3\u0142 Interdyscyplinarny ds. Przeciwdzia\u0142ania Przemocy<br>w Rodzinie w Gminie S\u0142upno<\/strong><\/p>\n\n\n\n<p class=\"has-text-align-center\"><strong>Gminny O\u015brodek Pomocy Spo\u0142ecznej w S\u0142upnie<\/strong><\/p>\n\n\n\n<p class=\"has-text-align-center\"><strong>ul. Warszawska 26a<\/strong><\/p>\n\n\n\n<p class=\"has-text-align-center\"><strong>09-472 S\u0142upno<\/strong><\/p>\n\n\n\n<p class=\"has-text-align-center\"><strong>Tel. 24&nbsp;261 95 54<\/strong><\/p>\n\n\n\n<p>Podstaw\u0105 prawn\u0105 funkcjonowania Zespo\u0142u Interdyscyplinarnego ds. Przeciwdzia\u0142ania Przemocy w Rodzinie w gminie S\u0142upno jest Ustawa z dnia 29 lipca 2005r. o przeciwdzia\u0142aniu przemocy w rodzinie&nbsp; (Dz. U. z 2005r. Nr 180. poz. 1493 z p\u00f3\u017an. zm.) oraz Uchwa\u0142a<br>Nr 76\/XIV\/15 z dnia 6 listopada 2015r. w sprawie trybu i sposobu powo\u0142ywania<br>i odwo\u0142ywania cz\u0142onk\u00f3w Gminnego Zespo\u0142u Interdyscyplinarnego w S\u0142upnie oraz szczeg\u00f3\u0142owych warunk\u00f3w jego funkcjonowania.<\/p>\n\n\n\n<p>Zgodnie z definicj\u0105 zawart\u0105 w art. 2 pkt. 2 ustawy o przeciwdzia\u0142aniu przemocy<br>w rodzinie przemoc nale\u017cy rozumie\u0107 jako \u201e Jednorazowe albo powtarzaj\u0105ce si\u0119 umy\u015blnie dzia\u0142anie lub zaniechanie naruszaj\u0105ce prawa lub dobra osobiste os\u00f3b wymienionych w pkt. 1 (cz\u0142onek rodziny \u2013 osoba najbli\u017csza w rozumieniu art. 115 \u00a7 11 ustawy z dnia 6 czerwca 1997r. \u2013 Kodeks karny, a tak\u017ce inna osoba wsp\u00f3lnie zamieszkuj\u0105ca lub gospodaruj\u0105ca),<br>w szczeg\u00f3lno\u015bci nara\u017caj\u0105ce te osoby na niebezpiecze\u0144stwo utraty \u017cycia, zdrowia, naruszaj\u0105ce ich godno\u015b\u0107, nietykalno\u015b\u0107 cielesn\u0105, wolno\u015b\u0107, w tym seksualn\u0105, powoduj\u0105ce szkody na ich zdrowiu fizycznym lub psychicznym, a tak\u017ce wywo\u0142uj\u0105ce cierpienia<br>&nbsp;i krzywdy moralne u os\u00f3b dotkni\u0119tych przemoc\u0105.\u201d<\/p>\n\n\n\n<p>Przemoc w rodzinie przybiera r\u00f3\u017cne formy: od przemocy fizycznej, przez przemoc psychiczn\u0105 i seksualn\u0105, po przemoc ekonomiczn\u0105. Przemoc w rodzinie rzadko jest incydentem jednorazowym. Zazwyczaj ma ona charakter d\u0142ugotrwa\u0142y i cykliczny.<\/p>\n\n\n\n<p><strong>Rodzaje przemocy:<\/strong><\/p>\n\n\n\n<p>1.&nbsp;&nbsp;&nbsp;&nbsp;&nbsp; Przemoc fizyczna &#8211; obejmuje dzia\u0142ania bezpo\u015brednie, kt\u00f3re wyrz\u0105dzaj\u0105 b\u00f3l<br>i cierpienie fizyczne;<\/p>\n\n\n\n<p>2.&nbsp;&nbsp;&nbsp;&nbsp;&nbsp; Przemoc psychiczna &#8211; jest bezpo\u015brednim dzia\u0142aniem krzywdz\u0105cym, wykorzystuj\u0105cym mechanizm proces\u00f3w psychologicznych;<\/p>\n\n\n\n<p>3.&nbsp;&nbsp;&nbsp;&nbsp;&nbsp; Przemoc seksualna &#8211; dzia\u0142aj\u0105ca w obszarze zachowa\u0144 seksualnych, narusza intymno\u015b\u0107 po\u017cycia;<\/p>\n\n\n\n<p>4.&nbsp;&nbsp;&nbsp;&nbsp;&nbsp; Przemoc ekonomiczna \u2013 jest zwi\u0105zana z celowym niszczeniem czyjej\u015b w\u0142asno\u015bci, pozbawieniem \u015brodk\u00f3w do \u017cycia lub stwarzaniem warunk\u00f3w, w kt\u00f3rych nie s\u0105 zaspokajane niezb\u0119dne dla prze\u017cycia potrzeby;<\/p>\n\n\n\n<p>5.&nbsp;&nbsp;&nbsp;&nbsp;&nbsp; Zaniedbanie\u2013 to ci\u0105g\u0142e niezaspokajanie podstawowych potrzeb fizycznych<br>i emocjonalnych.<\/p>\n\n\n\n<p>Z punktu widzenia prawa przemoc jest uznawana za przest\u0119pstwo, co zobowi\u0105zuje s\u0142u\u017cby policyjne i wymiar sprawiedliwo\u015bci do interweniowania, podejmowania dzia\u0142a\u0144 na rzecz ochrony ofiar, \u015bcigania i karania sprawc\u00f3w. W zale\u017cno\u015bci od tego, czy przemoc ma charakter jednorazowy, czy si\u0119 powtarza, jest \u015bcigana z r\u00f3\u017cnych artyku\u0142\u00f3w kodeksu karnego<br>(Dz. U. z 1997 r. Nr 88, poz.533 z p\u00f3\u017an. zm.)<\/p>\n","protected":false},"excerpt":{"rendered":"<p>Zesp\u00f3\u0142 Interdyscyplinarny ds. Przeciwdzia\u0142ania Przemocyw Rodzinie w Gminie S\u0142upno Gminny O\u015brodek Pomocy Spo\u0142ecznej w S\u0142upnie ul. Warszawska 26a 09-472 S\u0142upno Tel. 24&nbsp;261 95 54 Podstaw\u0105 prawn\u0105 funkcjonowania Zespo\u0142u Interdyscyplinarnego ds. Przeciwdzia\u0142ania Przemocy w Rodzinie w gminie S\u0142upno jest Ustawa z dnia 29 lipca 2005r. o przeciwdzia\u0142aniu przemocy w rodzinie&nbsp; (Dz. U. z 2005r. Nr 180. [&hellip;]<\/p>\n","protected":false},"author":2,"featured_media":0,"parent":0,"menu_order":0,"comment_status":"closed","ping_status":"closed","template":"","meta":{"footnotes":""},"class_list":["post-94","page","type-page","status-publish","hentry"],"_links":{"self":[{"href":"https:\/\/cus.slupno.eu\/www\/wp-json\/wp\/v2\/pages\/94","targetHints":{"allow":["GET"]}}],"collection":[{"href":"https:\/\/cus.slupno.eu\/www\/wp-json\/wp\/v2\/pages"}],"about":[{"href":"https:\/\/cus.slupno.eu\/www\/wp-json\/wp\/v2\/types\/page"}],"author":[{"embeddable":true,"href":"https:\/\/cus.slupno.eu\/www\/wp-json\/wp\/v2\/users\/2"}],"replies":[{"embeddable":true,"href":"https:\/\/cus.slupno.eu\/www\/wp-json\/wp\/v2\/comments?post=94"}],"version-history":[{"count":2,"href":"https:\/\/cus.slupno.eu\/www\/wp-json\/wp\/v2\/pages\/94\/revisions"}],"predecessor-version":[{"id":243,"href":"https:\/\/cus.slupno.eu\/www\/wp-json\/wp\/v2\/pages\/94\/revisions\/243"}],"wp:attachment":[{"href":"https:\/\/cus.slupno.eu\/www\/wp-json\/wp\/v2\/media?parent=94"}],"curies":[{"name":"wp","href":"https:\/\/api.w.org\/{rel}","templated":true}]}}