{"id":98,"date":"2025-07-09T14:20:36","date_gmt":"2025-07-09T12:20:36","guid":{"rendered":"https:\/\/cus.slupno.eu\/web\/?page_id=98"},"modified":"2025-07-28T12:57:25","modified_gmt":"2025-07-28T10:57:25","slug":"ocena-zasobow-pomocy-spolecznej","status":"publish","type":"page","link":"https:\/\/cus.slupno.eu\/www\/ocena-zasobow-pomocy-spolecznej\/","title":{"rendered":"Ocena Zasob\u00f3w Pomocy Spo\u0142ecznej"},"content":{"rendered":"\n<ul class=\"wp-block-list\">\n<li><a href=\"http:\/\/ugslupno.bip.org.pl\/pliki\/ugslupno\/201703281129.pdf\">Uchwa\u0142a nr 200\/XXXV\/17 z dn.20.03.2017 r.<\/a><\/li>\n\n\n\n<li><a href=\"http:\/\/ugslupno.bip.org.pl\/pliki\/ugslupno\/116.pdf\">Uchwa\u0142a nr 116\/XIII\/18 z dn. 24.05,2018 r.<\/a><\/li>\n\n\n\n<li><a href=\"http:\/\/ugslupno.bip.org.pl\/pliki\/ugslupno\/201905211121.pdf\">Uchwa\u0142a nr 58\/VII\/19 z dn. 14 maja 2019r.<\/a><\/li>\n\n\n\n<li><a href=\"http:\/\/ugslupno.bip.org.pl\/pliki\/ugslupno\/202005061514.pdf\">Uchwa\u0142a nr 150\/XXIV\/20 z dn. 29 kwietnia 2020r.<\/a><\/li>\n\n\n\n<li><a href=\"https:\/\/cus.slupno.eu\/web\/download\/34-218.pdf\" target=\"_blank\" rel=\"noreferrer noopener\">Uchwa\u0142a Nr218\/XXXIV\/21 Rady Gminy S\u0142upno z dnia 27 kwietnia 2021r. w sprawie przyj\u0119cia oceny zasob\u00f3w pomocy spo\u0142ecznej w Gminie S\u0142upno za 2020 r.<\/a><\/li>\n\n\n\n<li><a href=\"https:\/\/cus.slupno.eu\/web\/download\/202205051340Ocena zasobow pomocy spolecznej za rok 2021.pdf\" target=\"_blank\" rel=\"noreferrer noopener\">Uchwa\u0142a NR323\/XLIX\/22 Rady Gminy S\u0142upno z dnia 28 kwietnia 2022 r. w sprawie przyj\u0119cia oceny zasob\u00f3w pomocy spo\u0142ecznej w Gminie S\u0142upno za 2021 r.<\/a><\/li>\n<\/ul>\n\n\n\n<p><\/p>\n","protected":false},"excerpt":{"rendered":"","protected":false},"author":2,"featured_media":0,"parent":0,"menu_order":0,"comment_status":"closed","ping_status":"closed","template":"","meta":{"footnotes":""},"class_list":["post-98","page","type-page","status-publish","hentry"],"_links":{"self":[{"href":"https:\/\/cus.slupno.eu\/www\/wp-json\/wp\/v2\/pages\/98","targetHints":{"allow":["GET"]}}],"collection":[{"href":"https:\/\/cus.slupno.eu\/www\/wp-json\/wp\/v2\/pages"}],"about":[{"href":"https:\/\/cus.slupno.eu\/www\/wp-json\/wp\/v2\/types\/page"}],"author":[{"embeddable":true,"href":"https:\/\/cus.slupno.eu\/www\/wp-json\/wp\/v2\/users\/2"}],"replies":[{"embeddable":true,"href":"https:\/\/cus.slupno.eu\/www\/wp-json\/wp\/v2\/comments?post=98"}],"version-history":[{"count":3,"href":"https:\/\/cus.slupno.eu\/www\/wp-json\/wp\/v2\/pages\/98\/revisions"}],"predecessor-version":[{"id":242,"href":"https:\/\/cus.slupno.eu\/www\/wp-json\/wp\/v2\/pages\/98\/revisions\/242"}],"wp:attachment":[{"href":"https:\/\/cus.slupno.eu\/www\/wp-json\/wp\/v2\/media?parent=98"}],"curies":[{"name":"wp","href":"https:\/\/api.w.org\/{rel}","templated":true}]}}